{"id":8450,"date":"2021-02-15T12:16:02","date_gmt":"2021-02-15T09:16:02","guid":{"rendered":"https:\/\/ceoparts.com\/?post_type=product&#038;p=8450"},"modified":"2026-05-16T11:34:00","modified_gmt":"2026-05-16T08:34:00","slug":"150x50-65-12-denge-tekeri","status":"publish","type":"product","link":"https:\/\/ceoparts.com\/de\/urun\/150x50-65-12-denge-tekeri\/","title":{"rendered":"150&#215;50\/65-12 Ceoparts Ausgleichsrad &#8211; 0039903515"},"content":{"rendered":"<p>150&#215;50\/65-12 Ceoparts Ausgleichsrad &#8211; 0039903515<\/p>\n<p>0039903515, 0039903514, 0039903577<\/p>\n<p>372 L14\/16<br \/>\n372 L14\/16\/L14AP\/16AP<br \/>\n379 L10\/12-L10\/12AS<\/p>","protected":false},"excerpt":{"rendered":"<p data-start=\"112\" data-end=\"533\"><br data-start=\"1635\" data-end=\"1638\" \/>Das <strong data-start=\"1642\" data-end=\"1676\">150\u00d750\/65-12 Ceoparts St\u00fctzrad<\/strong> ist ein langlebiges, hochwertiges St\u00fctzrad, das f\u00fcr Gabelstapler und schwere Maschinen entwickelt wurde. Es verf\u00fcgt \u00fcber einen robusten Metallkern und eine verschlei\u00dffeste Gummi- oder Polyurethanbeschichtung von Ceoparts, die eine lange Lebensdauer und einen leisen Betrieb gew\u00e4hrleisten. Es bietet hervorragende Balance und Stabilit\u00e4t in industriellen Umgebungen und tr\u00e4gt zur effizienten Maschinenleistung bei.<\/p>\n<p data-start=\"2091\" data-end=\"2475\"><strong data-start=\"2091\" data-end=\"2108\">Eigenschaften<\/strong><br data-start=\"2108\" data-end=\"2111\" \/><strong data-start=\"2111\" data-end=\"2127\">Produktname:<\/strong> 150\u00d750\/65-12 Ceoparts St\u00fctzrad<br data-start=\"2158\" data-end=\"2161\" \/><strong data-start=\"2161\" data-end=\"2177\">Teilenummer:<\/strong> 0039903515<br data-start=\"2188\" data-end=\"2191\" \/><strong data-start=\"2191\" data-end=\"2204\">Material:<\/strong> Robuster Metallkern, Gummi- oder Polyurethanbeschichtung<br data-start=\"2261\" data-end=\"2264\" \/><strong data-start=\"2264\" data-end=\"2286\">Anwendungsbereich:<\/strong> Balance- und St\u00fctzsystme f\u00fcr Gabelstapler und schwere Maschinen<br data-start=\"2350\" data-end=\"2353\" \/><strong data-start=\"2353\" data-end=\"2365\">Vorteil:<\/strong> Hohe Haltbarkeit, lange Lebensdauer, leiser Betrieb, hervorragende Balance und Stabilit\u00e4t, einfache Montage<\/p>\n<hr data-start=\"2477\" data-end=\"2480\" \/>\n<p data-start=\"2482\" data-end=\"2911\">\n","protected":false},"featured_media":16449,"template":"","meta":[],"product_brand":[],"product_cat":[396,185],"product_tag":[],"class_list":{"0":"post-8450","1":"product","2":"type-product","3":"status-publish","4":"has-post-thumbnail","6":"product_cat-denge-tekeri-ceo","7":"product_cat-denge-tekeri","9":"first","10":"instock","11":"taxable","12":"shipping-taxable","13":"purchasable","14":"product-type-simple"},"_links":{"self":[{"href":"https:\/\/ceoparts.com\/de\/wp-json\/wp\/v2\/product\/8450","targetHints":{"allow":["GET"]}}],"collection":[{"href":"https:\/\/ceoparts.com\/de\/wp-json\/wp\/v2\/product"}],"about":[{"href":"https:\/\/ceoparts.com\/de\/wp-json\/wp\/v2\/types\/product"}],"wp:featuredmedia":[{"embeddable":true,"href":"https:\/\/ceoparts.com\/de\/wp-json\/wp\/v2\/media\/16449"}],"wp:attachment":[{"href":"https:\/\/ceoparts.com\/de\/wp-json\/wp\/v2\/media?parent=8450"}],"wp:term":[{"taxonomy":"product_brand","embeddable":true,"href":"https:\/\/ceoparts.com\/de\/wp-json\/wp\/v2\/product_brand?post=8450"},{"taxonomy":"product_cat","embeddable":true,"href":"https:\/\/ceoparts.com\/de\/wp-json\/wp\/v2\/product_cat?post=8450"},{"taxonomy":"product_tag","embeddable":true,"href":"https:\/\/ceoparts.com\/de\/wp-json\/wp\/v2\/product_tag?post=8450"}],"curies":[{"name":"wp","href":"https:\/\/api.w.org\/{rel}","templated":true}]}}