{"id":8453,"date":"2021-02-15T12:19:44","date_gmt":"2021-02-15T09:19:44","guid":{"rendered":"https:\/\/ceoparts.com\/?post_type=product&#038;p=8453"},"modified":"2026-05-16T09:41:30","modified_gmt":"2026-05-16T06:41:30","slug":"150x54-60-20-alu-denge-tekeri","status":"publish","type":"product","link":"https:\/\/ceoparts.com\/de\/urun\/150x54-60-20-alu-denge-tekeri\/","title":{"rendered":"150&#215;54\/60-20 Alu Ausgleichsrad"},"content":{"rendered":"<p>150&#215;54\/60-20 Alu Ausgleichsrad<\/p>","protected":false},"excerpt":{"rendered":"<p data-start=\"92\" data-end=\"515\"><br data-start=\"1506\" data-end=\"1509\" \/>Das <strong data-start=\"1513\" data-end=\"1542\">150\u00d754\/60-20 Alu St\u00fctzrad<\/strong> ist ein leichtes und langlebiges St\u00fctzrad, das f\u00fcr Gabelstapler und schwere Maschinen konzipiert wurde. Sein Aluminiumgeh\u00e4use bietet Korrosionsbest\u00e4ndigkeit und reduziert das Gewicht. Ausgestattet mit einer Gummi- oder Polyurethanbeschichtung sorgt dieses St\u00fctzrad f\u00fcr einen leisen Betrieb und eine lange Lebensdauer. Es gew\u00e4hrleistet hervorragende Balance und Stabilit\u00e4t in industriellen Umgebungen.<\/p>\n<p data-start=\"1945\" data-end=\"2279\"><strong data-start=\"1945\" data-end=\"1962\">Eigenschaften<\/strong><br data-start=\"1962\" data-end=\"1965\" \/><strong data-start=\"1965\" data-end=\"1981\">Produktname:<\/strong> 150\u00d754\/60-20 Alu St\u00fctzrad<br data-start=\"2007\" data-end=\"2010\" \/><strong data-start=\"2010\" data-end=\"2023\">Material:<\/strong> Aluminiumgeh\u00e4use mit Gummi-\/Polyurethanbeschichtung<br data-start=\"2075\" data-end=\"2078\" \/><strong data-start=\"2078\" data-end=\"2100\">Anwendungsbereich:<\/strong> Balance- und St\u00fctzsystme f\u00fcr Gabelstapler und schwere Maschinen<br data-start=\"2164\" data-end=\"2167\" \/><strong data-start=\"2167\" data-end=\"2179\">Vorteil:<\/strong> Leichtbauweise, Korrosionsbest\u00e4ndigkeit, leiser Betrieb, lange Lebensdauer, hervorragende Balance<\/p>\n<hr data-start=\"2281\" data-end=\"2284\" \/>\n<p data-start=\"2286\" data-end=\"2687\">\n","protected":false},"featured_media":17643,"template":"","meta":[],"product_brand":[],"product_cat":[185],"product_tag":[],"class_list":{"0":"post-8453","1":"product","2":"type-product","3":"status-publish","4":"has-post-thumbnail","6":"product_cat-denge-tekeri","8":"first","9":"instock","10":"taxable","11":"shipping-taxable","12":"purchasable","13":"product-type-simple"},"_links":{"self":[{"href":"https:\/\/ceoparts.com\/de\/wp-json\/wp\/v2\/product\/8453","targetHints":{"allow":["GET"]}}],"collection":[{"href":"https:\/\/ceoparts.com\/de\/wp-json\/wp\/v2\/product"}],"about":[{"href":"https:\/\/ceoparts.com\/de\/wp-json\/wp\/v2\/types\/product"}],"wp:featuredmedia":[{"embeddable":true,"href":"https:\/\/ceoparts.com\/de\/wp-json\/wp\/v2\/media\/17643"}],"wp:attachment":[{"href":"https:\/\/ceoparts.com\/de\/wp-json\/wp\/v2\/media?parent=8453"}],"wp:term":[{"taxonomy":"product_brand","embeddable":true,"href":"https:\/\/ceoparts.com\/de\/wp-json\/wp\/v2\/product_brand?post=8453"},{"taxonomy":"product_cat","embeddable":true,"href":"https:\/\/ceoparts.com\/de\/wp-json\/wp\/v2\/product_cat?post=8453"},{"taxonomy":"product_tag","embeddable":true,"href":"https:\/\/ceoparts.com\/de\/wp-json\/wp\/v2\/product_tag?post=8453"}],"curies":[{"name":"wp","href":"https:\/\/api.w.org\/{rel}","templated":true}]}}