{"id":8454,"date":"2021-02-15T12:21:07","date_gmt":"2021-02-15T09:21:07","guid":{"rendered":"https:\/\/ceoparts.com\/?post_type=product&#038;p=8454"},"modified":"2026-05-16T15:08:38","modified_gmt":"2026-05-16T12:08:38","slug":"150x76-81-25-denge-tekeri","status":"publish","type":"product","link":"https:\/\/ceoparts.com\/de\/urun\/150x76-81-25-denge-tekeri\/","title":{"rendered":"150&#215;76\/81-25 MSL Ose Ausgleichsrad &#8211; 7509579, 210545, 7542704"},"content":{"rendered":"<p>150&#215;76\/81-25 MSL Ose Ausgleichsrad &#8211; 7509579, 210545, 7542704<\/p>\n<p>OL 20<br \/>\nOL 25<\/p>\n<p>OS 1.0<br \/>\nOS 1.8 X OPUS<br \/>\nOS 2.0<br \/>\nOS 2.0 TRINKS<br \/>\nOS 3.0 OPUS<\/p>\n<p>OSE 120<br \/>\nOSE 120 IKEA<br \/>\nOSE 120 P<br \/>\nOSE 180 X<br \/>\nOSE 180 XP<br \/>\nOSE 250<br \/>\nOSE 250 P<\/p>","protected":false},"excerpt":{"rendered":"<p data-start=\"123\" data-end=\"601\"><br data-start=\"1825\" data-end=\"1828\" \/>Das <strong data-start=\"1832\" data-end=\"1865\">150\u00d776\/81-25 MSL Ose St\u00fctzrad<\/strong> ist ein hochbelastbares St\u00fctzrad, das in Gabelstaplern und schweren Maschinen verwendet wird. Dieses St\u00fctzrad wird nach den Qualit\u00e4tsstandards von MSL Ose hergestellt und verf\u00fcgt \u00fcber einen robusten Metallkern mit einer verschlei\u00dffesten Gummi- oder Polyurethanbeschichtung, die eine lange Lebensdauer und einen leisen Betrieb gew\u00e4hrleistet. Es bietet hervorragende Balance und Stabilit\u00e4t in industriellen Umgebungen. Weit verbreitet in Logistik, Lagerhaltung und Produktionsst\u00e4tten.<\/p>\n<p data-start=\"2350\" data-end=\"2762\"><strong data-start=\"2350\" data-end=\"2367\">Eigenschaften<\/strong><br data-start=\"2367\" data-end=\"2370\" \/><strong data-start=\"2370\" data-end=\"2386\">Produktname:<\/strong> 150\u00d776\/81-25 MSL Ose St\u00fctzrad<br data-start=\"2416\" data-end=\"2419\" \/><strong data-start=\"2419\" data-end=\"2436\">Teilenummern:<\/strong> 7509579, 210545, 7542704<br data-start=\"2461\" data-end=\"2464\" \/><strong data-start=\"2464\" data-end=\"2477\">Material:<\/strong> Verschlei\u00dffeste Gummi-\/Polyurethanbeschichtung und robuster Metallkern<br data-start=\"2548\" data-end=\"2551\" \/><strong data-start=\"2551\" data-end=\"2573\">Anwendungsbereich:<\/strong> Balance- und St\u00fctzsystme f\u00fcr Gabelstapler und schwere Maschinen<br data-start=\"2637\" data-end=\"2640\" \/><strong data-start=\"2640\" data-end=\"2652\">Vorteil:<\/strong> Hohe Haltbarkeit, lange Lebensdauer, leiser Betrieb, hervorragende Balance und Stabilit\u00e4t, einfache Montage<\/p>\n<hr data-start=\"2764\" data-end=\"2767\" \/>\n<p data-start=\"2769\" data-end=\"3260\">\n","protected":false},"featured_media":15101,"template":"","meta":[],"product_brand":[],"product_cat":[395,396,185],"product_tag":[],"class_list":{"0":"post-8454","1":"product","2":"type-product","3":"status-publish","4":"has-post-thumbnail","6":"product_cat-ceoparts","7":"product_cat-denge-tekeri-ceo","8":"product_cat-denge-tekeri","10":"first","11":"instock","12":"taxable","13":"shipping-taxable","14":"purchasable","15":"product-type-simple"},"_links":{"self":[{"href":"https:\/\/ceoparts.com\/de\/wp-json\/wp\/v2\/product\/8454","targetHints":{"allow":["GET"]}}],"collection":[{"href":"https:\/\/ceoparts.com\/de\/wp-json\/wp\/v2\/product"}],"about":[{"href":"https:\/\/ceoparts.com\/de\/wp-json\/wp\/v2\/types\/product"}],"wp:featuredmedia":[{"embeddable":true,"href":"https:\/\/ceoparts.com\/de\/wp-json\/wp\/v2\/media\/15101"}],"wp:attachment":[{"href":"https:\/\/ceoparts.com\/de\/wp-json\/wp\/v2\/media?parent=8454"}],"wp:term":[{"taxonomy":"product_brand","embeddable":true,"href":"https:\/\/ceoparts.com\/de\/wp-json\/wp\/v2\/product_brand?post=8454"},{"taxonomy":"product_cat","embeddable":true,"href":"https:\/\/ceoparts.com\/de\/wp-json\/wp\/v2\/product_cat?post=8454"},{"taxonomy":"product_tag","embeddable":true,"href":"https:\/\/ceoparts.com\/de\/wp-json\/wp\/v2\/product_tag?post=8454"}],"curies":[{"name":"wp","href":"https:\/\/api.w.org\/{rel}","templated":true}]}}