{"id":8460,"date":"2021-02-15T13:15:27","date_gmt":"2021-02-15T10:15:27","guid":{"rendered":"https:\/\/ceoparts.com\/?post_type=product&#038;p=8460"},"modified":"2026-05-16T06:21:12","modified_gmt":"2026-05-16T03:21:12","slug":"230x85-o80x25mm-yuk-tekeri","status":"publish","type":"product","link":"https:\/\/ceoparts.com\/de\/urun\/230x85-o80x25mm-yuk-tekeri\/","title":{"rendered":"230&#215;85-40 Stellana Vulkollan Lastrad &#8211; 50440384, 51758809"},"content":{"rendered":"<p>230&#215;85-40 Stellana Vulkollan Lastrad &#8211; 50440384, 51758809<\/p>\n<p>Jungheinrich<\/p>\n<p>ETV 110\/112\u00a011.05 &#8211; 6.14<br \/>\nETV 110\/112 (US)\u00a01.11 &#8211; 6.14<br \/>\nETM\/V 214-325 Cab\u00a09.11 &#8211;<br \/>\nETV 110\/112 (CN)\u00a012.11 &#8211; 6.14<br \/>\nETV 110\/112\u00a05.14 &#8211;<br \/>\nETV 110\/112 (US)\u00a05.14 &#8211;<br \/>\nETV 110\/112 (CN)\u00a05.14 &#8211;<br \/>\nReach trucks\u00a07.13 &#8211;<br \/>\nET 210-212 2021\u00a02.22 &#8211;<br \/>\nET 210-212 2021 (US)\u00a02.22 &#8211;<br \/>\nET 210-212 2021 (CN)\u00a02.22 &#8211;<\/p>","protected":false},"excerpt":{"rendered":"<p data-start=\"123\" data-end=\"621\"><br data-start=\"1818\" data-end=\"1821\" \/>Das <strong data-start=\"1825\" data-end=\"1867\">230\u00d785-40 Stellana Vulkollan Lastenrad<\/strong> ist ein robustes, leistungsstarkes Lastenrad, das speziell f\u00fcr Gabelstapler und Schwerlastger\u00e4te entwickelt wurde. Dank der Vulkollan-Beschichtung bietet es hervorragende Verschlei\u00dffestigkeit und \u00fcberlegene Sto\u00dfd\u00e4mpfung. Dies gew\u00e4hrleistet eine lange Lebensdauer und einen leisen Betrieb. Die robuste Konstruktion verbessert die Stabilit\u00e4t des Gabelstaplers und liefert herausragende Leistung in anspruchsvollen industriellen Umgebungen. Ideal f\u00fcr Logistik, Produktion und Schwerindustrie.<\/p>\n<p data-start=\"2359\" data-end=\"2714\"><strong data-start=\"2359\" data-end=\"2376\">Eigenschaften<\/strong><br data-start=\"2376\" data-end=\"2379\" \/><strong data-start=\"2379\" data-end=\"2395\">Produktname:<\/strong> 230\u00d785-40 Stellana Vulkollan Lastenrad<br data-start=\"2434\" data-end=\"2437\" \/><strong data-start=\"2437\" data-end=\"2453\">Teilenummer:<\/strong> 50440384, 51758809<br data-start=\"2472\" data-end=\"2475\" \/><strong data-start=\"2475\" data-end=\"2488\">Material:<\/strong> Vulkollan-Beschichtung und stabiler Metallkern<br data-start=\"2535\" data-end=\"2538\" \/><strong data-start=\"2538\" data-end=\"2560\">Anwendungsbereich:<\/strong> Gabelstapler- und Schwerlastsysteme<br data-start=\"2596\" data-end=\"2599\" \/><strong data-start=\"2599\" data-end=\"2611\">Vorteil:<\/strong> Hohe Verschlei\u00dffestigkeit, \u00fcberlegene Sto\u00dfd\u00e4mpfung, leiser und langlebiger Betrieb, einfache Montage<\/p>\n<hr data-start=\"2716\" data-end=\"2719\" \/>\n<p data-start=\"2721\" data-end=\"3245\">\n","protected":false},"featured_media":11007,"template":"","meta":[],"product_brand":[],"product_cat":[236,240,416,419,194],"product_tag":[],"class_list":{"0":"post-8460","1":"product","2":"type-product","3":"status-publish","4":"has-post-thumbnail","6":"product_cat-jungheinrich","7":"product_cat-yuk-tekeri-jungheinrich","8":"product_cat-stellana","9":"product_cat-yuk-tekeri-stellana","10":"product_cat-yuk-tekeri","12":"first","13":"instock","14":"taxable","15":"shipping-taxable","16":"purchasable","17":"product-type-simple"},"_links":{"self":[{"href":"https:\/\/ceoparts.com\/de\/wp-json\/wp\/v2\/product\/8460","targetHints":{"allow":["GET"]}}],"collection":[{"href":"https:\/\/ceoparts.com\/de\/wp-json\/wp\/v2\/product"}],"about":[{"href":"https:\/\/ceoparts.com\/de\/wp-json\/wp\/v2\/types\/product"}],"wp:featuredmedia":[{"embeddable":true,"href":"https:\/\/ceoparts.com\/de\/wp-json\/wp\/v2\/media\/11007"}],"wp:attachment":[{"href":"https:\/\/ceoparts.com\/de\/wp-json\/wp\/v2\/media?parent=8460"}],"wp:term":[{"taxonomy":"product_brand","embeddable":true,"href":"https:\/\/ceoparts.com\/de\/wp-json\/wp\/v2\/product_brand?post=8460"},{"taxonomy":"product_cat","embeddable":true,"href":"https:\/\/ceoparts.com\/de\/wp-json\/wp\/v2\/product_cat?post=8460"},{"taxonomy":"product_tag","embeddable":true,"href":"https:\/\/ceoparts.com\/de\/wp-json\/wp\/v2\/product_tag?post=8460"}],"curies":[{"name":"wp","href":"https:\/\/api.w.org\/{rel}","templated":true}]}}