{"id":8463,"date":"2021-02-15T13:38:38","date_gmt":"2021-02-15T10:38:38","guid":{"rendered":"https:\/\/ceoparts.com\/?post_type=product&#038;p=8463"},"modified":"2026-05-16T10:40:22","modified_gmt":"2026-05-16T07:40:22","slug":"285x85-yuk-tekeri","status":"publish","type":"product","link":"https:\/\/ceoparts.com\/de\/urun\/285x85-yuk-tekeri\/","title":{"rendered":"285&#215;85-75 Stellana Vulkollan Lastrad &#8211; 215806"},"content":{"rendered":"<p>285&#215;85-75 Stellana Vulkollan Lastrad &#8211; 215806<\/p>\n<p>BT,Toyota 280&#215;85\/75\u00a0 215806<\/p>\n<p>RR B1-B3 REFLEX AC<\/p>\n<p>RR B1CC-3CC<\/p>\n<p>RR E1-E3 REFLEX AC<\/p>\n<p>RR E1CC-E3CC<\/p>\n<p>RR M12 REFLEX<\/p>\n<p>RR M12C REFLEX<\/p>\n<p>RR M14 REFLEX<\/p>\n<p>RR M14 C\u00a0REFLEX<\/p>\n<p>RR M16 REFLEX<\/p>\n<p>RR M16C REFLEX<\/p>\n<p>RRE120M<\/p>\n<p>RRE140M\/MC\/160M\/MC<\/p>","protected":false},"excerpt":{"rendered":"<p data-start=\"131\" data-end=\"1063\"><br data-start=\"1988\" data-end=\"1991\" \/>Das 285\u00d785-75 Stellana Vulkollan Lastenrad ist ein Hochleistungs-Industrierad, speziell entwickelt f\u00fcr schwere Lasttransporte mit Gabelstaplern und Hubwagen. Dank der Stellana Vulkollan-Beschichtungstechnologie bietet es au\u00dfergew\u00f6hnliche Verschlei\u00dffestigkeit und Sto\u00dfd\u00e4mpfung. Die hohe Tragf\u00e4higkeit sorgt f\u00fcr Stabilit\u00e4t und Man\u00f6vrierf\u00e4higkeit bei schweren Lasten. Langlebiger, sicherer und spurenloser Betrieb in Lager-, Logistik- und Industrieumgebungen. Stabil auf verschiedenen Bodenarten, steigert die Maschinenleistung deutlich.<br data-start=\"2525\" data-end=\"2528\" \/><strong data-start=\"2528\" data-end=\"2546\">Eigenschaften:<\/strong><br data-start=\"2546\" data-end=\"2549\" \/><strong data-start=\"2549\" data-end=\"2565\">Produktname:<\/strong> 285\u00d785-75 Stellana Vulkollan Lastenrad<br data-start=\"2604\" data-end=\"2607\" \/><strong data-start=\"2607\" data-end=\"2623\">Teilenummer:<\/strong> 215806<br data-start=\"2630\" data-end=\"2633\" \/><strong data-start=\"2633\" data-end=\"2646\">Material:<\/strong> Vulkollan-Beschichtung, hochfester Kern<br data-start=\"2686\" data-end=\"2689\" \/><strong data-start=\"2689\" data-end=\"2708\">Einsatzbereich:<\/strong> Gabelstapler- und Hubwagen-Lasttransportsysteme<br data-start=\"2756\" data-end=\"2759\" \/><strong data-start=\"2759\" data-end=\"2771\">Vorteil:<\/strong> Hervorragende Verschlei\u00df- und Sto\u00dffestigkeit, hohe Tragkraft, leiser und langlebiger Einsatz<\/p>\n<p data-start=\"2868\" data-end=\"3874\">\n","protected":false},"featured_media":11553,"template":"","meta":[],"product_brand":[],"product_cat":[419,521,528,251,255,416,194],"product_tag":[],"class_list":{"0":"post-8463","1":"product","2":"type-product","3":"status-publish","4":"has-post-thumbnail","6":"product_cat-yuk-tekeri-stellana","7":"product_cat-toyota","8":"product_cat-yuk-tekeri-toyota","9":"product_cat-bt","10":"product_cat-yuk-tekeri-bt","11":"product_cat-stellana","12":"product_cat-yuk-tekeri","14":"first","15":"instock","16":"taxable","17":"shipping-taxable","18":"purchasable","19":"product-type-simple"},"_links":{"self":[{"href":"https:\/\/ceoparts.com\/de\/wp-json\/wp\/v2\/product\/8463","targetHints":{"allow":["GET"]}}],"collection":[{"href":"https:\/\/ceoparts.com\/de\/wp-json\/wp\/v2\/product"}],"about":[{"href":"https:\/\/ceoparts.com\/de\/wp-json\/wp\/v2\/types\/product"}],"wp:featuredmedia":[{"embeddable":true,"href":"https:\/\/ceoparts.com\/de\/wp-json\/wp\/v2\/media\/11553"}],"wp:attachment":[{"href":"https:\/\/ceoparts.com\/de\/wp-json\/wp\/v2\/media?parent=8463"}],"wp:term":[{"taxonomy":"product_brand","embeddable":true,"href":"https:\/\/ceoparts.com\/de\/wp-json\/wp\/v2\/product_brand?post=8463"},{"taxonomy":"product_cat","embeddable":true,"href":"https:\/\/ceoparts.com\/de\/wp-json\/wp\/v2\/product_cat?post=8463"},{"taxonomy":"product_tag","embeddable":true,"href":"https:\/\/ceoparts.com\/de\/wp-json\/wp\/v2\/product_tag?post=8463"}],"curies":[{"name":"wp","href":"https:\/\/api.w.org\/{rel}","templated":true}]}}