{"id":8465,"date":"2021-02-15T13:42:49","date_gmt":"2021-02-15T10:42:49","guid":{"rendered":"https:\/\/ceoparts.com\/?post_type=product&#038;p=8465"},"modified":"2026-05-16T17:15:12","modified_gmt":"2026-05-16T14:15:12","slug":"285x100-40-ceo-yuk-tekeri-51115430-51160625","status":"publish","type":"product","link":"https:\/\/ceoparts.com\/de\/urun\/285x100-40-ceo-yuk-tekeri-51115430-51160625\/","title":{"rendered":"285&#215;100-40 Ceoparts Lastrad -51115430, 51160625"},"content":{"rendered":"<p>285&#215;100-40 Ceoparts Lastrad -51115430, 51160625<\/p>\n<table border=\"0\" width=\"231\" cellspacing=\"0\" cellpadding=\"0\">\n<colgroup><\/colgroup>\n<colgroup>\n<col width=\"167\" \/>\n<col width=\"64\" \/><\/colgroup>\n<tbody>\n<tr>\n<td width=\"167\" height=\"20\"><span style=\"font-family: tim;\">ETM\/V 214\/216<\/span><\/td>\n<td width=\"64\"><span style=\"font-family: tim;\">9.11 &#8211;\u00a0<\/span><\/td>\n<\/tr>\n<tr>\n<td height=\"20\"><span style=\"font-family: tim;\">ETM\/V 214\/216 (US)<\/span><\/td>\n<td><span style=\"font-family: tim;\">9.11 &#8211;\u00a0<\/span><\/td>\n<\/tr>\n<tr>\n<td height=\"20\"><span style=\"font-family: tim;\">ETM\/V 214\/216 Cab<\/span><\/td>\n<td><span style=\"font-family: tim;\">9.11 &#8211;\u00a0<\/span><\/td>\n<\/tr>\n<tr>\n<td height=\"20\"><span style=\"font-family: tim;\">ETM\/V 214\/216 (CN)<\/span><\/td>\n<td><span style=\"font-family: tim;\">12.11 &#8211;\u00a0<\/span><\/td>\n<\/tr>\n<\/tbody>\n<\/table>","protected":false},"excerpt":{"rendered":"<p data-start=\"133\" data-end=\"1118\"><br data-start=\"2078\" data-end=\"2081\" \/>Das 285\u00d7100-40 Ceoparts Lastenrad ist ein hochbelastbares Industrierad f\u00fcr schwere Lasttransporte mit Gabelstaplern und Hubwagen. Hergestellt nach den hohen Qualit\u00e4tsstandards von Ceoparts, bietet es hervorragende Verschlei\u00df- und Sto\u00dffestigkeit mit Polyurethan- oder Gummibeschichtung. Durch das breite Profil sorgt es f\u00fcr maximale Bodenhaftung, verbessert die Stabilit\u00e4t und verhindert ein Abrutschen. Langlebig und leistungsstark, steigert es die Maschinenleistung und Arbeitssicherheit in Lager-, Fabrik- und Logistikbereichen. Leiser, spurenloser Einsatz auf unterschiedlichen B\u00f6den.<br data-start=\"2668\" data-end=\"2671\" \/><strong data-start=\"2671\" data-end=\"2689\">Eigenschaften:<\/strong><br data-start=\"2689\" data-end=\"2692\" \/><strong data-start=\"2692\" data-end=\"2708\">Produktname:<\/strong> 285\u00d7100-40 Ceoparts Lastenrad<br data-start=\"2738\" data-end=\"2741\" \/><strong data-start=\"2741\" data-end=\"2758\">Teilenummern:<\/strong> 51115430, 51160625<br data-start=\"2777\" data-end=\"2780\" \/><strong data-start=\"2780\" data-end=\"2793\">Material:<\/strong> Polyurethan- oder hochfeste Gummibeschichtung<br data-start=\"2839\" data-end=\"2842\" \/><strong data-start=\"2842\" data-end=\"2861\">Einsatzbereich:<\/strong> Gabelstapler- und Hubwagen-Lasttransportsysteme<br data-start=\"2909\" data-end=\"2912\" \/><strong data-start=\"2912\" data-end=\"2924\">Vorteil:<\/strong> Hohe Tragkraft, breite Kontaktfl\u00e4che, verschlei\u00df- und sto\u00dffest, leiser und langlebiger Einsatz<\/p>\n<p data-start=\"3023\" data-end=\"4017\">\n","protected":false},"featured_media":11023,"template":"","meta":[],"product_brand":[],"product_cat":[399,194],"product_tag":[],"class_list":{"0":"post-8465","1":"product","2":"type-product","3":"status-publish","4":"has-post-thumbnail","6":"product_cat-yuk-tekeri-ceo","7":"product_cat-yuk-tekeri","9":"first","10":"instock","11":"taxable","12":"shipping-taxable","13":"purchasable","14":"product-type-simple"},"_links":{"self":[{"href":"https:\/\/ceoparts.com\/de\/wp-json\/wp\/v2\/product\/8465","targetHints":{"allow":["GET"]}}],"collection":[{"href":"https:\/\/ceoparts.com\/de\/wp-json\/wp\/v2\/product"}],"about":[{"href":"https:\/\/ceoparts.com\/de\/wp-json\/wp\/v2\/types\/product"}],"wp:featuredmedia":[{"embeddable":true,"href":"https:\/\/ceoparts.com\/de\/wp-json\/wp\/v2\/media\/11023"}],"wp:attachment":[{"href":"https:\/\/ceoparts.com\/de\/wp-json\/wp\/v2\/media?parent=8465"}],"wp:term":[{"taxonomy":"product_brand","embeddable":true,"href":"https:\/\/ceoparts.com\/de\/wp-json\/wp\/v2\/product_brand?post=8465"},{"taxonomy":"product_cat","embeddable":true,"href":"https:\/\/ceoparts.com\/de\/wp-json\/wp\/v2\/product_cat?post=8465"},{"taxonomy":"product_tag","embeddable":true,"href":"https:\/\/ceoparts.com\/de\/wp-json\/wp\/v2\/product_tag?post=8465"}],"curies":[{"name":"wp","href":"https:\/\/api.w.org\/{rel}","templated":true}]}}