{"id":8466,"date":"2021-02-15T13:49:06","date_gmt":"2021-02-15T10:49:06","guid":{"rendered":"https:\/\/ceoparts.com\/?post_type=product&#038;p=8466"},"modified":"2026-05-16T15:12:24","modified_gmt":"2026-05-16T12:12:24","slug":"285x100-40-yuk-tekeri-3","status":"publish","type":"product","link":"https:\/\/ceoparts.com\/de\/urun\/285x100-40-yuk-tekeri-3\/","title":{"rendered":"285&#215;100-40 Ceoparts Lastrad &#8211; Vertiefte Schraube &#8211; 51160629"},"content":{"rendered":"<p>285&#215;100-40 Ceoparts Lastrad &#8211; Vertiefte Schraube &#8211; 51160629<\/p>\n<p>Vulkollan\u00a0 Jugheinrich 51160629<\/p>\n<p>OEM STELLANA PT+<\/p>\n<p>&nbsp;<\/p>\n<table border=\"0\" width=\"224\" cellspacing=\"0\" cellpadding=\"0\">\n<colgroup>\n<col width=\"160\" \/>\n<col width=\"64\" \/><\/colgroup>\n<tbody>\n<tr>\n<td width=\"160\" height=\"20\">ETM\/V 318-325 (US)<\/td>\n<td width=\"64\">10.13 &#8211;<\/td>\n<\/tr>\n<tr>\n<td height=\"20\">ETM\/V 318-325 (CN)<\/td>\n<td>10.13 &#8211;<\/td>\n<\/tr>\n<tr>\n<td height=\"20\">ETM\/V 318-325<\/td>\n<td>10.13 &#8211;<\/td>\n<\/tr>\n<tr>\n<td height=\"20\">ETM\/V 214\/216 (US)<\/td>\n<td>9.11 &#8211;<\/td>\n<\/tr>\n<tr>\n<td height=\"20\">ETM\/V 214\/216 (CN)<\/td>\n<td>12.11 &#8211;<\/td>\n<\/tr>\n<tr>\n<td height=\"20\">ETM\/V 214\/216<\/td>\n<td>9.11 &#8211;<\/td>\n<\/tr>\n<tr>\n<td height=\"20\">ETM\/V 214-325 Cab<\/td>\n<td>9.11 &#8211;<\/td>\n<\/tr>\n<tr>\n<td height=\"20\">EJE 220X \/ EFG BR 2\/3<\/td>\n<\/tr>\n<\/tbody>\n<\/table>","protected":false},"excerpt":{"rendered":"<p data-start=\"142\" data-end=\"1217\"><br data-start=\"2232\" data-end=\"2235\" \/>Das 285\u00d7100-40 Ceoparts Lastenrad mit versenkten Bolzen ist ein hochbelastbares Industrierad f\u00fcr schwere Lasttransporte mit Gabelstaplern und Hubwagen. Durch die versenkte Bolzenstruktur schlie\u00dfen die Schraubenk\u00f6pfe b\u00fcndig mit der Radoberfl\u00e4che ab, was eine sicherere und stabilere Montage erm\u00f6glicht. Die Polyurethan- oder hochfeste Gummibeschichtung bietet hervorragende Verschlei\u00df- und Sto\u00dffestigkeit. Das breite Profil sorgt f\u00fcr maximalen Bodenkontakt und verhindert ein Abrutschen. Ideal f\u00fcr Lager-, Logistik- und Industrieeins\u00e4tze mit leiser, spurenloser und langlebiger Leistung.<br data-start=\"2821\" data-end=\"2824\" \/><strong data-start=\"2824\" data-end=\"2842\">Eigenschaften:<\/strong><br data-start=\"2842\" data-end=\"2845\" \/><strong data-start=\"2845\" data-end=\"2861\">Produktname:<\/strong> 285\u00d7100-40 Ceoparts Lastenrad \u2013 Versenkter Bolzen<br data-start=\"2911\" data-end=\"2914\" \/><strong data-start=\"2914\" data-end=\"2930\">Teilenummer:<\/strong> 51160629<br data-start=\"2939\" data-end=\"2942\" \/><strong data-start=\"2942\" data-end=\"2955\">Material:<\/strong> Polyurethan- oder hochfeste Gummibeschichtung<br data-start=\"3001\" data-end=\"3004\" \/><strong data-start=\"3004\" data-end=\"3023\">Einsatzbereich:<\/strong> Gabelstapler- und Hubwagen-Lasttransportsysteme<br data-start=\"3071\" data-end=\"3074\" \/><strong data-start=\"3074\" data-end=\"3086\">Vorteil:<\/strong> Hohe Tragkraft, versenkte Bolzenkonstruktion, verschlei\u00df- und sto\u00dffest, leiser und langlebiger Einsatz<\/p>\n<p data-start=\"3193\" data-end=\"4212\">\n","protected":false},"featured_media":11036,"template":"","meta":[],"product_brand":[],"product_cat":[399,194],"product_tag":[],"class_list":{"0":"post-8466","1":"product","2":"type-product","3":"status-publish","4":"has-post-thumbnail","6":"product_cat-yuk-tekeri-ceo","7":"product_cat-yuk-tekeri","9":"first","10":"instock","11":"taxable","12":"shipping-taxable","13":"purchasable","14":"product-type-simple"},"_links":{"self":[{"href":"https:\/\/ceoparts.com\/de\/wp-json\/wp\/v2\/product\/8466","targetHints":{"allow":["GET"]}}],"collection":[{"href":"https:\/\/ceoparts.com\/de\/wp-json\/wp\/v2\/product"}],"about":[{"href":"https:\/\/ceoparts.com\/de\/wp-json\/wp\/v2\/types\/product"}],"wp:featuredmedia":[{"embeddable":true,"href":"https:\/\/ceoparts.com\/de\/wp-json\/wp\/v2\/media\/11036"}],"wp:attachment":[{"href":"https:\/\/ceoparts.com\/de\/wp-json\/wp\/v2\/media?parent=8466"}],"wp:term":[{"taxonomy":"product_brand","embeddable":true,"href":"https:\/\/ceoparts.com\/de\/wp-json\/wp\/v2\/product_brand?post=8466"},{"taxonomy":"product_cat","embeddable":true,"href":"https:\/\/ceoparts.com\/de\/wp-json\/wp\/v2\/product_cat?post=8466"},{"taxonomy":"product_tag","embeddable":true,"href":"https:\/\/ceoparts.com\/de\/wp-json\/wp\/v2\/product_tag?post=8466"}],"curies":[{"name":"wp","href":"https:\/\/api.w.org\/{rel}","templated":true}]}}