{"id":8479,"date":"2021-02-15T15:41:54","date_gmt":"2021-02-15T12:41:54","guid":{"rendered":"https:\/\/ceoparts.com\/?post_type=product&#038;p=8479"},"modified":"2026-05-16T20:32:55","modified_gmt":"2026-05-16T17:32:55","slug":"406x178-110-12-185-235-160-yuruyus-tekeri","status":"publish","type":"product","link":"https:\/\/ceoparts.com\/de\/urun\/406x178-110-12-185-235-160-yuruyus-tekeri\/","title":{"rendered":"406&#215;178-110 12 18,5\/23,5 160 Walking Wheel"},"content":{"rendered":"<p>406&#215;178-110 12 18,5\/23,5 160 Walking Wheel<\/p>","protected":false},"excerpt":{"rendered":"<p data-start=\"107\" data-end=\"602\"><br data-start=\"1767\" data-end=\"1770\" \/>Die <strong data-start=\"1774\" data-end=\"1816\">406\u00d7178-110 12 18,5\/23,5 160 Laufrolle<\/strong> ist f\u00fcr Gabelstapler und Baumaschinen konzipiert und f\u00fcr den Schwerstbetrieb ausgelegt. Die breite Oberfl\u00e4che und der 160 mm Felgendurchmesser bieten eine hohe Tragf\u00e4higkeit. Mit der Struktur Typ 12 und den Ma\u00dfen 18,5\/23,5 sorgt sie f\u00fcr eine stabile und sichere Maschinenbewegung. Strapazierf\u00e4higes Gummimaterial und ein robuster Metallk\u00f6rper reduzieren Vibrationen und erh\u00f6hen den Bedienkomfort. Lange Lebensdauer und einfache Wartung steigern die Arbeitseffizienz.<\/p>\n<p data-start=\"2285\" data-end=\"2656\"><strong data-start=\"2285\" data-end=\"2302\">Eigenschaften<\/strong><br data-start=\"2302\" data-end=\"2305\" \/><strong data-start=\"2305\" data-end=\"2321\">Produktname:<\/strong> 12 18,5\/23,5 160 Laufrolle<br data-start=\"2348\" data-end=\"2351\" \/><strong data-start=\"2351\" data-end=\"2361\">Gr\u00f6\u00dfe:<\/strong> 406\u00d7178-110<br data-start=\"2373\" data-end=\"2376\" \/><strong data-start=\"2376\" data-end=\"2384\">Typ:<\/strong> 12<br data-start=\"2387\" data-end=\"2390\" \/><strong data-start=\"2390\" data-end=\"2412\">Felgendurchmesser:<\/strong> 160 mm<br data-start=\"2419\" data-end=\"2422\" \/><strong data-start=\"2422\" data-end=\"2435\">Material:<\/strong> Strapazierf\u00e4higer Gummi, Metallk\u00f6rper<br data-start=\"2473\" data-end=\"2476\" \/><strong data-start=\"2476\" data-end=\"2498\">Anwendungsbereich:<\/strong> Fahrwerkssystem f\u00fcr Gabelstapler und Baumaschinen<br data-start=\"2548\" data-end=\"2551\" \/><strong data-start=\"2551\" data-end=\"2563\">Vorteil:<\/strong> Hohe Tragf\u00e4higkeit, Vibrationsreduzierung, lange Lebensdauer, Stabilit\u00e4t, einfache Wartung<\/p>\n<p data-start=\"2658\" data-end=\"3166\">\n","protected":false},"featured_media":17675,"template":"","meta":[],"product_brand":[],"product_cat":[193],"product_tag":[],"class_list":{"0":"post-8479","1":"product","2":"type-product","3":"status-publish","4":"has-post-thumbnail","6":"product_cat-yuruyus-tekeri","8":"first","9":"instock","10":"taxable","11":"shipping-taxable","12":"purchasable","13":"product-type-simple"},"_links":{"self":[{"href":"https:\/\/ceoparts.com\/de\/wp-json\/wp\/v2\/product\/8479","targetHints":{"allow":["GET"]}}],"collection":[{"href":"https:\/\/ceoparts.com\/de\/wp-json\/wp\/v2\/product"}],"about":[{"href":"https:\/\/ceoparts.com\/de\/wp-json\/wp\/v2\/types\/product"}],"wp:featuredmedia":[{"embeddable":true,"href":"https:\/\/ceoparts.com\/de\/wp-json\/wp\/v2\/media\/17675"}],"wp:attachment":[{"href":"https:\/\/ceoparts.com\/de\/wp-json\/wp\/v2\/media?parent=8479"}],"wp:term":[{"taxonomy":"product_brand","embeddable":true,"href":"https:\/\/ceoparts.com\/de\/wp-json\/wp\/v2\/product_brand?post=8479"},{"taxonomy":"product_cat","embeddable":true,"href":"https:\/\/ceoparts.com\/de\/wp-json\/wp\/v2\/product_cat?post=8479"},{"taxonomy":"product_tag","embeddable":true,"href":"https:\/\/ceoparts.com\/de\/wp-json\/wp\/v2\/product_tag?post=8479"}],"curies":[{"name":"wp","href":"https:\/\/api.w.org\/{rel}","templated":true}]}}