{"id":8480,"date":"2021-02-15T15:45:49","date_gmt":"2021-02-15T12:45:49","guid":{"rendered":"https:\/\/ceoparts.com\/?post_type=product&#038;p=8480"},"modified":"2026-05-16T17:33:50","modified_gmt":"2026-05-16T14:33:50","slug":"400x160-110-10b-155-24-145-yuruyus-tekeri","status":"publish","type":"product","link":"https:\/\/ceoparts.com\/de\/urun\/400x160-110-10b-155-24-145-yuruyus-tekeri\/","title":{"rendered":"400&#215;160-110 10B Rad Vogel Geh Rad &#8211; 51356844, 51701139"},"content":{"rendered":"<p>400&#215;160-110 10B Rad Vogel Geh Rad &#8211; 51356844, 51701139<\/p>\n<p>Jungheinrich 51356844, 51701139<\/p>\n<p>Reach trucks\u00a07.13 &#8211;<br \/>\nEKX 514\/516 (2015)\u00a09.15 &#8211;<br \/>\nEKX 514\/516 (2015) (US)\u00a09.15 &#8211;<\/p>","protected":false},"excerpt":{"rendered":"<p data-start=\"127\" data-end=\"672\"><br data-start=\"1928\" data-end=\"1931\" \/>Die <strong data-start=\"1935\" data-end=\"1997\">400\u00d7160-110 10B Rader Vogel Laufrolle \u2013 51356844, 51701139<\/strong> ist f\u00fcr Gabelstapler und Baumaschinen konzipiert und bietet hohe Qualit\u00e4t und Haltbarkeit. Hergestellt aus zuverl\u00e4ssigen Materialien von Rader Vogel, ist diese Laufrolle widerstandsf\u00e4hig gegen Schwerstarbeit. Die 10B-Typ-Struktur sorgt f\u00fcr eine stabile Maschinenbewegung und erh\u00f6ht den Bedienkomfort. Die strapazierf\u00e4hige Gummi-Au\u00dfenschicht minimiert Vibrationen. Der verst\u00e4rkte Metallk\u00f6rper bietet eine lange Lebensdauer. Einfache Wartung und hohe Verschlei\u00dffestigkeit unterst\u00fctzen die Arbeitseffizienz.<\/p>\n<p data-start=\"2504\" data-end=\"2892\"><strong data-start=\"2504\" data-end=\"2521\">Eigenschaften<\/strong><br data-start=\"2521\" data-end=\"2524\" \/><strong data-start=\"2524\" data-end=\"2540\">Produktname:<\/strong> 10B Rader Vogel Laufrolle<br data-start=\"2566\" data-end=\"2569\" \/><strong data-start=\"2569\" data-end=\"2586\">Teilenummern:<\/strong> 51356844, 51701139<br data-start=\"2605\" data-end=\"2608\" \/><strong data-start=\"2608\" data-end=\"2618\">Gr\u00f6\u00dfe:<\/strong> 400\u00d7160-110<br data-start=\"2630\" data-end=\"2633\" \/><strong data-start=\"2633\" data-end=\"2641\">Typ:<\/strong> 10B<br data-start=\"2645\" data-end=\"2648\" \/><strong data-start=\"2648\" data-end=\"2661\">Material:<\/strong> Strapazierf\u00e4higer Gummi, verst\u00e4rkter Metallk\u00f6rper<br data-start=\"2711\" data-end=\"2714\" \/><strong data-start=\"2714\" data-end=\"2736\">Anwendungsbereich:<\/strong> Fahrwerkssystem f\u00fcr Gabelstapler und Baumaschinen<br data-start=\"2786\" data-end=\"2789\" \/><strong data-start=\"2789\" data-end=\"2801\">Vorteil:<\/strong> Hohe Haltbarkeit, Vibrationsreduzierung, lange Lebensdauer, Stabilit\u00e4t, einfache Wartung<\/p>\n<p data-start=\"2894\" data-end=\"3461\">\n","protected":false},"featured_media":11558,"template":"","meta":[],"product_brand":[],"product_cat":[427,429,236,239,193],"product_tag":[],"class_list":{"0":"post-8480","1":"product","2":"type-product","3":"status-publish","4":"has-post-thumbnail","6":"product_cat-vulkoprin","7":"product_cat-yuruyus-tekeri-vulkoprin","8":"product_cat-jungheinrich","9":"product_cat-yuruyus-tekeri-jungheinrich","10":"product_cat-yuruyus-tekeri","12":"first","13":"instock","14":"taxable","15":"shipping-taxable","16":"purchasable","17":"product-type-simple"},"_links":{"self":[{"href":"https:\/\/ceoparts.com\/de\/wp-json\/wp\/v2\/product\/8480","targetHints":{"allow":["GET"]}}],"collection":[{"href":"https:\/\/ceoparts.com\/de\/wp-json\/wp\/v2\/product"}],"about":[{"href":"https:\/\/ceoparts.com\/de\/wp-json\/wp\/v2\/types\/product"}],"wp:featuredmedia":[{"embeddable":true,"href":"https:\/\/ceoparts.com\/de\/wp-json\/wp\/v2\/media\/11558"}],"wp:attachment":[{"href":"https:\/\/ceoparts.com\/de\/wp-json\/wp\/v2\/media?parent=8480"}],"wp:term":[{"taxonomy":"product_brand","embeddable":true,"href":"https:\/\/ceoparts.com\/de\/wp-json\/wp\/v2\/product_brand?post=8480"},{"taxonomy":"product_cat","embeddable":true,"href":"https:\/\/ceoparts.com\/de\/wp-json\/wp\/v2\/product_cat?post=8480"},{"taxonomy":"product_tag","embeddable":true,"href":"https:\/\/ceoparts.com\/de\/wp-json\/wp\/v2\/product_tag?post=8480"}],"curies":[{"name":"wp","href":"https:\/\/api.w.org\/{rel}","templated":true}]}}