{"id":8482,"date":"2021-02-15T16:08:10","date_gmt":"2021-02-15T13:08:10","guid":{"rendered":"https:\/\/ceoparts.com\/?post_type=product&#038;p=8482"},"modified":"2026-05-16T16:07:41","modified_gmt":"2026-05-16T13:07:41","slug":"230x90-45-5b-yuruyus-tekeri","status":"publish","type":"product","link":"https:\/\/ceoparts.com\/de\/urun\/230x90-45-5b-yuruyus-tekeri\/","title":{"rendered":"230&#215;90-45 5B Wicke Walking Wheel &#8211; 0039933826, 0039933800"},"content":{"rendered":"<p>230&#215;90-45 5B Wicke Walking Wheel &#8211; 0039933826, 0039933800<\/p>\n<div class=\"font12\">Linde:<\/div>\n<div class=\"font12\"><\/div>\n<div class=\"font12\">Vulkollan 0039933800<\/div>\n<div class=\"font12\">OEM Stellana<\/div>\n<div class=\"font12\"><\/div>\n<div class=\"font12\">372\u00a0L14\/16<br \/>\n372\u00a0L14\/16\/L14AP\/16AP<\/div>\n<div class=\"font12\">1173 L14\/L16<\/div>\n<div class=\"font12\"><\/div>\n<div class=\"font12\">Still 0039933826<\/div>\n<div class=\"font12\"><\/div>\n<div class=\"font12\">EXH 25-30 EXH-SF 20-25 (2360-2363)<\/div>","protected":false},"excerpt":{"rendered":"<div>\n<p data-start=\"122\" data-end=\"665\"><br data-start=\"1998\" data-end=\"2001\" \/>Das <strong data-start=\"2005\" data-end=\"2062\">230\u00d790-45 5B Wicke Laufrolle \u2013 0039933826, 0039933800<\/strong> ist eine langlebige, leistungsstarke Laufrolle, die speziell f\u00fcr Gabelstapler und Baumaschinen entwickelt wurde. Mit einem Durchmesser von 230 mm und einer Breite von 90 mm sorgt sie f\u00fcr eine stabile und sichere Maschinenbewegung. Kompatibel mit einer Montagel\u00e4nge von 45 mm. Hergestellt aus hochwertigen Materialien von Wicke, bietet dieses Rad eine lange Lebensdauer und hohe Verschlei\u00dffestigkeit. Die Gummiau\u00dfenschicht reduziert Vibrationen und erh\u00f6ht den Bedienkomfort. Es bietet einfache Installation und robuste Konstruktion zur Verbesserung der Arbeitseffizienz.<\/p>\n<p data-start=\"2634\" data-end=\"3030\"><strong data-start=\"2634\" data-end=\"2651\">Eigenschaften<\/strong><br data-start=\"2651\" data-end=\"2654\" \/><strong data-start=\"2654\" data-end=\"2670\">Produktname:<\/strong> 5B Wicke Laufrolle<br data-start=\"2689\" data-end=\"2692\" \/><strong data-start=\"2692\" data-end=\"2709\">Teilenummern:<\/strong> 0039933826, 0039933800<br data-start=\"2732\" data-end=\"2735\" \/><strong data-start=\"2735\" data-end=\"2745\">Gr\u00f6\u00dfe:<\/strong> 230\u00d790-45<br data-start=\"2755\" data-end=\"2758\" \/><strong data-start=\"2758\" data-end=\"2766\">Typ:<\/strong> 5B<br data-start=\"2769\" data-end=\"2772\" \/><strong data-start=\"2772\" data-end=\"2789\">Montagel\u00e4nge:<\/strong> 45 mm<br data-start=\"2795\" data-end=\"2798\" \/><strong data-start=\"2798\" data-end=\"2811\">Material:<\/strong> Strapazierf\u00e4higer Gummi, Metallk\u00f6rper<br data-start=\"2849\" data-end=\"2852\" \/><strong data-start=\"2852\" data-end=\"2874\">Anwendungsbereich:<\/strong> Fahrwerkssystem f\u00fcr Gabelstapler und Baumaschinen<br data-start=\"2924\" data-end=\"2927\" \/><strong data-start=\"2927\" data-end=\"2939\">Vorteil:<\/strong> Hohe Haltbarkeit, Vibrationsreduzierung, lange Lebensdauer, einfache Montage, Stabilit\u00e4t<\/p>\n<p data-start=\"3032\" data-end=\"3624\">\n","protected":false},"featured_media":12466,"template":"","meta":[],"product_brand":[],"product_cat":[401,404,241,244,246,249,193],"product_tag":[],"class_list":{"0":"post-8482","1":"product","2":"type-product","3":"status-publish","4":"has-post-thumbnail","6":"product_cat-wicke","7":"product_cat-yuruyus-tekeri-wicke","8":"product_cat-still","9":"product_cat-yuruyus-tekeri-still","10":"product_cat-linde","11":"product_cat-yuruyus-tekeri-linde","12":"product_cat-yuruyus-tekeri","14":"first","15":"instock","16":"taxable","17":"shipping-taxable","18":"purchasable","19":"product-type-simple"},"_links":{"self":[{"href":"https:\/\/ceoparts.com\/de\/wp-json\/wp\/v2\/product\/8482","targetHints":{"allow":["GET"]}}],"collection":[{"href":"https:\/\/ceoparts.com\/de\/wp-json\/wp\/v2\/product"}],"about":[{"href":"https:\/\/ceoparts.com\/de\/wp-json\/wp\/v2\/types\/product"}],"wp:featuredmedia":[{"embeddable":true,"href":"https:\/\/ceoparts.com\/de\/wp-json\/wp\/v2\/media\/12466"}],"wp:attachment":[{"href":"https:\/\/ceoparts.com\/de\/wp-json\/wp\/v2\/media?parent=8482"}],"wp:term":[{"taxonomy":"product_brand","embeddable":true,"href":"https:\/\/ceoparts.com\/de\/wp-json\/wp\/v2\/product_brand?post=8482"},{"taxonomy":"product_cat","embeddable":true,"href":"https:\/\/ceoparts.com\/de\/wp-json\/wp\/v2\/product_cat?post=8482"},{"taxonomy":"product_tag","embeddable":true,"href":"https:\/\/ceoparts.com\/de\/wp-json\/wp\/v2\/product_tag?post=8482"}],"curies":[{"name":"wp","href":"https:\/\/api.w.org\/{rel}","templated":true}]}}