{"id":8483,"date":"2021-02-15T16:11:38","date_gmt":"2021-02-15T13:11:38","guid":{"rendered":"https:\/\/ceoparts.com\/?post_type=product&#038;p=8483"},"modified":"2026-05-16T14:40:32","modified_gmt":"2026-05-16T11:40:32","slug":"230x100-80-5b-15-27-112-yuruyus-tekeri","status":"publish","type":"product","link":"https:\/\/ceoparts.com\/de\/urun\/230x100-80-5b-15-27-112-yuruyus-tekeri\/","title":{"rendered":"230&#215;100-80 5B 15\/27 112 Walking Wheel"},"content":{"rendered":"<p>230&#215;100-80 5B 15\/27 112 Walking Wheel<\/p>","protected":false},"excerpt":{"rendered":"<p data-start=\"102\" data-end=\"604\"><br data-start=\"1774\" data-end=\"1777\" \/>Die <strong data-start=\"1781\" data-end=\"1818\">230\u00d7100-80 5B 15\/27 112 Laufrolle<\/strong> ist f\u00fcr Gabelstapler und Baumaschinen konzipiert und bietet hohe Haltbarkeit und Leistung. Hergestellt f\u00fcr raue Arbeitsbedingungen mit ihrer 5B-Typ-Struktur und den detaillierten 15\/27 Spezifikationen. Kompatibel mit einem Standardfelgendurchmesser von 112 mm. Aus strapazierf\u00e4higem Gummi und robustem Metallk\u00f6rper gefertigt, reduziert sie Vibrationen, erh\u00f6ht den Bedienkomfort und sorgt f\u00fcr eine ausgeglichene Maschinenbewegung. Einfache Wartung und hohe Verschlei\u00dffestigkeit unterst\u00fctzen die Arbeitseffizienz.<\/p>\n<p data-start=\"2332\" data-end=\"2696\"><strong data-start=\"2332\" data-end=\"2349\">Eigenschaften<\/strong><br data-start=\"2349\" data-end=\"2352\" \/><strong data-start=\"2352\" data-end=\"2368\">Produktname:<\/strong> 5B 15\/27 112 Laufrolle<br data-start=\"2391\" data-end=\"2394\" \/><strong data-start=\"2394\" data-end=\"2404\">Gr\u00f6\u00dfe:<\/strong> 230\u00d7100-80<br data-start=\"2415\" data-end=\"2418\" \/><strong data-start=\"2418\" data-end=\"2426\">Typ:<\/strong> 5B<br data-start=\"2429\" data-end=\"2432\" \/><strong data-start=\"2432\" data-end=\"2454\">Felgendurchmesser:<\/strong> 112 mm<br data-start=\"2461\" data-end=\"2464\" \/><strong data-start=\"2464\" data-end=\"2477\">Material:<\/strong> Strapazierf\u00e4higer Gummi, Metallk\u00f6rper<br data-start=\"2515\" data-end=\"2518\" \/><strong data-start=\"2518\" data-end=\"2540\">Anwendungsbereich:<\/strong> Fahrwerkssystem f\u00fcr Gabelstapler und Baumaschinen<br data-start=\"2590\" data-end=\"2593\" \/><strong data-start=\"2593\" data-end=\"2605\">Vorteil:<\/strong> Hohe Haltbarkeit, Vibrationsreduzierung, lange Lebensdauer, Stabilit\u00e4t, einfache Wartung<\/p>\n<p data-start=\"2698\" data-end=\"3244\">\n","protected":false},"featured_media":17669,"template":"","meta":[],"product_brand":[],"product_cat":[193],"product_tag":[],"class_list":{"0":"post-8483","1":"product","2":"type-product","3":"status-publish","4":"has-post-thumbnail","6":"product_cat-yuruyus-tekeri","8":"first","9":"instock","10":"taxable","11":"shipping-taxable","12":"purchasable","13":"product-type-simple"},"_links":{"self":[{"href":"https:\/\/ceoparts.com\/de\/wp-json\/wp\/v2\/product\/8483","targetHints":{"allow":["GET"]}}],"collection":[{"href":"https:\/\/ceoparts.com\/de\/wp-json\/wp\/v2\/product"}],"about":[{"href":"https:\/\/ceoparts.com\/de\/wp-json\/wp\/v2\/types\/product"}],"wp:featuredmedia":[{"embeddable":true,"href":"https:\/\/ceoparts.com\/de\/wp-json\/wp\/v2\/media\/17669"}],"wp:attachment":[{"href":"https:\/\/ceoparts.com\/de\/wp-json\/wp\/v2\/media?parent=8483"}],"wp:term":[{"taxonomy":"product_brand","embeddable":true,"href":"https:\/\/ceoparts.com\/de\/wp-json\/wp\/v2\/product_brand?post=8483"},{"taxonomy":"product_cat","embeddable":true,"href":"https:\/\/ceoparts.com\/de\/wp-json\/wp\/v2\/product_cat?post=8483"},{"taxonomy":"product_tag","embeddable":true,"href":"https:\/\/ceoparts.com\/de\/wp-json\/wp\/v2\/product_tag?post=8483"}],"curies":[{"name":"wp","href":"https:\/\/api.w.org\/{rel}","templated":true}]}}