{"id":8484,"date":"2021-02-15T16:19:10","date_gmt":"2021-02-15T13:19:10","guid":{"rendered":"https:\/\/ceoparts.com\/?post_type=product&#038;p=8484"},"modified":"2026-05-16T21:00:41","modified_gmt":"2026-05-16T18:00:41","slug":"360x130-90-185-24-7b-yuruyus-tekeri","status":"publish","type":"product","link":"https:\/\/ceoparts.com\/de\/urun\/360x130-90-185-24-7b-yuruyus-tekeri\/","title":{"rendered":"360&#215;130-90 MSL Antriebsr\u00e4der  &#8211; 8428189"},"content":{"rendered":"<p>360&#215;130-90 MSL Antriebsr\u00e4der  &#8211; 8428189<\/p>\n<p>Still FM-X,<\/p>\n<p>STILL FM-XN,<\/p>\n<p>STILL FS-X33<\/p>","protected":false},"excerpt":{"rendered":"<p data-start=\"103\" data-end=\"607\"><br data-start=\"1697\" data-end=\"1700\" \/>Die <strong data-start=\"1704\" data-end=\"1742\">360\u00d7130-90 MSL Laufrolle \u2013 8428189<\/strong> ist f\u00fcr Gabelstapler und Baumaschinen konzipiert und bietet hohe Haltbarkeit und Leistung. Hergestellt aus hochwertigen MSL-Materialien, gew\u00e4hrleistet diese Laufrolle eine lange Lebensdauer unter rauen Arbeitsbedingungen. Die strapazierf\u00e4hige Gummi-Au\u00dfenschicht und der robuste Metallk\u00f6rper reduzieren Vibrationen, erh\u00f6hen den Bedienkomfort und sorgen f\u00fcr eine ausgeglichene Maschinenbewegung. Einfache Wartung und hohe Verschlei\u00dffestigkeit steigern die Arbeitseffizienz.<\/p>\n<p data-start=\"2216\" data-end=\"2552\"><strong data-start=\"2216\" data-end=\"2233\">Eigenschaften<\/strong><br data-start=\"2233\" data-end=\"2236\" \/><strong data-start=\"2236\" data-end=\"2252\">Produktname:<\/strong> MSL Laufrolle<br data-start=\"2266\" data-end=\"2269\" \/><strong data-start=\"2269\" data-end=\"2285\">Teilenummer:<\/strong> 8428189<br data-start=\"2293\" data-end=\"2296\" \/><strong data-start=\"2296\" data-end=\"2306\">Gr\u00f6\u00dfe:<\/strong> 360\u00d7130-90<br data-start=\"2317\" data-end=\"2320\" \/><strong data-start=\"2320\" data-end=\"2333\">Material:<\/strong> Strapazierf\u00e4higer Gummi, Metallk\u00f6rper<br data-start=\"2371\" data-end=\"2374\" \/><strong data-start=\"2374\" data-end=\"2396\">Anwendungsbereich:<\/strong> Fahrwerkssystem f\u00fcr Gabelstapler und Baumaschinen<br data-start=\"2446\" data-end=\"2449\" \/><strong data-start=\"2449\" data-end=\"2461\">Vorteil:<\/strong> Hohe Haltbarkeit, Vibrationsreduzierung, lange Lebensdauer, Stabilit\u00e4t, einfache Wartung<\/p>\n<p data-start=\"2554\" data-end=\"3068\">\n","protected":false},"featured_media":17209,"template":"","meta":[],"product_brand":[],"product_cat":[241,244,395,397,193],"product_tag":[],"class_list":{"0":"post-8484","1":"product","2":"type-product","3":"status-publish","4":"has-post-thumbnail","6":"product_cat-still","7":"product_cat-yuruyus-tekeri-still","8":"product_cat-ceoparts","9":"product_cat-yuruyus-tekeri-ceo","10":"product_cat-yuruyus-tekeri","12":"first","13":"instock","14":"taxable","15":"shipping-taxable","16":"purchasable","17":"product-type-simple"},"_links":{"self":[{"href":"https:\/\/ceoparts.com\/de\/wp-json\/wp\/v2\/product\/8484","targetHints":{"allow":["GET"]}}],"collection":[{"href":"https:\/\/ceoparts.com\/de\/wp-json\/wp\/v2\/product"}],"about":[{"href":"https:\/\/ceoparts.com\/de\/wp-json\/wp\/v2\/types\/product"}],"wp:featuredmedia":[{"embeddable":true,"href":"https:\/\/ceoparts.com\/de\/wp-json\/wp\/v2\/media\/17209"}],"wp:attachment":[{"href":"https:\/\/ceoparts.com\/de\/wp-json\/wp\/v2\/media?parent=8484"}],"wp:term":[{"taxonomy":"product_brand","embeddable":true,"href":"https:\/\/ceoparts.com\/de\/wp-json\/wp\/v2\/product_brand?post=8484"},{"taxonomy":"product_cat","embeddable":true,"href":"https:\/\/ceoparts.com\/de\/wp-json\/wp\/v2\/product_cat?post=8484"},{"taxonomy":"product_tag","embeddable":true,"href":"https:\/\/ceoparts.com\/de\/wp-json\/wp\/v2\/product_tag?post=8484"}],"curies":[{"name":"wp","href":"https:\/\/api.w.org\/{rel}","templated":true}]}}