{"id":8485,"date":"2021-02-15T16:25:40","date_gmt":"2021-02-15T13:25:40","guid":{"rendered":"https:\/\/ceoparts.com\/?post_type=product&#038;p=8485"},"modified":"2026-05-16T15:37:56","modified_gmt":"2026-05-16T12:37:56","slug":"350x140-80-7b-16-24-112-yuruyus-tekeri","status":"publish","type":"product","link":"https:\/\/ceoparts.com\/de\/urun\/350x140-80-7b-16-24-112-yuruyus-tekeri\/","title":{"rendered":"350&#215;140-80 7B Stellana Laufrolle &#8211; 201332"},"content":{"rendered":"<p>350&#215;140-80 7B Stellana Laufrolle &#8211; 201332<\/p>\n<p>201332\u00a0\u00a0 350&#215;120\/140&#215;80<\/p>\n<p>RRE 140<br \/>\nRRE 140C<br \/>\nRRE 140E<br \/>\nRRE 140EC<br \/>\nRRE 160<br \/>\nRRE 160C<br \/>\nRRE 160E<br \/>\nRRE 160EC<br \/>\nLRE 300<br \/>\nLRE 300T<\/p>","protected":false},"excerpt":{"rendered":"<p data-start=\"110\" data-end=\"681\"><br data-start=\"1931\" data-end=\"1934\" \/>Die <strong data-start=\"1938\" data-end=\"1983\">350\u00d7140-80 7B Stellana Laufrolle \u2013 201332<\/strong> ist f\u00fcr Gabelstapler und Baumaschinen konzipiert und bietet hohe Haltbarkeit sowie hervorragende Leistung. Hergestellt aus hochwertigen Stellana-Materialien, h\u00e4lt diese Laufrolle rauen Arbeitsbedingungen stand und gew\u00e4hrleistet eine lange Lebensdauer. Die 7B-Typ-Struktur sorgt f\u00fcr Stabilit\u00e4t und Zuverl\u00e4ssigkeit. Der verst\u00e4rkte Metallk\u00f6rper in Kombination mit langlebigem Gummi reduziert Vibrationen, erh\u00f6ht den Bedienkomfort und sorgt f\u00fcr eine ausgeglichene Maschinenbewegung. Einfache Wartung und hohe Verschlei\u00dffestigkeit unterst\u00fctzen die Arbeitseffizienz.<\/p>\n<p data-start=\"2546\" data-end=\"2906\"><strong data-start=\"2546\" data-end=\"2563\">Eigenschaften<\/strong><br data-start=\"2563\" data-end=\"2566\" \/><strong data-start=\"2566\" data-end=\"2582\">Produktname:<\/strong> 7B Stellana Laufrolle<br data-start=\"2604\" data-end=\"2607\" \/><strong data-start=\"2607\" data-end=\"2623\">Teilenummer:<\/strong> 201332<br data-start=\"2630\" data-end=\"2633\" \/><strong data-start=\"2633\" data-end=\"2643\">Gr\u00f6\u00dfe:<\/strong> 350\u00d7140-80<br data-start=\"2654\" data-end=\"2657\" \/><strong data-start=\"2657\" data-end=\"2665\">Typ:<\/strong> 7B<br data-start=\"2668\" data-end=\"2671\" \/><strong data-start=\"2671\" data-end=\"2684\">Material:<\/strong> Stellana-Gummi, verst\u00e4rkter Metallk\u00f6rper<br data-start=\"2725\" data-end=\"2728\" \/><strong data-start=\"2728\" data-end=\"2750\">Anwendungsbereich:<\/strong> Fahrwerkssystem f\u00fcr Gabelstapler und Baumaschinen<br data-start=\"2800\" data-end=\"2803\" \/><strong data-start=\"2803\" data-end=\"2815\">Vorteil:<\/strong> Hohe Haltbarkeit, Vibrationsreduzierung, lange Lebensdauer, Stabilit\u00e4t, einfache Wartung<\/p>\n<p data-start=\"2908\" data-end=\"3520\">\n","protected":false},"featured_media":11527,"template":"","meta":[],"product_brand":[],"product_cat":[416,418,193],"product_tag":[],"class_list":{"0":"post-8485","1":"product","2":"type-product","3":"status-publish","4":"has-post-thumbnail","6":"product_cat-stellana","7":"product_cat-yuruyus-tekeri-stellana","8":"product_cat-yuruyus-tekeri","10":"first","11":"instock","12":"taxable","13":"shipping-taxable","14":"purchasable","15":"product-type-simple"},"_links":{"self":[{"href":"https:\/\/ceoparts.com\/de\/wp-json\/wp\/v2\/product\/8485","targetHints":{"allow":["GET"]}}],"collection":[{"href":"https:\/\/ceoparts.com\/de\/wp-json\/wp\/v2\/product"}],"about":[{"href":"https:\/\/ceoparts.com\/de\/wp-json\/wp\/v2\/types\/product"}],"wp:featuredmedia":[{"embeddable":true,"href":"https:\/\/ceoparts.com\/de\/wp-json\/wp\/v2\/media\/11527"}],"wp:attachment":[{"href":"https:\/\/ceoparts.com\/de\/wp-json\/wp\/v2\/media?parent=8485"}],"wp:term":[{"taxonomy":"product_brand","embeddable":true,"href":"https:\/\/ceoparts.com\/de\/wp-json\/wp\/v2\/product_brand?post=8485"},{"taxonomy":"product_cat","embeddable":true,"href":"https:\/\/ceoparts.com\/de\/wp-json\/wp\/v2\/product_cat?post=8485"},{"taxonomy":"product_tag","embeddable":true,"href":"https:\/\/ceoparts.com\/de\/wp-json\/wp\/v2\/product_tag?post=8485"}],"curies":[{"name":"wp","href":"https:\/\/api.w.org\/{rel}","templated":true}]}}