{"id":8493,"date":"2021-02-15T22:52:18","date_gmt":"2021-02-15T19:52:18","guid":{"rendered":"https:\/\/ceoparts.com\/?post_type=product&#038;p=8493"},"modified":"2026-05-16T16:18:34","modified_gmt":"2026-05-16T13:18:34","slug":"250x75-84-45-yuruyus-tekeri","status":"publish","type":"product","link":"https:\/\/ceoparts.com\/de\/urun\/250x75-84-45-yuruyus-tekeri\/","title":{"rendered":"250&#215;75\/84-45 MSL Laufrolle"},"content":{"rendered":"<p>250&#215;75\/84-45 MSL Laufrolle<\/p>\n<p>Hyster\u00a0\/\u00a0Yale 582042236<\/p>\n<p>Hyster P 1.6\u00a0 A418<\/p>","protected":false},"excerpt":{"rendered":"<p data-start=\"95\" data-end=\"563\"><br data-start=\"1638\" data-end=\"1641\" \/>Die <strong data-start=\"1645\" data-end=\"1675\">250\u00d775\/84-45 MSL Laufrolle<\/strong> ist f\u00fcr Gabelstapler und Baumaschinen konzipiert und bietet hohe Haltbarkeit sowie hervorragende Leistung. Hergestellt aus MSL-Material, ist diese Laufrolle verschlei\u00dffest und sorgt f\u00fcr eine lange Lebensdauer unter harten Arbeitsbedingungen. Der verst\u00e4rkte Metallk\u00f6rper reduziert Vibrationen zur Verbesserung des Bedienkomforts. Sie gew\u00e4hrleistet eine ausgeglichene Maschinenbewegung mit hoher Stabilit\u00e4t. Die einfache Wartung unterst\u00fctzt die Arbeitseffizienz.<\/p>\n<p data-start=\"2138\" data-end=\"2474\"><strong data-start=\"2138\" data-end=\"2155\">Eigenschaften<\/strong><br data-start=\"2155\" data-end=\"2158\" \/><strong data-start=\"2158\" data-end=\"2174\">Produktname:<\/strong> MSL Laufrolle<br data-start=\"2188\" data-end=\"2191\" \/><strong data-start=\"2191\" data-end=\"2201\">Gr\u00f6\u00dfe:<\/strong> 250\u00d775\/84-45<br data-start=\"2214\" data-end=\"2217\" \/><strong data-start=\"2217\" data-end=\"2230\">Material:<\/strong> MSL (hochbelastbarer Gummi), verst\u00e4rkter Metallk\u00f6rper<br data-start=\"2284\" data-end=\"2287\" \/><strong data-start=\"2287\" data-end=\"2309\">Anwendungsbereich:<\/strong> Fahrwerkssystem f\u00fcr Gabelstapler und Baumaschinen<br data-start=\"2359\" data-end=\"2362\" \/><strong data-start=\"2362\" data-end=\"2374\">Vorteil:<\/strong> Hohe Verschlei\u00dffestigkeit, Vibrationsreduzierung, lange Lebensdauer, Stabilit\u00e4t, einfache Wartung<\/p>\n<p data-start=\"2476\" data-end=\"2969\">\n","protected":false},"featured_media":11276,"template":"","meta":[],"product_brand":[],"product_cat":[256,260,395,397,193],"product_tag":[],"class_list":{"0":"post-8493","1":"product","2":"type-product","3":"status-publish","4":"has-post-thumbnail","6":"product_cat-hyster","7":"product_cat-yuruyus-tekeri-hyster","8":"product_cat-ceoparts","9":"product_cat-yuruyus-tekeri-ceo","10":"product_cat-yuruyus-tekeri","12":"first","13":"instock","14":"taxable","15":"shipping-taxable","16":"purchasable","17":"product-type-simple"},"_links":{"self":[{"href":"https:\/\/ceoparts.com\/de\/wp-json\/wp\/v2\/product\/8493","targetHints":{"allow":["GET"]}}],"collection":[{"href":"https:\/\/ceoparts.com\/de\/wp-json\/wp\/v2\/product"}],"about":[{"href":"https:\/\/ceoparts.com\/de\/wp-json\/wp\/v2\/types\/product"}],"wp:featuredmedia":[{"embeddable":true,"href":"https:\/\/ceoparts.com\/de\/wp-json\/wp\/v2\/media\/11276"}],"wp:attachment":[{"href":"https:\/\/ceoparts.com\/de\/wp-json\/wp\/v2\/media?parent=8493"}],"wp:term":[{"taxonomy":"product_brand","embeddable":true,"href":"https:\/\/ceoparts.com\/de\/wp-json\/wp\/v2\/product_brand?post=8493"},{"taxonomy":"product_cat","embeddable":true,"href":"https:\/\/ceoparts.com\/de\/wp-json\/wp\/v2\/product_cat?post=8493"},{"taxonomy":"product_tag","embeddable":true,"href":"https:\/\/ceoparts.com\/de\/wp-json\/wp\/v2\/product_tag?post=8493"}],"curies":[{"name":"wp","href":"https:\/\/api.w.org\/{rel}","templated":true}]}}