{"id":8494,"date":"2021-02-15T22:53:56","date_gmt":"2021-02-15T19:53:56","guid":{"rendered":"https:\/\/ceoparts.com\/?post_type=product&#038;p=8494"},"modified":"2026-05-16T17:28:15","modified_gmt":"2026-05-16T14:28:15","slug":"250x80-yuruyus-tekeri","status":"publish","type":"product","link":"https:\/\/ceoparts.com\/de\/urun\/250x80-yuruyus-tekeri\/","title":{"rendered":"250&#215;80 Walking Wheel"},"content":{"rendered":"<p>250&#215;80 Walking Wheel<\/p>","protected":false},"excerpt":{"rendered":"<p data-start=\"85\" data-end=\"441\"><br data-start=\"1364\" data-end=\"1367\" \/>Das <strong data-start=\"1371\" data-end=\"1391\">250\u00d780 Laufrolle<\/strong> ist ideal f\u00fcr Gabelstapler und Baumaschinen und bietet hohe Haltbarkeit sowie lange Lebensdauer. Hergestellt aus robustem Gummimaterial, widersteht es rauen Arbeitsbedingungen und reduziert Vibrationen zur Verbesserung des Bedienkomforts. Sein Metallk\u00f6rper sorgt f\u00fcr Stabilit\u00e4t und Robustheit. Einfache Wartung und Austausch unterst\u00fctzen die Arbeitseffizienz.<\/p>\n<p data-start=\"1753\" data-end=\"2054\"><strong data-start=\"1753\" data-end=\"1770\">Eigenschaften<\/strong><br data-start=\"1770\" data-end=\"1773\" \/><strong data-start=\"1773\" data-end=\"1789\">Produktname:<\/strong> Laufrolle<br data-start=\"1799\" data-end=\"1802\" \/><strong data-start=\"1802\" data-end=\"1812\">Gr\u00f6\u00dfe:<\/strong> 250\u00d780<br data-start=\"1819\" data-end=\"1822\" \/><strong data-start=\"1822\" data-end=\"1835\">Material:<\/strong> Robuster Gummi, Metallk\u00f6rper<br data-start=\"1864\" data-end=\"1867\" \/><strong data-start=\"1867\" data-end=\"1889\">Anwendungsbereich:<\/strong> Fahrwerkssystem f\u00fcr Gabelstapler und Baumaschinen<br data-start=\"1939\" data-end=\"1942\" \/><strong data-start=\"1942\" data-end=\"1954\">Vorteil:<\/strong> Hohe Verschlei\u00dffestigkeit, Vibrationsreduzierung, lange Lebensdauer, einfache Wartung, Stabilit\u00e4t<\/p>\n<p data-start=\"2056\" data-end=\"2433\">\n","protected":false},"featured_media":17671,"template":"","meta":[],"product_brand":[],"product_cat":[193],"product_tag":[],"class_list":{"0":"post-8494","1":"product","2":"type-product","3":"status-publish","4":"has-post-thumbnail","6":"product_cat-yuruyus-tekeri","8":"first","9":"instock","10":"taxable","11":"shipping-taxable","12":"purchasable","13":"product-type-simple"},"_links":{"self":[{"href":"https:\/\/ceoparts.com\/de\/wp-json\/wp\/v2\/product\/8494","targetHints":{"allow":["GET"]}}],"collection":[{"href":"https:\/\/ceoparts.com\/de\/wp-json\/wp\/v2\/product"}],"about":[{"href":"https:\/\/ceoparts.com\/de\/wp-json\/wp\/v2\/types\/product"}],"wp:featuredmedia":[{"embeddable":true,"href":"https:\/\/ceoparts.com\/de\/wp-json\/wp\/v2\/media\/17671"}],"wp:attachment":[{"href":"https:\/\/ceoparts.com\/de\/wp-json\/wp\/v2\/media?parent=8494"}],"wp:term":[{"taxonomy":"product_brand","embeddable":true,"href":"https:\/\/ceoparts.com\/de\/wp-json\/wp\/v2\/product_brand?post=8494"},{"taxonomy":"product_cat","embeddable":true,"href":"https:\/\/ceoparts.com\/de\/wp-json\/wp\/v2\/product_cat?post=8494"},{"taxonomy":"product_tag","embeddable":true,"href":"https:\/\/ceoparts.com\/de\/wp-json\/wp\/v2\/product_tag?post=8494"}],"curies":[{"name":"wp","href":"https:\/\/api.w.org\/{rel}","templated":true}]}}