{"id":8496,"date":"2021-02-15T22:58:13","date_gmt":"2021-02-15T19:58:13","guid":{"rendered":"https:\/\/ceoparts.com\/?post_type=product&#038;p=8496"},"modified":"2026-05-16T15:26:17","modified_gmt":"2026-05-16T12:26:17","slug":"250x105-80-5b-16-24-112-yuruyus-tekeri","status":"publish","type":"product","link":"https:\/\/ceoparts.com\/de\/urun\/250x105-80-5b-16-24-112-yuruyus-tekeri\/","title":{"rendered":"250&#215;105-80 Vulkoprin Antriebsr\u00e4der &#8211; 135161"},"content":{"rendered":"<p>250&#215;105-80 Vulkoprin Antriebsr\u00e4der &#8211; 135161<\/p>","protected":false},"excerpt":{"rendered":"<p data-start=\"108\" data-end=\"542\"><br data-start=\"1610\" data-end=\"1613\" \/>Das <strong data-start=\"1617\" data-end=\"1660\">250\u00d7105-80 Vulkoprin Laufrolle \u2013 135161<\/strong> ist f\u00fcr Gabelstapler und Baumaschinen konzipiert und bietet \u00fcberlegene Haltbarkeit und Leistung. Dank des Vulkoprin-Materials bietet sie hohe Verschlei\u00dffestigkeit und ausgezeichnete laterale Stabilit\u00e4t. Der robuste Metallk\u00f6rper widersteht harten Arbeitsbedingungen. Sie reduziert Vibrationen zur Verbesserung des Bedienkomforts und gew\u00e4hrleistet eine lange Lebensdauer. Die einfache Wartung unterst\u00fctzt die Arbeitseffizienz.<\/p>\n<p data-start=\"2087\" data-end=\"2426\"><strong data-start=\"2087\" data-end=\"2104\">Eigenschaften<\/strong><br data-start=\"2104\" data-end=\"2107\" \/><strong data-start=\"2107\" data-end=\"2123\">Produktname:<\/strong> Vulkoprin Laufrolle<br data-start=\"2143\" data-end=\"2146\" \/><strong data-start=\"2146\" data-end=\"2162\">Teilenummer:<\/strong> 135161<br data-start=\"2169\" data-end=\"2172\" \/><strong data-start=\"2172\" data-end=\"2185\">Material:<\/strong> Vulkoprin, verst\u00e4rkter Metallk\u00f6rper<br data-start=\"2221\" data-end=\"2224\" \/><strong data-start=\"2224\" data-end=\"2246\">Anwendungsbereich:<\/strong> Fahrwerkssystem f\u00fcr Gabelstapler und Baumaschinen<br data-start=\"2296\" data-end=\"2299\" \/><strong data-start=\"2299\" data-end=\"2311\">Vorteil:<\/strong> Hohe Verschlei\u00dffestigkeit, ausgezeichnete Stabilit\u00e4t, Vibrationsreduzierung, lange Lebensdauer, einfache Wartung<\/p>\n<p data-start=\"2428\" data-end=\"2898\">\n","protected":false},"featured_media":11296,"template":"","meta":[],"product_brand":[],"product_cat":[193],"product_tag":[],"class_list":{"0":"post-8496","1":"product","2":"type-product","3":"status-publish","4":"has-post-thumbnail","6":"product_cat-yuruyus-tekeri","8":"first","9":"instock","10":"taxable","11":"shipping-taxable","12":"purchasable","13":"product-type-simple"},"_links":{"self":[{"href":"https:\/\/ceoparts.com\/de\/wp-json\/wp\/v2\/product\/8496","targetHints":{"allow":["GET"]}}],"collection":[{"href":"https:\/\/ceoparts.com\/de\/wp-json\/wp\/v2\/product"}],"about":[{"href":"https:\/\/ceoparts.com\/de\/wp-json\/wp\/v2\/types\/product"}],"wp:featuredmedia":[{"embeddable":true,"href":"https:\/\/ceoparts.com\/de\/wp-json\/wp\/v2\/media\/11296"}],"wp:attachment":[{"href":"https:\/\/ceoparts.com\/de\/wp-json\/wp\/v2\/media?parent=8496"}],"wp:term":[{"taxonomy":"product_brand","embeddable":true,"href":"https:\/\/ceoparts.com\/de\/wp-json\/wp\/v2\/product_brand?post=8496"},{"taxonomy":"product_cat","embeddable":true,"href":"https:\/\/ceoparts.com\/de\/wp-json\/wp\/v2\/product_cat?post=8496"},{"taxonomy":"product_tag","embeddable":true,"href":"https:\/\/ceoparts.com\/de\/wp-json\/wp\/v2\/product_tag?post=8496"}],"curies":[{"name":"wp","href":"https:\/\/api.w.org\/{rel}","templated":true}]}}