{"id":8499,"date":"2021-02-15T23:04:16","date_gmt":"2021-02-15T20:04:16","guid":{"rendered":"https:\/\/ceoparts.com\/?post_type=product&#038;p=8499"},"modified":"2026-05-16T14:22:49","modified_gmt":"2026-05-16T11:22:49","slug":"310x120-80-5b-16-24-112-yuruyus-tekeri","status":"publish","type":"product","link":"https:\/\/ceoparts.com\/de\/urun\/310x120-80-5b-16-24-112-yuruyus-tekeri\/","title":{"rendered":"310&#215;120-80 5B Stellana Antriebsrad \u2013 241752"},"content":{"rendered":"<p>310&#215;120-80 5B Stellana Antriebsrad \u2013 241752<\/p>\n<p>BT 241752<\/p>\n<p>RRE120M<\/p>\n<p>RRE120MCRRE140M<\/p>\n<p>RRE140MC<\/p>\n<p>RRE160M<\/p>\n<p>RRE160MC<\/p>","protected":false},"excerpt":{"rendered":"<p data-start=\"120\" data-end=\"535\"><br data-start=\"1585\" data-end=\"1588\" \/>Das <strong data-start=\"1592\" data-end=\"1647\">310\u00d7120-80 5B Stellana Vulkollan Laufrolle \u2013 241752<\/strong> ist speziell f\u00fcr Gabelstapler und Baumaschinen entwickelt und bietet hervorragende Verschlei\u00dffestigkeit und ausgezeichnete Stabilit\u00e4t. Dank des Vulkollan-Materials gew\u00e4hrleistet es eine lange Lebensdauer und h\u00e4lt anspruchsvollen Arbeitsbedingungen stand. Sein verst\u00e4rkter Metallk\u00f6rper reduziert Vibrationen zur Verbesserung des Bedienkomforts. Wartungsfreundlich unterst\u00fctzt es die Arbeitseffizienz.<\/p>\n<p data-start=\"2049\" data-end=\"2388\"><strong data-start=\"2049\" data-end=\"2066\">Eigenschaften<\/strong><br data-start=\"2066\" data-end=\"2069\" \/><strong data-start=\"2069\" data-end=\"2085\">Produktname:<\/strong> Vulkollan Laufrolle<br data-start=\"2105\" data-end=\"2108\" \/><strong data-start=\"2108\" data-end=\"2124\">Teilenummer:<\/strong> 241752<br data-start=\"2131\" data-end=\"2134\" \/><strong data-start=\"2134\" data-end=\"2147\">Material:<\/strong> Vulkollan, verst\u00e4rkter Metallk\u00f6rper<br data-start=\"2183\" data-end=\"2186\" \/><strong data-start=\"2186\" data-end=\"2208\">Anwendungsbereich:<\/strong> Fahrwerkssystem f\u00fcr Gabelstapler und Baumaschinen<br data-start=\"2258\" data-end=\"2261\" \/><strong data-start=\"2261\" data-end=\"2273\">Vorteil:<\/strong> Hohe Verschlei\u00dffestigkeit, ausgezeichnete Stabilit\u00e4t, Vibrationsreduzierung, lange Lebensdauer, einfache Wartung<\/p>\n<p data-start=\"2390\" data-end=\"2813\">\n","protected":false},"featured_media":16827,"template":"","meta":[],"product_brand":[],"product_cat":[418,251,254,416,193],"product_tag":[],"class_list":{"0":"post-8499","1":"product","2":"type-product","3":"status-publish","4":"has-post-thumbnail","6":"product_cat-yuruyus-tekeri-stellana","7":"product_cat-bt","8":"product_cat-yuruyus-tekeri-bt","9":"product_cat-stellana","10":"product_cat-yuruyus-tekeri","12":"first","13":"instock","14":"taxable","15":"shipping-taxable","16":"purchasable","17":"product-type-simple"},"_links":{"self":[{"href":"https:\/\/ceoparts.com\/de\/wp-json\/wp\/v2\/product\/8499","targetHints":{"allow":["GET"]}}],"collection":[{"href":"https:\/\/ceoparts.com\/de\/wp-json\/wp\/v2\/product"}],"about":[{"href":"https:\/\/ceoparts.com\/de\/wp-json\/wp\/v2\/types\/product"}],"wp:featuredmedia":[{"embeddable":true,"href":"https:\/\/ceoparts.com\/de\/wp-json\/wp\/v2\/media\/16827"}],"wp:attachment":[{"href":"https:\/\/ceoparts.com\/de\/wp-json\/wp\/v2\/media?parent=8499"}],"wp:term":[{"taxonomy":"product_brand","embeddable":true,"href":"https:\/\/ceoparts.com\/de\/wp-json\/wp\/v2\/product_brand?post=8499"},{"taxonomy":"product_cat","embeddable":true,"href":"https:\/\/ceoparts.com\/de\/wp-json\/wp\/v2\/product_cat?post=8499"},{"taxonomy":"product_tag","embeddable":true,"href":"https:\/\/ceoparts.com\/de\/wp-json\/wp\/v2\/product_tag?post=8499"}],"curies":[{"name":"wp","href":"https:\/\/api.w.org\/{rel}","templated":true}]}}