{"id":8501,"date":"2021-02-15T23:05:32","date_gmt":"2021-02-15T20:05:32","guid":{"rendered":"https:\/\/ceoparts.com\/?post_type=product&#038;p=8501"},"modified":"2026-05-16T14:01:16","modified_gmt":"2026-05-16T11:01:16","slug":"310x120-80-7b-16-24-112-yuruyus-tekeri","status":"publish","type":"product","link":"https:\/\/ceoparts.com\/de\/urun\/310x120-80-7b-16-24-112-yuruyus-tekeri\/","title":{"rendered":"310&#215;120-80 7B Stellana Vulkollan Antriebsr\u00e4der &#8211; 151991 ,220400"},"content":{"rendered":"<p>310&#215;120-80 7B Stellana Vulkollan Antriebsr\u00e4der &#8211; 151991 ,220400<\/p>\n<p>RR B1-B3 REFLEX AC<br \/>\nRR B1CC-3CC<br \/>\nRR B2<br \/>\nRR E1-E3 REFLEX AC<br \/>\nRR E1-E3 REFLEX DC<br \/>\nRR E1CC-E3CC<br \/>\nRR E2<br \/>\nRR M1-3REFLEX AC\/DC<br \/>\nRR M12 REFLEX<br \/>\nRR M12C REFLEX<br \/>\nRR M14 REFLEX<br \/>\nRR M14C REFLEX<br \/>\nRR M16<br \/>\nRR M16C<br \/>\nRR M1C-3C REFLEX AC\/DC<br \/>\nRR 4-6 REFLEX AC\/DC<br \/>\nRR 4C-6C REFLEX AC\/DC<br \/>\nRR N1-N3 REFLEX AC<br \/>\nRR N1-N3 REFLEX DC<\/p>","protected":false},"excerpt":{"rendered":"<p data-start=\"128\" data-end=\"587\"><br data-start=\"1697\" data-end=\"1700\" \/>Das <strong data-start=\"1704\" data-end=\"1767\">310\u00d7120-80 7B Stellana Vulkollan Laufrolle \u2013 151991, 220400<\/strong> ist f\u00fcr Gabelstapler und Baumaschinen konzipiert und bietet \u00fcberlegene Haltbarkeit sowie hohe Leistung. Dank des Vulkollan-Materials bietet es ausgezeichnete Verschlei\u00dffestigkeit und laterale Stabilit\u00e4t. Mit einem verst\u00e4rkten Metallk\u00f6rper h\u00e4lt diese Laufrolle harten Arbeitsbedingungen stand und minimiert Vibrationen zur Verbesserung des Bedienkomforts. Die einfache Wartung unterst\u00fctzt die Arbeitseffizienz.<\/p>\n<p data-start=\"2179\" data-end=\"2526\"><strong data-start=\"2179\" data-end=\"2196\">Eigenschaften<\/strong><br data-start=\"2196\" data-end=\"2199\" \/><strong data-start=\"2199\" data-end=\"2215\">Produktname:<\/strong> Vulkollan Laufrolle<br data-start=\"2235\" data-end=\"2238\" \/><strong data-start=\"2238\" data-end=\"2254\">Teilenummer:<\/strong> 151991, 220400<br data-start=\"2269\" data-end=\"2272\" \/><strong data-start=\"2272\" data-end=\"2285\">Material:<\/strong> Vulkollan, verst\u00e4rkter Metallk\u00f6rper<br data-start=\"2321\" data-end=\"2324\" \/><strong data-start=\"2324\" data-end=\"2346\">Anwendungsbereich:<\/strong> Fahrwerkssystem f\u00fcr Gabelstapler und Baumaschinen<br data-start=\"2396\" data-end=\"2399\" \/><strong data-start=\"2399\" data-end=\"2411\">Vorteil:<\/strong> Hohe Verschlei\u00dffestigkeit, ausgezeichnete Stabilit\u00e4t, Vibrationsreduzierung, lange Lebensdauer, einfache Wartung<\/p>\n<p data-start=\"2528\" data-end=\"2994\">\n","protected":false},"featured_media":16789,"template":"","meta":[],"product_brand":[],"product_cat":[416,418,193],"product_tag":[],"class_list":{"0":"post-8501","1":"product","2":"type-product","3":"status-publish","4":"has-post-thumbnail","6":"product_cat-stellana","7":"product_cat-yuruyus-tekeri-stellana","8":"product_cat-yuruyus-tekeri","10":"first","11":"instock","12":"taxable","13":"shipping-taxable","14":"purchasable","15":"product-type-simple"},"_links":{"self":[{"href":"https:\/\/ceoparts.com\/de\/wp-json\/wp\/v2\/product\/8501","targetHints":{"allow":["GET"]}}],"collection":[{"href":"https:\/\/ceoparts.com\/de\/wp-json\/wp\/v2\/product"}],"about":[{"href":"https:\/\/ceoparts.com\/de\/wp-json\/wp\/v2\/types\/product"}],"wp:featuredmedia":[{"embeddable":true,"href":"https:\/\/ceoparts.com\/de\/wp-json\/wp\/v2\/media\/16789"}],"wp:attachment":[{"href":"https:\/\/ceoparts.com\/de\/wp-json\/wp\/v2\/media?parent=8501"}],"wp:term":[{"taxonomy":"product_brand","embeddable":true,"href":"https:\/\/ceoparts.com\/de\/wp-json\/wp\/v2\/product_brand?post=8501"},{"taxonomy":"product_cat","embeddable":true,"href":"https:\/\/ceoparts.com\/de\/wp-json\/wp\/v2\/product_cat?post=8501"},{"taxonomy":"product_tag","embeddable":true,"href":"https:\/\/ceoparts.com\/de\/wp-json\/wp\/v2\/product_tag?post=8501"}],"curies":[{"name":"wp","href":"https:\/\/api.w.org\/{rel}","templated":true}]}}