{"id":8503,"date":"2021-02-15T23:09:57","date_gmt":"2021-02-15T20:09:57","guid":{"rendered":"https:\/\/ceoparts.com\/?post_type=product&#038;p=8503"},"modified":"2026-05-16T11:53:06","modified_gmt":"2026-05-16T08:53:06","slug":"330x135-80-7b-145-24-112-yuruyus-tekeri","status":"publish","type":"product","link":"https:\/\/ceoparts.com\/de\/urun\/330x135-80-7b-145-24-112-yuruyus-tekeri\/","title":{"rendered":"330&#215;135-80 7B Stellana  Geh-Rad &#8211; 9815000599"},"content":{"rendered":"<p>330&#215;135-80 7B Stellana  Geh-Rad &#8211; 9815000599<\/p>\n<p>113 R14\/16\/16N\/20\/20N<br \/>\n115 R14\/R16\/R20<br \/>\n115C R10C\/R12C\/R14C<br \/>\n117 A 10Z<\/p>","protected":false},"excerpt":{"rendered":"<p data-start=\"114\" data-end=\"542\"><br data-start=\"1536\" data-end=\"1539\" \/>Das <strong data-start=\"1543\" data-end=\"1579\">330\u00d7135-80 7B Stellana Laufrolle<\/strong> ist f\u00fcr Gabelstapler und Baumaschinen konzipiert und bietet hohe Haltbarkeit sowie hervorragende Leistung. Die verst\u00e4rkte Gummistruktur und der robuste Metallk\u00f6rper sind f\u00fcr raue Arbeitsbedingungen ausgelegt. Es reduziert Vibrationen zur Verbesserung des Bedienkomforts und unterst\u00fctzt eine stabile Bewegung w\u00e4hrend der Fahrt. Wartungsfreundlich zur Steigerung der Arbeitseffizienz.<\/p>\n<p data-start=\"1964\" data-end=\"2284\"><strong data-start=\"1964\" data-end=\"1981\">Eigenschaften<\/strong><br data-start=\"1981\" data-end=\"1984\" \/><strong data-start=\"1984\" data-end=\"2000\">Produktname:<\/strong> Laufrolle<br data-start=\"2010\" data-end=\"2013\" \/><strong data-start=\"2013\" data-end=\"2029\">Teilenummer:<\/strong> 9815000599<br data-start=\"2040\" data-end=\"2043\" \/><strong data-start=\"2043\" data-end=\"2056\">Material:<\/strong> Robuster Gummi, stabiler Metallk\u00f6rper<br data-start=\"2094\" data-end=\"2097\" \/><strong data-start=\"2097\" data-end=\"2119\">Anwendungsbereich:<\/strong> Fahrwerkssystem f\u00fcr Gabelstapler und Baumaschinen<br data-start=\"2169\" data-end=\"2172\" \/><strong data-start=\"2172\" data-end=\"2184\">Vorteil:<\/strong> Hohe Verschlei\u00dffestigkeit, Vibrationsreduzierung, lange Lebensdauer, einfache Wartung, Stabilit\u00e4t<\/p>\n<p data-start=\"2286\" data-end=\"2715\">\n","protected":false},"featured_media":16507,"template":"","meta":[],"product_brand":[],"product_cat":[416,418,193],"product_tag":[],"class_list":{"0":"post-8503","1":"product","2":"type-product","3":"status-publish","4":"has-post-thumbnail","6":"product_cat-stellana","7":"product_cat-yuruyus-tekeri-stellana","8":"product_cat-yuruyus-tekeri","10":"first","11":"instock","12":"taxable","13":"shipping-taxable","14":"purchasable","15":"product-type-simple"},"_links":{"self":[{"href":"https:\/\/ceoparts.com\/de\/wp-json\/wp\/v2\/product\/8503","targetHints":{"allow":["GET"]}}],"collection":[{"href":"https:\/\/ceoparts.com\/de\/wp-json\/wp\/v2\/product"}],"about":[{"href":"https:\/\/ceoparts.com\/de\/wp-json\/wp\/v2\/types\/product"}],"wp:featuredmedia":[{"embeddable":true,"href":"https:\/\/ceoparts.com\/de\/wp-json\/wp\/v2\/media\/16507"}],"wp:attachment":[{"href":"https:\/\/ceoparts.com\/de\/wp-json\/wp\/v2\/media?parent=8503"}],"wp:term":[{"taxonomy":"product_brand","embeddable":true,"href":"https:\/\/ceoparts.com\/de\/wp-json\/wp\/v2\/product_brand?post=8503"},{"taxonomy":"product_cat","embeddable":true,"href":"https:\/\/ceoparts.com\/de\/wp-json\/wp\/v2\/product_cat?post=8503"},{"taxonomy":"product_tag","embeddable":true,"href":"https:\/\/ceoparts.com\/de\/wp-json\/wp\/v2\/product_tag?post=8503"}],"curies":[{"name":"wp","href":"https:\/\/api.w.org\/{rel}","templated":true}]}}