{"id":9934,"date":"2024-09-06T13:11:15","date_gmt":"2024-09-06T10:11:15","guid":{"rendered":"https:\/\/ceoparts.com\/?post_type=product&#038;p=9934"},"modified":"2026-05-16T10:52:33","modified_gmt":"2026-05-16T07:52:33","slug":"100x74-76-13-ceoparts-yuk-tekeri","status":"publish","type":"product","link":"https:\/\/ceoparts.com\/de\/urun\/100x74-76-13-ceoparts-yuk-tekeri\/","title":{"rendered":"100&#215;74\/76-13 Ceoparts Lastrad"},"content":{"rendered":"<p>100&#215;74\/76-13 Ceoparts Lastrad<\/p>","protected":false},"excerpt":{"rendered":"<p>Die 100\u00d774\/76-13 Ceoparts Lastrolle ist ideal f\u00fcr den schweren Materialtransport. Die Polyurethanbeschichtung sorgt f\u00fcr eine leise und langlebige Nutzung. Kompatibel mit Gabelstaplern, Hubwagen und Hochhubwagen.<\/p>\n<p>\u2705 Durchmesser: 100 mm \u2013 Breite: 74\/76 mm<br \/>\n\u2705 Ger\u00e4uscharm und spurlos<br \/>\n\u2705 Sto\u00dfd\u00e4mpfend und verschlei\u00dffest<br \/>\n\u2705 Einfach zu montieren, wartungsfrei<\/p>\n","protected":false},"featured_media":15422,"template":"","meta":[],"product_brand":[],"product_cat":[398,400],"product_tag":[],"class_list":{"0":"post-9934","1":"product","2":"type-product","3":"status-publish","4":"has-post-thumbnail","6":"product_cat-catal-tekeri-ceo","7":"product_cat-catal-tekeri","9":"first","10":"instock","11":"taxable","12":"shipping-taxable","13":"purchasable","14":"product-type-simple"},"_links":{"self":[{"href":"https:\/\/ceoparts.com\/de\/wp-json\/wp\/v2\/product\/9934","targetHints":{"allow":["GET"]}}],"collection":[{"href":"https:\/\/ceoparts.com\/de\/wp-json\/wp\/v2\/product"}],"about":[{"href":"https:\/\/ceoparts.com\/de\/wp-json\/wp\/v2\/types\/product"}],"wp:featuredmedia":[{"embeddable":true,"href":"https:\/\/ceoparts.com\/de\/wp-json\/wp\/v2\/media\/15422"}],"wp:attachment":[{"href":"https:\/\/ceoparts.com\/de\/wp-json\/wp\/v2\/media?parent=9934"}],"wp:term":[{"taxonomy":"product_brand","embeddable":true,"href":"https:\/\/ceoparts.com\/de\/wp-json\/wp\/v2\/product_brand?post=9934"},{"taxonomy":"product_cat","embeddable":true,"href":"https:\/\/ceoparts.com\/de\/wp-json\/wp\/v2\/product_cat?post=9934"},{"taxonomy":"product_tag","embeddable":true,"href":"https:\/\/ceoparts.com\/de\/wp-json\/wp\/v2\/product_tag?post=9934"}],"curies":[{"name":"wp","href":"https:\/\/api.w.org\/{rel}","templated":true}]}}