{"id":9941,"date":"2024-09-06T13:37:15","date_gmt":"2024-09-06T10:37:15","guid":{"rendered":"https:\/\/ceoparts.com\/?post_type=product&#038;p=9941"},"modified":"2026-05-16T08:02:29","modified_gmt":"2026-05-16T05:02:29","slug":"100x74-78-20-ceoparts-yuk-tekeri","status":"publish","type":"product","link":"https:\/\/ceoparts.com\/de\/urun\/100x74-78-20-ceoparts-yuk-tekeri\/","title":{"rendered":"100&#215;74\/78-20 Ceoparts Lastrad &#8211; 215179, 235971"},"content":{"rendered":"<p>100&#215;74\/78-20 Ceoparts Lastrad &#8211; 215179, 235971<\/p>\n<p><span style=\"font-family: ti;\">BT SWE120S BT 235971\u00a0<span style=\"color: #1f497d;\"><span style=\"color: #000000;\">958303 Vulk Hjul 100\/80&#215;78 kpl<\/span><\/span><\/span><\/p>\n<p><span style=\"font-family: ti;\">S12 S<\/span><\/p>\n<p><span style=\"font-family: ti;\">MPL 12S<\/span><\/p>\n<p><span style=\"font-family: ti;\">PPS 120 MXS<\/span><\/p>\n<p><span style=\"font-family: ti;\">RSX 20\/25<\/span><\/p>","protected":false},"excerpt":{"rendered":"<p data-start=\"113\" data-end=\"526\"><br data-start=\"1608\" data-end=\"1611\" \/>Das <strong data-start=\"1615\" data-end=\"1650\">100\u00d774\/78-20 Ceoparts Lastrolle<\/strong> ist speziell f\u00fcr Gabelstapler und Baumaschinen entwickelt und bietet hohe Tragf\u00e4higkeit und Haltbarkeit. Die Kombination aus hochwertigem Gummi und verst\u00e4rktem Metallk\u00f6rper sorgt f\u00fcr eine langlebige Leistung unter anspruchsvollen Arbeitsbedingungen. Es reduziert Vibrationen zur Erh\u00f6hung des Bedienkomforts und unterst\u00fctzt die Maschineneffizienz. Wartungsfreundlich und eine wichtige Komponente f\u00fcr die Arbeitssicherheit.<\/p>\n<p data-start=\"2074\" data-end=\"2420\"><strong data-start=\"2074\" data-end=\"2091\">Eigenschaften<\/strong><br data-start=\"2091\" data-end=\"2094\" \/><strong data-start=\"2094\" data-end=\"2110\">Produktname:<\/strong> Lastrolle<br data-start=\"2120\" data-end=\"2123\" \/><strong data-start=\"2123\" data-end=\"2139\">Teilenummer:<\/strong> 215179, 235971<br data-start=\"2154\" data-end=\"2157\" \/><strong data-start=\"2157\" data-end=\"2170\">Material:<\/strong> Robuster Gummi, verst\u00e4rkter Metallk\u00f6rper<br data-start=\"2211\" data-end=\"2214\" \/><strong data-start=\"2214\" data-end=\"2236\">Anwendungsbereich:<\/strong> Lastentragendes System f\u00fcr Gabelstapler und Baumaschinen<br data-start=\"2293\" data-end=\"2296\" \/><strong data-start=\"2296\" data-end=\"2308\">Vorteil:<\/strong> Hohe Verschlei\u00dffestigkeit, lange Lebensdauer, Vibrationsreduzierung, einfache Wartung, verbesserte Stabilit\u00e4t<\/p>\n<p data-start=\"2422\" data-end=\"2850\">\n","protected":false},"featured_media":15522,"template":"","meta":[],"product_brand":[],"product_cat":[400,251,253,395,398],"product_tag":[],"class_list":{"0":"post-9941","1":"product","2":"type-product","3":"status-publish","4":"has-post-thumbnail","6":"product_cat-catal-tekeri","7":"product_cat-bt","8":"product_cat-catal-tekeri-bt","9":"product_cat-ceoparts","10":"product_cat-catal-tekeri-ceo","12":"first","13":"instock","14":"taxable","15":"shipping-taxable","16":"purchasable","17":"product-type-simple"},"_links":{"self":[{"href":"https:\/\/ceoparts.com\/de\/wp-json\/wp\/v2\/product\/9941","targetHints":{"allow":["GET"]}}],"collection":[{"href":"https:\/\/ceoparts.com\/de\/wp-json\/wp\/v2\/product"}],"about":[{"href":"https:\/\/ceoparts.com\/de\/wp-json\/wp\/v2\/types\/product"}],"wp:featuredmedia":[{"embeddable":true,"href":"https:\/\/ceoparts.com\/de\/wp-json\/wp\/v2\/media\/15522"}],"wp:attachment":[{"href":"https:\/\/ceoparts.com\/de\/wp-json\/wp\/v2\/media?parent=9941"}],"wp:term":[{"taxonomy":"product_brand","embeddable":true,"href":"https:\/\/ceoparts.com\/de\/wp-json\/wp\/v2\/product_brand?post=9941"},{"taxonomy":"product_cat","embeddable":true,"href":"https:\/\/ceoparts.com\/de\/wp-json\/wp\/v2\/product_cat?post=9941"},{"taxonomy":"product_tag","embeddable":true,"href":"https:\/\/ceoparts.com\/de\/wp-json\/wp\/v2\/product_tag?post=9941"}],"curies":[{"name":"wp","href":"https:\/\/api.w.org\/{rel}","templated":true}]}}