{"id":9953,"date":"2024-09-06T14:29:25","date_gmt":"2024-09-06T11:29:25","guid":{"rendered":"https:\/\/ceoparts.com\/?post_type=product&#038;p=9953"},"modified":"2026-05-03T03:39:04","modified_gmt":"2026-05-03T00:39:04","slug":"85x110-115-12-wicke-yuk-tekeri","status":"publish","type":"product","link":"https:\/\/ceoparts.com\/de\/urun\/85x110-115-12-wicke-yuk-tekeri\/","title":{"rendered":"85&#215;110\/115-12 Wicke Lastrad &#8211; 1590996 , 580064668"},"content":{"rendered":"<p>85&#215;110\/115-12 Wicke Lastrad &#8211; 1590996 , 580064668<\/p>\n<p>Yale MP16\/18\/20\u00a0 Serie C 841X<\/p>\n<p>Hyster P 1.3, P 1.6<\/p>","protected":false},"excerpt":{"rendered":"<p data-start=\"115\" data-end=\"557\"><br data-start=\"1645\" data-end=\"1648\" \/>Das <strong data-start=\"1652\" data-end=\"1685\">85\u00d7110\/115-12 Wicke Lastrolle<\/strong> ist speziell f\u00fcr Gabelstapler und Baumaschinen konzipiert und bietet hohe Tragf\u00e4higkeit sowie Haltbarkeit. Die Kombination aus hochwertigem Gummi und verst\u00e4rktem Metallk\u00f6rper gew\u00e4hrleistet eine langlebige Leistung unter anspruchsvollen Arbeitsbedingungen. Es reduziert Vibrationen zur Erh\u00f6hung des Bedienkomforts und unterst\u00fctzt die Maschineneffizienz. Wartungsfreundlich, ist diese Lastrolle eine wichtige Komponente f\u00fcr die Arbeitssicherheit.<\/p>\n<p data-start=\"2132\" data-end=\"2482\"><strong data-start=\"2132\" data-end=\"2149\">Eigenschaften<\/strong><br data-start=\"2149\" data-end=\"2152\" \/><strong data-start=\"2152\" data-end=\"2168\">Produktname:<\/strong> Lastrolle<br data-start=\"2178\" data-end=\"2181\" \/><strong data-start=\"2181\" data-end=\"2197\">Teilenummer:<\/strong> 1590996, 580064668<br data-start=\"2216\" data-end=\"2219\" \/><strong data-start=\"2219\" data-end=\"2232\">Material:<\/strong> Robuster Gummi, verst\u00e4rkter Metallk\u00f6rper<br data-start=\"2273\" data-end=\"2276\" \/><strong data-start=\"2276\" data-end=\"2298\">Anwendungsbereich:<\/strong> Lastentragendes System f\u00fcr Gabelstapler und Baumaschinen<br data-start=\"2355\" data-end=\"2358\" \/><strong data-start=\"2358\" data-end=\"2370\">Vorteil:<\/strong> Hohe Verschlei\u00dffestigkeit, lange Lebensdauer, Vibrationsreduzierung, einfache Wartung, verbesserte Stabilit\u00e4t<\/p>\n<p data-start=\"2484\" data-end=\"2910\">\n","protected":false},"featured_media":15929,"template":"","meta":[],"product_brand":[],"product_cat":[402,256,259,400,401],"product_tag":[],"class_list":{"0":"post-9953","1":"product","2":"type-product","3":"status-publish","4":"has-post-thumbnail","6":"product_cat-catal-tekeri-wicke","7":"product_cat-hyster","8":"product_cat-catal-tekeri-hyster","9":"product_cat-catal-tekeri","10":"product_cat-wicke","12":"first","13":"instock","14":"taxable","15":"shipping-taxable","16":"purchasable","17":"product-type-simple"},"_links":{"self":[{"href":"https:\/\/ceoparts.com\/de\/wp-json\/wp\/v2\/product\/9953","targetHints":{"allow":["GET"]}}],"collection":[{"href":"https:\/\/ceoparts.com\/de\/wp-json\/wp\/v2\/product"}],"about":[{"href":"https:\/\/ceoparts.com\/de\/wp-json\/wp\/v2\/types\/product"}],"wp:featuredmedia":[{"embeddable":true,"href":"https:\/\/ceoparts.com\/de\/wp-json\/wp\/v2\/media\/15929"}],"wp:attachment":[{"href":"https:\/\/ceoparts.com\/de\/wp-json\/wp\/v2\/media?parent=9953"}],"wp:term":[{"taxonomy":"product_brand","embeddable":true,"href":"https:\/\/ceoparts.com\/de\/wp-json\/wp\/v2\/product_brand?post=9953"},{"taxonomy":"product_cat","embeddable":true,"href":"https:\/\/ceoparts.com\/de\/wp-json\/wp\/v2\/product_cat?post=9953"},{"taxonomy":"product_tag","embeddable":true,"href":"https:\/\/ceoparts.com\/de\/wp-json\/wp\/v2\/product_tag?post=9953"}],"curies":[{"name":"wp","href":"https:\/\/api.w.org\/{rel}","templated":true}]}}