{"id":9974,"date":"2024-09-06T17:33:58","date_gmt":"2024-09-06T14:33:58","guid":{"rendered":"https:\/\/ceoparts.com\/?post_type=product&#038;p=9974"},"modified":"2026-05-16T17:28:19","modified_gmt":"2026-05-16T14:28:19","slug":"85x60-65-12-wicke-yuk-tekeri","status":"publish","type":"product","link":"https:\/\/ceoparts.com\/de\/urun\/85x60-65-12-wicke-yuk-tekeri\/","title":{"rendered":"85&#215;60\/65-12 Wicke Lastrad &#8211; 0039903512"},"content":{"rendered":"<p>85&#215;60\/65-12 Wicke Lastrad &#8211; 0039903512<\/p>\n<p>132 N20\/N24\/N20L\/N20LI<br \/>\n133 L12\/L14-L12L\/L14L-L12LHP<br \/>\n139 L12\/16R<br \/>\n141 L12L\/L12LP<br \/>\n149 N20\/N25\/N20L\/LI\/LX<br \/>\n149 N20V-N20VI<br \/>\n360 T16\/T18\/T20\/T16L<br \/>\n365 L14\/16\/L14AP\/16AP<br \/>\n372 L14\/16<br \/>\n372 L14\/16\/L14AP\/16AP<br \/>\n377 N20\/N20<br \/>\n379 L10\/12-L10\/12AS<br \/>\n1110 V08-01\/V08-02<br \/>\n1111 N20VI &#8211; N20VLI<br \/>\n1152 T16\/T18\/T20\/T16L<br \/>\n1172 L10\/L12\/L12i<\/p>","protected":false},"excerpt":{"rendered":"<p data-start=\"107\" data-end=\"569\"><br data-start=\"1651\" data-end=\"1654\" \/>Das <strong data-start=\"1658\" data-end=\"1702\">85\u00d760\/65-12 Wicke Lastrolle \u2013 0039903512<\/strong> ist speziell f\u00fcr Gabelstapler und Baumaschinen gefertigt und bietet hohe Tragf\u00e4higkeit und Haltbarkeit. Die Kombination aus hochwertigem Gummi und robustem Metallk\u00f6rper gew\u00e4hrleistet eine langlebige Leistung unter harten Arbeitsbedingungen. Es minimiert Vibrationen zur Erh\u00f6hung des Bedienkomforts und optimiert die Maschineneffizienz. Diese Lastrolle ist wartungsfreundlich und eine wichtige Komponente f\u00fcr die Arbeitssicherheit.<\/p>\n<p data-start=\"2135\" data-end=\"2477\"><strong data-start=\"2135\" data-end=\"2152\">Eigenschaften<\/strong><br data-start=\"2152\" data-end=\"2155\" \/><strong data-start=\"2155\" data-end=\"2171\">Produktname:<\/strong> Lastrolle<br data-start=\"2181\" data-end=\"2184\" \/><strong data-start=\"2184\" data-end=\"2200\">Teilenummer:<\/strong> 0039903512<br data-start=\"2211\" data-end=\"2214\" \/><strong data-start=\"2214\" data-end=\"2227\">Material:<\/strong> Robuster Gummi, verst\u00e4rkter Metallk\u00f6rper<br data-start=\"2268\" data-end=\"2271\" \/><strong data-start=\"2271\" data-end=\"2293\">Anwendungsbereich:<\/strong> Lastentragendes System f\u00fcr Gabelstapler und Baumaschinen<br data-start=\"2350\" data-end=\"2353\" \/><strong data-start=\"2353\" data-end=\"2365\">Vorteil:<\/strong> Hohe Verschlei\u00dffestigkeit, lange Lebensdauer, Vibrationsreduzierung, einfache Wartung, verbesserte Stabilit\u00e4t<\/p>\n<p data-start=\"2479\" data-end=\"2927\">\n","protected":false},"featured_media":15967,"template":"","meta":[],"product_brand":[],"product_cat":[400,401,402],"product_tag":[],"class_list":{"0":"post-9974","1":"product","2":"type-product","3":"status-publish","4":"has-post-thumbnail","6":"product_cat-catal-tekeri","7":"product_cat-wicke","8":"product_cat-catal-tekeri-wicke","10":"first","11":"instock","12":"taxable","13":"shipping-taxable","14":"purchasable","15":"product-type-simple"},"_links":{"self":[{"href":"https:\/\/ceoparts.com\/de\/wp-json\/wp\/v2\/product\/9974","targetHints":{"allow":["GET"]}}],"collection":[{"href":"https:\/\/ceoparts.com\/de\/wp-json\/wp\/v2\/product"}],"about":[{"href":"https:\/\/ceoparts.com\/de\/wp-json\/wp\/v2\/types\/product"}],"wp:featuredmedia":[{"embeddable":true,"href":"https:\/\/ceoparts.com\/de\/wp-json\/wp\/v2\/media\/15967"}],"wp:attachment":[{"href":"https:\/\/ceoparts.com\/de\/wp-json\/wp\/v2\/media?parent=9974"}],"wp:term":[{"taxonomy":"product_brand","embeddable":true,"href":"https:\/\/ceoparts.com\/de\/wp-json\/wp\/v2\/product_brand?post=9974"},{"taxonomy":"product_cat","embeddable":true,"href":"https:\/\/ceoparts.com\/de\/wp-json\/wp\/v2\/product_cat?post=9974"},{"taxonomy":"product_tag","embeddable":true,"href":"https:\/\/ceoparts.com\/de\/wp-json\/wp\/v2\/product_tag?post=9974"}],"curies":[{"name":"wp","href":"https:\/\/api.w.org\/{rel}","templated":true}]}}