{"id":9975,"date":"2024-09-06T16:42:24","date_gmt":"2024-09-06T13:42:24","guid":{"rendered":"https:\/\/ceoparts.com\/?post_type=product&#038;p=9975"},"modified":"2026-05-16T18:40:49","modified_gmt":"2026-05-16T15:40:49","slug":"100x74-78-17-ceoparts-yuk-tekeri","status":"publish","type":"product","link":"https:\/\/ceoparts.com\/de\/urun\/100x74-78-17-ceoparts-yuk-tekeri\/","title":{"rendered":"100&#215;74\/78-17 Ceoparts Lastrad"},"content":{"rendered":"<p>100&#215;74\/78-17 Ceoparts Lastrad<\/p>","protected":false},"excerpt":{"rendered":"<p data-start=\"96\" data-end=\"517\"><br data-start=\"1604\" data-end=\"1607\" \/>Das <strong data-start=\"1611\" data-end=\"1646\">100\u00d774\/78-17 Ceoparts Lastrolle<\/strong> ist speziell f\u00fcr Gabelstapler und Baumaschinen konzipiert und bietet hohe Tragf\u00e4higkeit und Haltbarkeit. Die Kombination aus hochwertigem Gummi und verst\u00e4rktem Metallk\u00f6rper sorgt f\u00fcr eine langlebige Leistung unter anspruchsvollen Arbeitsbedingungen. Es reduziert Vibrationen zur Erh\u00f6hung des Bedienkomforts und optimiert die Maschineneffizienz. Wartungsfreundlich und eine wichtige Komponente f\u00fcr die Arbeitssicherheit.<\/p>\n<p data-start=\"2068\" data-end=\"2422\"><strong data-start=\"2068\" data-end=\"2085\">Eigenschaften<\/strong><br data-start=\"2085\" data-end=\"2088\" \/><strong data-start=\"2088\" data-end=\"2104\">Produktname:<\/strong> Lastrolle<br data-start=\"2114\" data-end=\"2117\" \/><strong data-start=\"2117\" data-end=\"2133\">Teilenummer:<\/strong> &#8211;\u00a0<br data-start=\"2156\" data-end=\"2159\" \/><strong data-start=\"2159\" data-end=\"2172\">Material:<\/strong> Robuster Gummi, verst\u00e4rkter Metallk\u00f6rper<br data-start=\"2213\" data-end=\"2216\" \/><strong data-start=\"2216\" data-end=\"2238\">Anwendungsbereich:<\/strong> Lastentragendes System f\u00fcr Gabelstapler und Baumaschinen<br data-start=\"2295\" data-end=\"2298\" \/><strong data-start=\"2298\" data-end=\"2310\">Vorteil:<\/strong> Hohe Verschlei\u00dffestigkeit, lange Lebensdauer, Vibrationsreduzierung, einfache Wartung, verbesserte Stabilit\u00e4t<\/p>\n<p data-start=\"2424\" data-end=\"2843\">\n","protected":false},"featured_media":15519,"template":"","meta":[],"product_brand":[],"product_cat":[395,398,400],"product_tag":[],"class_list":{"0":"post-9975","1":"product","2":"type-product","3":"status-publish","4":"has-post-thumbnail","6":"product_cat-ceoparts","7":"product_cat-catal-tekeri-ceo","8":"product_cat-catal-tekeri","10":"first","11":"instock","12":"taxable","13":"shipping-taxable","14":"purchasable","15":"product-type-simple"},"_links":{"self":[{"href":"https:\/\/ceoparts.com\/de\/wp-json\/wp\/v2\/product\/9975","targetHints":{"allow":["GET"]}}],"collection":[{"href":"https:\/\/ceoparts.com\/de\/wp-json\/wp\/v2\/product"}],"about":[{"href":"https:\/\/ceoparts.com\/de\/wp-json\/wp\/v2\/types\/product"}],"wp:featuredmedia":[{"embeddable":true,"href":"https:\/\/ceoparts.com\/de\/wp-json\/wp\/v2\/media\/15519"}],"wp:attachment":[{"href":"https:\/\/ceoparts.com\/de\/wp-json\/wp\/v2\/media?parent=9975"}],"wp:term":[{"taxonomy":"product_brand","embeddable":true,"href":"https:\/\/ceoparts.com\/de\/wp-json\/wp\/v2\/product_brand?post=9975"},{"taxonomy":"product_cat","embeddable":true,"href":"https:\/\/ceoparts.com\/de\/wp-json\/wp\/v2\/product_cat?post=9975"},{"taxonomy":"product_tag","embeddable":true,"href":"https:\/\/ceoparts.com\/de\/wp-json\/wp\/v2\/product_tag?post=9975"}],"curies":[{"name":"wp","href":"https:\/\/api.w.org\/{rel}","templated":true}]}}