{"id":11222,"date":"2024-10-09T16:33:16","date_gmt":"2024-10-09T13:33:16","guid":{"rendered":"https:\/\/ceoparts.com\/?post_type=product&#038;p=11222"},"modified":"2026-05-16T11:03:07","modified_gmt":"2026-05-16T08:03:07","slug":"230x75-45-msl-kanalli-yuruyus-tekeri","status":"publish","type":"product","link":"https:\/\/ceoparts.com\/en\/urun\/230x75-45-msl-kanalli-yuruyus-tekeri\/","title":{"rendered":"230&#215;75-80  MSL Grooved  Walking Wheel &#8211; 4494268, 0009903807"},"content":{"rendered":"<p>230&#215;75-80  MSL Grooved  Walking Wheel &#8211; 4494268, 0009903807<\/p>\n<p><span class=\"short_text\" lang=\"en\"><span class=\"hps\" title=\"Kliknij, aby wy\u015bwietli\u0107 alternatywne t\u0142umaczenia\"><span style=\"font-family: tim;\">EGV-S 330221\/330222<br \/>\nEGV-S LB 330229\/330230<\/span><\/span><\/span><\/p>\n<p>YALE<\/p>\n<p>HYSTER<\/p>\n<p>OM PIMESPO, BR VESTERGAARD<\/p>\n<p>0009903807, 8494268, 4494268, 95309172, 50983508934, 129TA9068<\/p>","protected":false},"excerpt":{"rendered":"<p data-start=\"0\" data-end=\"395\"><br data-start=\"712\" data-end=\"715\" \/>230\u00d775-80 MSL Grooved Drive Wheel is a high-quality, durable, and grooved walking wheel used in forklifts and industrial transport vehicles. Featuring a 230 mm diameter, 75 mm width, and 80 mm bearing size, this product from MSL brand provides excellent traction and long lifespan under tough working conditions. The grooved design prevents slipping and offers stable driving performance.<\/p>\n<p data-start=\"1105\" data-end=\"1429\"><strong data-start=\"1105\" data-end=\"1118\">Features:<\/strong><br data-start=\"1118\" data-end=\"1121\" \/><strong data-start=\"1121\" data-end=\"1138\">Product Name:<\/strong> 230\u00d775-80 MSL Grooved Drive Wheel<br data-start=\"1172\" data-end=\"1175\" \/><strong data-start=\"1175\" data-end=\"1189\">Part Code:<\/strong> 4494268, 0009903807<br data-start=\"1209\" data-end=\"1212\" \/><strong data-start=\"1212\" data-end=\"1225\">Material:<\/strong> Grooved rubber coating, sturdy metal body<br data-start=\"1267\" data-end=\"1270\" \/><strong data-start=\"1270\" data-end=\"1291\">Application Area:<\/strong> Walking wheel for forklifts and industrial transport vehicles<br data-start=\"1353\" data-end=\"1356\" \/><strong data-start=\"1356\" data-end=\"1370\">Advantage:<\/strong> Grooved surface, high wear resistance, and long lifespan<\/p>\n<p data-start=\"1431\" data-end=\"1890\">\n","protected":false},"featured_media":11223,"template":"","meta":[],"product_brand":[],"product_cat":[397,251,254,256,260,395,193],"product_tag":[],"class_list":{"0":"post-11222","1":"product","2":"type-product","3":"status-publish","4":"has-post-thumbnail","6":"product_cat-yuruyus-tekeri-ceo","7":"product_cat-bt","8":"product_cat-yuruyus-tekeri-bt","9":"product_cat-hyster","10":"product_cat-yuruyus-tekeri-hyster","11":"product_cat-ceoparts","12":"product_cat-yuruyus-tekeri","14":"first","15":"instock","16":"taxable","17":"shipping-taxable","18":"purchasable","19":"product-type-simple"},"_links":{"self":[{"href":"https:\/\/ceoparts.com\/en\/wp-json\/wp\/v2\/product\/11222","targetHints":{"allow":["GET"]}}],"collection":[{"href":"https:\/\/ceoparts.com\/en\/wp-json\/wp\/v2\/product"}],"about":[{"href":"https:\/\/ceoparts.com\/en\/wp-json\/wp\/v2\/types\/product"}],"wp:featuredmedia":[{"embeddable":true,"href":"https:\/\/ceoparts.com\/en\/wp-json\/wp\/v2\/media\/11223"}],"wp:attachment":[{"href":"https:\/\/ceoparts.com\/en\/wp-json\/wp\/v2\/media?parent=11222"}],"wp:term":[{"taxonomy":"product_brand","embeddable":true,"href":"https:\/\/ceoparts.com\/en\/wp-json\/wp\/v2\/product_brand?post=11222"},{"taxonomy":"product_cat","embeddable":true,"href":"https:\/\/ceoparts.com\/en\/wp-json\/wp\/v2\/product_cat?post=11222"},{"taxonomy":"product_tag","embeddable":true,"href":"https:\/\/ceoparts.com\/en\/wp-json\/wp\/v2\/product_tag?post=11222"}],"curies":[{"name":"wp","href":"https:\/\/api.w.org\/{rel}","templated":true}]}}