{"id":11983,"date":"2024-11-12T10:15:27","date_gmt":"2024-11-12T07:15:27","guid":{"rendered":"https:\/\/ceoparts.com\/?post_type=product&#038;p=11983"},"modified":"2026-05-16T05:14:03","modified_gmt":"2026-05-16T02:14:03","slug":"230x70-80-msl-yuruyus-tekeri-0009903807","status":"publish","type":"product","link":"https:\/\/ceoparts.com\/en\/urun\/230x70-80-msl-yuruyus-tekeri-0009903807\/","title":{"rendered":"230X75-80 MSL Walking Wheel 6B &#8211; 4494268, 0009903807"},"content":{"rendered":"<p>230X75-80 MSL Walking Wheel 6B &#8211; 4494268, 0009903807<\/p>\n<p><span class=\"short_text\" lang=\"en\"><span class=\"hps\" title=\"Kliknij, aby wy\u015bwietli\u0107 alternatywne t\u0142umaczenia\"><span style=\"font-family: tim;\">EGV-S 330221\/330222<br \/>\nEGV-S LB 330229\/330230<\/span><\/span><\/span><\/p>\n<p>YALE<\/p>\n<p>HYSTER<\/p>\n<p>OM PIMESPO, BR VESTERGAARD<\/p>\n<p>0009903807, 8494268, 4494268, 95309172, 50983508934, 129TA9068<\/p>","protected":false},"excerpt":{"rendered":"<p data-start=\"0\" data-end=\"289\"><br data-start=\"607\" data-end=\"610\" \/>230\u00d775-80 MSL Caster Wheel 6B is a durable and high-performance caster wheel used in forklifts and stackers. Manufactured with MSL technology, it offers high wear resistance and long service life. Ensures stable and safe movement of the machine during operations.<\/p>\n<p data-start=\"875\" data-end=\"1181\"><strong data-start=\"875\" data-end=\"888\">Features:<\/strong><br data-start=\"888\" data-end=\"891\" \/><strong data-start=\"891\" data-end=\"908\">Product Name:<\/strong> 230\u00d775-80 MSL Caster Wheel 6B<br data-start=\"938\" data-end=\"941\" \/><strong data-start=\"941\" data-end=\"955\">Part Code:<\/strong> 4494268, 0009903807<br data-start=\"975\" data-end=\"978\" \/><strong data-start=\"978\" data-end=\"991\">Material:<\/strong> High-strength rubber and metal alloy<br data-start=\"1028\" data-end=\"1031\" \/><strong data-start=\"1031\" data-end=\"1052\">Application Area:<\/strong> Caster wheel for forklifts and stackers<br data-start=\"1092\" data-end=\"1095\" \/><strong data-start=\"1095\" data-end=\"1109\">Advantage:<\/strong> High durability, long lifespan, high wear resistance, stable movement<\/p>\n<p data-start=\"1183\" data-end=\"1488\">\n","protected":false},"featured_media":11984,"template":"","meta":[],"product_brand":[],"product_cat":[256,260,395,397,193],"product_tag":[],"class_list":{"0":"post-11983","1":"product","2":"type-product","3":"status-publish","4":"has-post-thumbnail","6":"product_cat-hyster","7":"product_cat-yuruyus-tekeri-hyster","8":"product_cat-ceoparts","9":"product_cat-yuruyus-tekeri-ceo","10":"product_cat-yuruyus-tekeri","12":"first","13":"instock","14":"taxable","15":"shipping-taxable","16":"purchasable","17":"product-type-simple"},"_links":{"self":[{"href":"https:\/\/ceoparts.com\/en\/wp-json\/wp\/v2\/product\/11983","targetHints":{"allow":["GET"]}}],"collection":[{"href":"https:\/\/ceoparts.com\/en\/wp-json\/wp\/v2\/product"}],"about":[{"href":"https:\/\/ceoparts.com\/en\/wp-json\/wp\/v2\/types\/product"}],"wp:featuredmedia":[{"embeddable":true,"href":"https:\/\/ceoparts.com\/en\/wp-json\/wp\/v2\/media\/11984"}],"wp:attachment":[{"href":"https:\/\/ceoparts.com\/en\/wp-json\/wp\/v2\/media?parent=11983"}],"wp:term":[{"taxonomy":"product_brand","embeddable":true,"href":"https:\/\/ceoparts.com\/en\/wp-json\/wp\/v2\/product_brand?post=11983"},{"taxonomy":"product_cat","embeddable":true,"href":"https:\/\/ceoparts.com\/en\/wp-json\/wp\/v2\/product_cat?post=11983"},{"taxonomy":"product_tag","embeddable":true,"href":"https:\/\/ceoparts.com\/en\/wp-json\/wp\/v2\/product_tag?post=11983"}],"curies":[{"name":"wp","href":"https:\/\/api.w.org\/{rel}","templated":true}]}}