{"id":15110,"date":"2025-02-19T14:08:43","date_gmt":"2025-02-19T11:08:43","guid":{"rendered":"https:\/\/ceoparts.com\/?post_type=product&#038;p=15110"},"modified":"2026-05-16T09:34:48","modified_gmt":"2026-05-16T06:34:48","slug":"jungheinrich-direksiyon-topuzu-51134300","status":"publish","type":"product","link":"https:\/\/ceoparts.com\/en\/urun\/jungheinrich-direksiyon-topuzu-51134300\/","title":{"rendered":"Jungheinrich Steering Knob &#8211; 51134300"},"content":{"rendered":"<p>Jungheinrich Steering Knob &#8211; 51134300<\/p>\n<p><\/p>\n<table class=\"transparant\">\n<tbody>\n<tr>\n<th class=\"alignLeft\" title=\"Te\u015fekk\u00fcrler\"><span style=\"color: #000000;\">Tip direksiyon d\u00fc\u011fmesi<\/span><\/th>\n<td><span style=\"color: #000000;\">\u0130\u00c7 D\u0130\u015e DEL\u0130\u011e\u0130 \u0130LE<\/span><\/td>\n<\/tr>\n<tr>\n<th class=\"alignLeft\" title=\"L1\"><span style=\"color: #000000;\">Toplam uzunluk L1 (mm)<\/span><\/th>\n<td><span style=\"color: #000000;\">63,8<\/span><\/td>\n<\/tr>\n<tr>\n<th class=\"alignLeft\" title=\"D1\"><span style=\"color: #000000;\">En b\u00fcy\u00fck d\u0131\u015f \u00e7ap D1 (mm)<\/span><\/th>\n<td><span style=\"color: #000000;\">55.5<\/span><\/td>\n<\/tr>\n<tr>\n<th class=\"alignLeft\" title=\"D2\"><span style=\"color: #000000;\">\u0130\u00e7 \u00e7ap D (mm)<\/span><\/th>\n<td><span style=\"color: #000000;\">12.3<\/span><\/td>\n<\/tr>\n<\/tbody>\n<\/table>\n<table dir=\"ltr\" style=\"height: 1536px;\" border=\"0\" width=\"328\" cellspacing=\"0\" cellpadding=\"2\">\n<tbody>\n<tr>\n<td width=\"58%\" height=\"19\">\n<p align=\"left\"><span style=\"font-family: Calibri; font-size: medium;\">EKS 308 \u0130\/\u0130\/\u0130<\/span><\/p>\n<\/td>\n<td width=\"42%\" height=\"19\">\n<p align=\"left\"><span style=\"font-family: Calibri; font-size: medium;\">1.06 &#8211; 12.09<\/span><\/p>\n<\/td>\n<\/tr>\n<tr>\n<td width=\"58%\" height=\"19\">\n<p align=\"left\"><span style=\"font-family: Calibri; font-size: medium;\">EKS 314 \u0130\/\u0130\/\u0130<\/span><\/p>\n<\/td>\n<td width=\"42%\" height=\"19\">\n<p align=\"left\"><span style=\"font-family: Calibri; font-size: medium;\">4.05 &#8211; 3.10<\/span><\/p>\n<\/td>\n<\/tr>\n<tr>\n<td width=\"58%\" height=\"19\">\n<p align=\"left\"><span style=\"font-family: Calibri; font-size: medium;\">ESC214\/216Z<\/span><\/p>\n<\/td>\n<td width=\"42%\" height=\"19\">\n<p align=\"left\"><span style=\"font-family: Calibri; font-size: medium;\">8.09 &#8211;<\/span><\/p>\n<\/td>\n<\/tr>\n<tr>\n<td width=\"58%\" height=\"19\">\n<p align=\"left\"><span style=\"font-family: Calibri; font-size: medium;\">ESD220<\/span><\/p>\n<\/td>\n<td width=\"42%\" height=\"19\">\n<p align=\"left\"><span style=\"font-family: Calibri; font-size: medium;\">10.10 &#8211;<\/span><\/p>\n<\/td>\n<\/tr>\n<tr>\n<td width=\"58%\" height=\"19\">\n<p align=\"left\"><span style=\"font-family: Calibri; font-size: medium;\">EKD 220<\/span><\/p>\n<\/td>\n<td width=\"42%\" height=\"19\">\n<p align=\"left\"><span style=\"font-family: Calibri; font-size: medium;\">1.05 &#8211; 1.10<\/span><\/p>\n<\/td>\n<\/tr>\n<tr>\n<td width=\"58%\" height=\"19\">\n<p align=\"left\"><span style=\"font-family: Calibri; font-size: medium;\">DGD 220\/320<\/span><\/p>\n<\/td>\n<td width=\"42%\" height=\"19\">\n<p align=\"left\"><span style=\"font-family: Calibri; font-size: medium;\">2.10 &#8211;<\/span><\/p>\n<\/td>\n<\/tr>\n<tr>\n<td width=\"58%\" height=\"19\">\n<p align=\"left\"><span style=\"font-family: Calibri; font-size: medium;\">ESE420\/430<\/span><\/p>\n<\/td>\n<td width=\"42%\" height=\"19\">\n<p align=\"left\"><span style=\"font-family: Calibri; font-size: medium;\">5.05 &#8211; 7.09<\/span><\/p>\n<\/td>\n<\/tr>\n<tr>\n<td width=\"58%\" height=\"19\">\n<p align=\"left\"><span style=\"font-family: Calibri; font-size: medium;\">ESE420\/430<\/span><\/p>\n<\/td>\n<td width=\"42%\" height=\"19\">\n<p align=\"left\"><span style=\"font-family: Calibri; font-size: medium;\">7.09 &#8211;<\/span><\/p>\n<\/td>\n<\/tr>\n<tr>\n<td width=\"58%\" height=\"19\">\n<p align=\"left\"><span style=\"font-family: Calibri; font-size: medium;\">T\u00fcrk\u00e7e: 533<\/span><\/p>\n<\/td>\n<td width=\"42%\" height=\"19\">\n<p align=\"left\"><span style=\"font-family: Calibri; font-size: medium;\">3.10 &#8211;<\/span><\/p>\n<\/td>\n<\/tr>\n<tr>\n<td width=\"58%\" height=\"19\">\n<p align=\"left\"><span style=\"font-family: Calibri; font-size: medium;\">ETM\/V 214\/216<\/span><\/p>\n<\/td>\n<td width=\"42%\" height=\"19\">\n<p align=\"left\"><span style=\"font-family: Calibri; font-size: medium;\">12.03 &#8211;<\/span><\/p>\n<\/td>\n<\/tr>\n<tr>\n<td width=\"58%\" height=\"19\">\n<p align=\"left\"><span style=\"font-family: Calibri; font-size: medium;\">ETM\/V 214\/216 (ABD)<\/span><\/p>\n<\/td>\n<td width=\"42%\" height=\"19\">\n<p align=\"left\"><span style=\"font-family: Calibri; font-size: medium;\">1.11 &#8211;<\/span><\/p>\n<\/td>\n<\/tr>\n<tr>\n<td width=\"58%\" height=\"19\">\n<p align=\"left\"><span style=\"font-family: Calibri; font-size: medium;\">ETM\/V320\/325<\/span><\/p>\n<\/td>\n<td width=\"42%\" height=\"19\">\n<p align=\"left\"><span style=\"font-family: Calibri; font-size: medium;\">12.04 &#8211;<\/span><\/p>\n<\/td>\n<\/tr>\n<tr>\n<td width=\"58%\" height=\"19\">\n<p align=\"left\"><span style=\"font-family: Calibri; font-size: medium;\">ETM\/V 320\/325 (ABD)<\/span><\/p>\n<\/td>\n<td width=\"42%\" height=\"19\">\n<p align=\"left\"><span style=\"font-family: Calibri; font-size: medium;\">1.11 &#8211;<\/span><\/p>\n<\/td>\n<\/tr>\n<tr>\n<td width=\"58%\" height=\"19\">\n<p align=\"left\"><span style=\"font-family: Calibri; font-size: medium;\">ETR314\/320<\/span><\/p>\n<\/td>\n<td width=\"42%\" height=\"19\">\n<p align=\"left\"><span style=\"font-family: Calibri; font-size: medium;\">6.06 &#8211; 11.09<\/span><\/p>\n<\/td>\n<\/tr>\n<tr>\n<td width=\"58%\" height=\"19\">\n<p align=\"left\"><span style=\"font-family: Calibri; font-size: medium;\">ETV 110\/112<\/span><\/p>\n<\/td>\n<td width=\"42%\" height=\"19\">\n<p align=\"left\"><span style=\"font-family: Calibri; font-size: medium;\">11.05 &#8211;<\/span><\/p>\n<\/td>\n<\/tr>\n<tr>\n<td width=\"58%\" height=\"19\">\n<p align=\"left\"><span style=\"font-family: Calibri; font-size: medium;\">ETV 114\/116<\/span><\/p>\n<\/td>\n<td width=\"42%\" height=\"19\">\n<p align=\"left\"><span style=\"font-family: Calibri; font-size: medium;\">11.05 &#8211;<\/span><\/p>\n<\/td>\n<\/tr>\n<tr>\n<td width=\"58%\" height=\"19\">\n<p align=\"left\"><span style=\"font-family: Calibri; font-size: medium;\">ETV 114\/116 (ABD)<\/span><\/p>\n<\/td>\n<td width=\"42%\" height=\"19\">\n<p align=\"left\"><span style=\"font-family: Calibri; font-size: medium;\">1.11 &#8211;<\/span><\/p>\n<\/td>\n<\/tr>\n<tr>\n<td width=\"58%\" height=\"19\">\n<p align=\"left\"><span style=\"font-family: Calibri; font-size: medium;\">ETV C16<\/span><\/p>\n<\/td>\n<td width=\"42%\" height=\"19\">\n<p align=\"left\"><span style=\"font-family: Calibri; font-size: medium;\">6.08 &#8211;<\/span><\/p>\n<\/td>\n<\/tr>\n<tr>\n<td width=\"58%\" height=\"19\">\n<p align=\"left\"><span style=\"font-family: Calibri; font-size: medium;\">ETV C 16 (ABD)<\/span><\/p>\n<\/td>\n<td width=\"42%\" height=\"19\">\n<p align=\"left\"><span style=\"font-family: Calibri; font-size: medium;\">1.11 &#8211;<\/span><\/p>\n<\/td>\n<\/tr>\n<tr>\n<td width=\"58%\" height=\"19\">\n<p align=\"left\"><span style=\"font-family: Calibri; font-size: medium;\">ETV C20<\/span><\/p>\n<\/td>\n<td width=\"42%\" height=\"19\">\n<p align=\"left\"><span style=\"font-family: Calibri; font-size: medium;\">6.08 &#8211;<\/span><\/p>\n<\/td>\n<\/tr>\n<tr>\n<td width=\"58%\" height=\"19\">\n<p align=\"left\"><span style=\"font-family: Calibri; font-size: medium;\">ETV C 20 (ABD)<\/span><\/p>\n<\/td>\n<td width=\"42%\" height=\"19\">\n<p align=\"left\"><span style=\"font-family: Calibri; font-size: medium;\">1.11 &#8211;<\/span><\/p>\n<\/td>\n<\/tr>\n<tr>\n<td width=\"58%\" height=\"19\">\n<p align=\"left\"><span style=\"font-family: Calibri; font-size: medium;\">ETV110-112 (ABD)<\/span><\/p>\n<\/td>\n<td width=\"42%\" height=\"19\">\n<p align=\"left\"><span style=\"font-family: Calibri; font-size: medium;\">1.11 &#8211;<\/span><\/p>\n<\/td>\n<\/tr>\n<tr>\n<td width=\"58%\" height=\"19\">\n<p align=\"left\"><span style=\"font-family: Calibri; font-size: medium;\">ETVQ20\/25<\/span><\/p>\n<\/td>\n<td width=\"42%\" height=\"19\">\n<p align=\"left\"><span style=\"font-family: Calibri; font-size: medium;\">9.10 &#8211;<\/span><\/p>\n<\/td>\n<\/tr>\n<tr>\n<td width=\"58%\" height=\"19\">\n<p align=\"left\"><span style=\"font-family: Calibri; font-size: medium;\">ETVQ 20\/25 (ABD)<\/span><\/p>\n<\/td>\n<td width=\"42%\" height=\"19\">\n<p align=\"left\"><span style=\"font-family: Calibri; font-size: medium;\">1.11 &#8211;<\/span><\/p>\n<\/td>\n<\/tr>\n<\/tbody>\n<\/table>\n<p><\/p>","protected":false},"excerpt":{"rendered":"<p data-start=\"0\" data-end=\"283\"><br data-start=\"550\" data-end=\"553\" \/>The <strong data-start=\"557\" data-end=\"587\">Jungheinrich Steering Knob<\/strong> used in forklift applications is an ergonomic and durable control knob designed to enhance operator steering control. Made from high-quality materials, it is long-lasting and improves forklift handling comfort.<\/p>\n<p data-start=\"800\" data-end=\"1056\"><strong data-start=\"800\" data-end=\"813\">Features:<\/strong><br data-start=\"813\" data-end=\"816\" \/><strong data-start=\"816\" data-end=\"833\">Product Name:<\/strong> Jungheinrich Steering Knob<br data-start=\"860\" data-end=\"863\" \/><strong data-start=\"863\" data-end=\"879\">Part Number:<\/strong> 51134300<br data-start=\"888\" data-end=\"891\" \/><strong data-start=\"891\" data-end=\"904\">Material:<\/strong> Durable plastic and metal<br data-start=\"930\" data-end=\"933\" \/><strong data-start=\"933\" data-end=\"948\">Usage Area:<\/strong> Jungheinrich forklift steering systems<br data-start=\"987\" data-end=\"990\" \/><strong data-start=\"990\" data-end=\"1004\">Advantage:<\/strong> Ergonomic design, easy control, long service life<\/p>\n<p data-start=\"1058\" data-end=\"1342\">\n","protected":false},"featured_media":15112,"template":"","meta":[],"product_brand":[],"product_cat":[236,450,470,522],"product_tag":[],"class_list":{"0":"post-15110","1":"product","2":"type-product","3":"status-publish","4":"has-post-thumbnail","6":"product_cat-jungheinrich","7":"product_cat-direksiyon-sistemleri","8":"product_cat-diger-yedek-parcalar","9":"product_cat-yedek-parca-jungheinrich","11":"first","12":"instock","13":"taxable","14":"shipping-taxable","15":"purchasable","16":"product-type-simple"},"_links":{"self":[{"href":"https:\/\/ceoparts.com\/en\/wp-json\/wp\/v2\/product\/15110","targetHints":{"allow":["GET"]}}],"collection":[{"href":"https:\/\/ceoparts.com\/en\/wp-json\/wp\/v2\/product"}],"about":[{"href":"https:\/\/ceoparts.com\/en\/wp-json\/wp\/v2\/types\/product"}],"wp:featuredmedia":[{"embeddable":true,"href":"https:\/\/ceoparts.com\/en\/wp-json\/wp\/v2\/media\/15112"}],"wp:attachment":[{"href":"https:\/\/ceoparts.com\/en\/wp-json\/wp\/v2\/media?parent=15110"}],"wp:term":[{"taxonomy":"product_brand","embeddable":true,"href":"https:\/\/ceoparts.com\/en\/wp-json\/wp\/v2\/product_brand?post=15110"},{"taxonomy":"product_cat","embeddable":true,"href":"https:\/\/ceoparts.com\/en\/wp-json\/wp\/v2\/product_cat?post=15110"},{"taxonomy":"product_tag","embeddable":true,"href":"https:\/\/ceoparts.com\/en\/wp-json\/wp\/v2\/product_tag?post=15110"}],"curies":[{"name":"wp","href":"https:\/\/api.w.org\/{rel}","templated":true}]}}