{"id":16347,"date":"2025-03-25T10:47:02","date_gmt":"2025-03-25T07:47:02","guid":{"rendered":"https:\/\/ceoparts.com\/?post_type=product&#038;p=16347"},"modified":"2026-05-16T21:00:24","modified_gmt":"2026-05-16T18:00:24","slug":"bt-rre160-koltuk-alti-kapak-7010158173","status":"publish","type":"product","link":"https:\/\/ceoparts.com\/en\/urun\/bt-rre160-koltuk-alti-kapak-7010158173\/","title":{"rendered":"BT RRE160 Seat Cover &#8211; 7010158173"},"content":{"rendered":"<p>BT RRE160 Seat Cover &#8211; 7010158173<\/p>","protected":false},"excerpt":{"rendered":"<p data-start=\"199\" data-end=\"461\"><strong data-start=\"199\" data-end=\"243\">BT RRE160 Koltuk Alt\u0131 Kapak \u2013 7010158173<\/strong>, forklift koltu\u011funun alt k\u0131sm\u0131n\u0131 koruyan dayan\u0131kl\u0131 ve sa\u011flam bir yedek par\u00e7ad\u0131r. Forkliftin i\u00e7 aksam\u0131n\u0131 toz, kir ve darbelere kar\u015f\u0131 korur. Orijinal BT par\u00e7alar\u0131ndan olup, kolay montaj\u0131 ile uzun \u00f6m\u00fcrl\u00fc kullan\u0131m sa\u011flar.<\/p>\n<p data-start=\"463\" data-end=\"480\"><strong data-start=\"463\" data-end=\"478\">\u00d6zellikler:<\/strong><\/p>\n<ul data-start=\"481\" data-end=\"583\">\n<li data-start=\"481\" data-end=\"504\">\n<p data-start=\"483\" data-end=\"504\">Orijinal BT par\u00e7as\u0131<\/p>\n<\/li>\n<li data-start=\"505\" data-end=\"533\">\n<p data-start=\"507\" data-end=\"533\">Dayan\u0131kl\u0131 ve sa\u011flam yap\u0131<\/p>\n<\/li>\n<li data-start=\"534\" data-end=\"557\">\n<p data-start=\"536\" data-end=\"557\">Koltuk alt\u0131n\u0131 korur<\/p>\n<\/li>\n<li data-start=\"558\" data-end=\"583\">\n<p data-start=\"560\" data-end=\"583\">Kolay montaj avantaj\u0131v<\/p>\n<\/li>\n<\/ul>\n","protected":false},"featured_media":16348,"template":"","meta":[],"product_brand":[],"product_cat":[251,472,518],"product_tag":[],"class_list":{"0":"post-16347","1":"product","2":"type-product","3":"status-publish","4":"has-post-thumbnail","6":"product_cat-bt","7":"product_cat-kaporta-aksami","8":"product_cat-yedek-parca-bt","10":"first","11":"instock","12":"taxable","13":"shipping-taxable","14":"purchasable","15":"product-type-simple"},"_links":{"self":[{"href":"https:\/\/ceoparts.com\/en\/wp-json\/wp\/v2\/product\/16347","targetHints":{"allow":["GET"]}}],"collection":[{"href":"https:\/\/ceoparts.com\/en\/wp-json\/wp\/v2\/product"}],"about":[{"href":"https:\/\/ceoparts.com\/en\/wp-json\/wp\/v2\/types\/product"}],"wp:featuredmedia":[{"embeddable":true,"href":"https:\/\/ceoparts.com\/en\/wp-json\/wp\/v2\/media\/16348"}],"wp:attachment":[{"href":"https:\/\/ceoparts.com\/en\/wp-json\/wp\/v2\/media?parent=16347"}],"wp:term":[{"taxonomy":"product_brand","embeddable":true,"href":"https:\/\/ceoparts.com\/en\/wp-json\/wp\/v2\/product_brand?post=16347"},{"taxonomy":"product_cat","embeddable":true,"href":"https:\/\/ceoparts.com\/en\/wp-json\/wp\/v2\/product_cat?post=16347"},{"taxonomy":"product_tag","embeddable":true,"href":"https:\/\/ceoparts.com\/en\/wp-json\/wp\/v2\/product_tag?post=16347"}],"curies":[{"name":"wp","href":"https:\/\/api.w.org\/{rel}","templated":true}]}}