{"id":8173,"date":"2021-01-21T01:23:48","date_gmt":"2021-01-20T22:23:48","guid":{"rendered":"https:\/\/ceoparts.com\/?post_type=product&#038;p=8173"},"modified":"2026-05-16T17:34:17","modified_gmt":"2026-05-16T14:34:17","slug":"230x75-80-6b-o14-still-4494268","status":"publish","type":"product","link":"https:\/\/ceoparts.com\/en\/urun\/230x75-80-6b-o14-still-4494268\/","title":{"rendered":"230&#215;75-80 Wicke Walking Wheel &#8211; 0009933848, 4494268, 0009903807"},"content":{"rendered":"<p>230&#215;75-80 Wicke Walking Wheel &#8211; 0009933848, 4494268, 0009903807<\/p>\n<p><span class=\"short_text\" lang=\"en\"><span class=\"hps\" title=\"Kliknij, aby wy\u015bwietli\u0107 alternatywne t\u0142umaczenia\">EGV-S 330221\/330222<br \/>\nEGV-S LB 330229\/330230<\/span><\/span><\/p>\n<p>YALE<\/p>\n<p>HYSTER<\/p>\n<p>OM PIMESPO, BR VESTERGAARD<\/p>\n<p>0009903807, 8494268, 4494268, 95309172, 50983508934, 129TA9068<\/p>","protected":false},"excerpt":{"rendered":"<p data-start=\"151\" data-end=\"662\"><br data-start=\"1045\" data-end=\"1048\" \/>The <strong data-start=\"1052\" data-end=\"1083\">230\u00d775-80 Wicke Drive Wheel<\/strong> is a high-quality, durable wheel used in the drive mechanism of forklifts and similar industrial vehicles. It features a sturdy metal core with a wear-resistant rubber or polyurethane coating. Its wide surface ensures balanced and secure load carrying. It reduces vibrations, providing a quiet and comfortable working experience. This high-performance drive wheel is ideal for long-lasting use in demanding conditions.<\/p>\n<p data-start=\"1504\" data-end=\"1892\"><strong data-start=\"1504\" data-end=\"1516\">Features<\/strong><br data-start=\"1516\" data-end=\"1519\" \/><strong data-start=\"1519\" data-end=\"1536\">Product Name:<\/strong> 230\u00d775-80 Wicke Drive Wheel<br data-start=\"1564\" data-end=\"1567\" \/><strong data-start=\"1567\" data-end=\"1584\">Part Numbers:<\/strong> 0009933848, 4494268, 0009903807<br data-start=\"1616\" data-end=\"1619\" \/><strong data-start=\"1619\" data-end=\"1632\">Material:<\/strong> Sturdy metal core, wear-resistant rubber or polyurethane coating<br data-start=\"1697\" data-end=\"1700\" \/><strong data-start=\"1700\" data-end=\"1716\">Application:<\/strong> Drive mechanisms for forklifts and industrial vehicles<br data-start=\"1771\" data-end=\"1774\" \/><strong data-start=\"1774\" data-end=\"1788\">Advantage:<\/strong> Balanced load carrying, vibration reduction, quiet operation, long service life, durable construction<\/p>\n<hr data-start=\"1894\" data-end=\"1897\" \/>\n<p data-start=\"1899\" data-end=\"2450\">\n","protected":false},"featured_media":11227,"template":"","meta":[],"product_brand":[],"product_cat":[404,256,260,401,193],"product_tag":[],"class_list":{"0":"post-8173","1":"product","2":"type-product","3":"status-publish","4":"has-post-thumbnail","6":"product_cat-yuruyus-tekeri-wicke","7":"product_cat-hyster","8":"product_cat-yuruyus-tekeri-hyster","9":"product_cat-wicke","10":"product_cat-yuruyus-tekeri","12":"first","13":"instock","14":"taxable","15":"shipping-taxable","16":"purchasable","17":"product-type-simple"},"_links":{"self":[{"href":"https:\/\/ceoparts.com\/en\/wp-json\/wp\/v2\/product\/8173","targetHints":{"allow":["GET"]}}],"collection":[{"href":"https:\/\/ceoparts.com\/en\/wp-json\/wp\/v2\/product"}],"about":[{"href":"https:\/\/ceoparts.com\/en\/wp-json\/wp\/v2\/types\/product"}],"wp:featuredmedia":[{"embeddable":true,"href":"https:\/\/ceoparts.com\/en\/wp-json\/wp\/v2\/media\/11227"}],"wp:attachment":[{"href":"https:\/\/ceoparts.com\/en\/wp-json\/wp\/v2\/media?parent=8173"}],"wp:term":[{"taxonomy":"product_brand","embeddable":true,"href":"https:\/\/ceoparts.com\/en\/wp-json\/wp\/v2\/product_brand?post=8173"},{"taxonomy":"product_cat","embeddable":true,"href":"https:\/\/ceoparts.com\/en\/wp-json\/wp\/v2\/product_cat?post=8173"},{"taxonomy":"product_tag","embeddable":true,"href":"https:\/\/ceoparts.com\/en\/wp-json\/wp\/v2\/product_tag?post=8173"}],"curies":[{"name":"wp","href":"https:\/\/api.w.org\/{rel}","templated":true}]}}