{"id":20950,"date":"2026-02-09T16:09:38","date_gmt":"2026-02-09T13:09:38","guid":{"rendered":"https:\/\/ceoparts.com\/?page_id=20950"},"modified":"2026-02-10T09:21:10","modified_gmt":"2026-02-10T06:21:10","slug":"hakkimizda","status":"publish","type":"page","link":"https:\/\/ceoparts.com\/es\/hakkimizda\/","title":{"rendered":"Acerca de nosotros"},"content":{"rendered":"<p>CEOPARTS es una marca que ofrece soluciones de ruedas, mecanismos y repuestos para carretillas elevadoras en el coraz\u00f3n del sector log\u00edstico y de manipulaci\u00f3n industrial.<\/p>\n<p>Con m\u00e1s de 15 a\u00f1os de experiencia en el sector, CEOPARTS inici\u00f3 sus actividades en 2019 y hoy opera en toda Turqu\u00eda gracias a una estructura organizativa multiubicaci\u00f3n y una amplia red de distribuidores.<\/p>\n<ul>\n<li>Operando en Estambul \/ Tuzla \/ distrito de Orhanl\u0131,<br \/>\n\u2022 Expansi\u00f3n continua de la red de servicios mediante una organizaci\u00f3n multiubicaci\u00f3n,<br \/>\n\u2022 Soluciones r\u00e1pidas e ininterrumpidas en todo el pa\u00eds a trav\u00e9s de un total de 6 distribuidores en 5 regiones.<\/li>\n<\/ul>\n<p>A medida que crecemos, no solo ampliamos nuestro volumen, sino tambi\u00e9n nuestra calidad de servicio, fortaleza operativa e identidad corporativa.<\/p>\n<h3 style=\"text-align: center;\"><strong>Qu\u00e9 hacemos?<\/strong><\/h3>\n<p>En CEOPARTS ofrecemos un portafolio de productos amplio, confiable y permanentemente disponible para los equipos que constituyen la columna vertebral de las operaciones log\u00edsticas y de almac\u00e9n.<\/p>\n<p>Nuestros principales grupos de productos:<\/p>\n<ul>\n<li>Ruedas y mecanismos<br \/>\n\u2022 Repuestos para transpaletas<br \/>\n\u2022 Repuestos para apiladores<br \/>\n\u2022 Repuestos para carretillas elevadoras<br \/>\n\u2022 Repuestos para reach trucks<\/li>\n<\/ul>\n<p>Garantizar el funcionamiento ininterrumpido de las carretillas elevadoras utilizadas en almacenes, centros log\u00edsticos, instalaciones de producci\u00f3n y entornos industriales pesados es el n\u00facleo de nuestra actividad.<\/p>\n<h3 style=\"text-align: center;\"><strong>Nuestra misi\u00f3n<\/strong><\/h3>\n<p>Permitir que nuestros clientes mantengan operaciones sin interrupciones proporcionando repuestos de alta calidad, t\u00e9cnicamente compatibles y duraderos, en el momento adecuado, al precio correcto y con un enfoque de servicio sostenible.<\/p>\n<p>Nuestro objetivo no es solo ser un proveedor, sino un socio de soluciones que comprende las necesidades del terreno, analiza correctamente los requerimientos y aporta un valor real a los procesos empresariales de sus clientes mediante un enfoque orientado a soluciones.<\/p>\n<p>Con una s\u00f3lida estructura de inventario, un equipo experto y una amplia red de servicios, nuestra misi\u00f3n principal es convertir la confiabilidad en un est\u00e1ndar dentro del sector log\u00edstico e industrial.<\/p>\n<p>&nbsp;<\/p>\n<h3 style=\"text-align: center;\"><strong>Nuestra visi\u00f3n<\/strong><\/h3>\n<p>Convertirnos en una de las marcas l\u00edderes en Turqu\u00eda y en los mercados globales en repuestos para carretillas elevadoras y equipos industriales, reconocida por su fiabilidad, fuerte capacidad operativa y crecimiento sostenible.<\/p>\n<p>Al combinar tecnolog\u00eda, calidad y experiencia en campo, desarrollamos soluciones que marcan la diferencia en el sector y construimos, junto con nuestros socios comerciales, un ecosistema innovador, s\u00f3lido y en constante evoluci\u00f3n.<\/p>\n<p>&nbsp;<\/p>\n<h3 style=\"text-align: center;\"><strong>Nuestra pol\u00edtica empresarial<\/strong><\/h3>\n<p>\u2022 No comprometer nunca la calidad<br \/>\n\u2022 Ofrecer el producto adecuado para la necesidad correcta<br \/>\n\u2022 Construir asociaciones a largo plazo basadas en la confianza<br \/>\n\u2022 Mantener la transparencia y la integridad en todos los procesos<br \/>\n\u2022 Colocar la satisfacci\u00f3n del cliente en el centro de nuestras operaciones<br \/>\n\u2022 Fomentar el desarrollo continuo a trav\u00e9s de nuestro equipo experto<br \/>\n\u2022 Garantizar soluciones ininterrumpidas gracias a una fuerte capacidad de stock y suministro r\u00e1pido<br \/>\n\u2022 Crear una estructura sostenible sensible al medio ambiente y a la seguridad laboral<\/p>\n<p>Con una organizaci\u00f3n en constante crecimiento, actuamos con un enfoque que anticipa no solo las necesidades de hoy, sino tambi\u00e9n las de ma\u00f1ana.<\/p>\n<p>&nbsp;<\/p>\n<h3 style=\"text-align: center;\"><strong>Marcas globales y asociaciones<\/strong><\/h3>\n<p>CEOPARTS es representante y socio de soluciones en Turqu\u00eda de numerosas marcas internacionales reconocidas por sus est\u00e1ndares de calidad.<\/p>\n<h3 style=\"text-align: center;\">Nuestros principales socios incluyen:<\/h3>\n<p>Stellana, Wicke, Tellure Rota, Vulkoprin, Blickle, Teleco Freni, Allbright, Norma, Grammer, Stabilus, Wanda, Rema, Fr\u00f6tek, Global Cables, Anderson Power y otros.<\/p>\n<p>Gracias a este s\u00f3lido portafolio de marcas, entregamos a nuestros clientes el producto adecuado en el momento adecuado, sin comprometer la calidad.<\/p>\n<p>&nbsp;<\/p>\n<h3 style=\"text-align: center;\"><strong>Certificados y est\u00e1ndares de calidad<\/strong><\/h3>\n<p>CEOPARTS opera conforme a los est\u00e1ndares nacionales e internacionales de calidad.<\/p>\n<p>\u2022 ISO 9001 \u2013 Sistema de gesti\u00f3n de la calidad<br \/>\n\u2022 ISO 10002 \u2013 Sistema de gesti\u00f3n de la satisfacci\u00f3n del cliente<br \/>\n\u2022 ISO 14001 \u2013 Sistema de gesti\u00f3n ambiental<br \/>\n\u2022 ISO 45001 \u2013 Seguridad y salud en el trabajo<\/p>\n<p>&nbsp;<\/p>\n<p><strong>CEOPARTS REPUESTOS<\/strong><br \/>\n<em>Pasos firmes con ruedas y repuestos confiables.<\/em><\/p>\n<p><a href=\"http:\/\/ceoparts.com\/wp-content\/uploads\/2026\/02\/ispanyolca-scaled.jpg\"><img loading=\"lazy\" decoding=\"async\" class=\"alignnone size-full wp-image-20969\" src=\"http:\/\/ceoparts.com\/wp-content\/uploads\/2026\/02\/ispanyolca-scaled.jpg\" alt=\"\" width=\"2560\" height=\"1040\" srcset=\"https:\/\/ceoparts.com\/wp-content\/uploads\/2026\/02\/ispanyolca-scaled.jpg 2560w, https:\/\/ceoparts.com\/wp-content\/uploads\/2026\/02\/ispanyolca-scaled-300x122.jpg 300w, https:\/\/ceoparts.com\/wp-content\/uploads\/2026\/02\/ispanyolca-scaled-1024x416.jpg 1024w, https:\/\/ceoparts.com\/wp-content\/uploads\/2026\/02\/ispanyolca-scaled-768x312.jpg 768w, https:\/\/ceoparts.com\/wp-content\/uploads\/2026\/02\/ispanyolca-scaled-1536x624.jpg 1536w, https:\/\/ceoparts.com\/wp-content\/uploads\/2026\/02\/ispanyolca-scaled-2048x832.jpg 2048w, https:\/\/ceoparts.com\/wp-content\/uploads\/2026\/02\/ispanyolca-scaled-1200x488.jpg 1200w, https:\/\/ceoparts.com\/wp-content\/uploads\/2026\/02\/ispanyolca-scaled-150x61.jpg 150w\" sizes=\"auto, (max-width: 2560px) 100vw, 2560px\" \/><\/a><\/p>\n","protected":false},"excerpt":{"rendered":"<p>CEOPARTS es una marca que ofrece soluciones de ruedas, mecanismos y repuestos para carretillas elevadoras en el coraz\u00f3n del sector<\/p>\n","protected":false},"author":256,"featured_media":0,"parent":0,"menu_order":0,"comment_status":"closed","ping_status":"closed","template":"","meta":{"footnotes":""},"class_list":["post-20950","page","type-page","status-publish","hentry"],"_links":{"self":[{"href":"https:\/\/ceoparts.com\/es\/wp-json\/wp\/v2\/pages\/20950","targetHints":{"allow":["GET"]}}],"collection":[{"href":"https:\/\/ceoparts.com\/es\/wp-json\/wp\/v2\/pages"}],"about":[{"href":"https:\/\/ceoparts.com\/es\/wp-json\/wp\/v2\/types\/page"}],"author":[{"embeddable":true,"href":"https:\/\/ceoparts.com\/es\/wp-json\/wp\/v2\/users\/256"}],"replies":[{"embeddable":true,"href":"https:\/\/ceoparts.com\/es\/wp-json\/wp\/v2\/comments?post=20950"}],"version-history":[{"count":14,"href":"https:\/\/ceoparts.com\/es\/wp-json\/wp\/v2\/pages\/20950\/revisions"}],"predecessor-version":[{"id":20983,"href":"https:\/\/ceoparts.com\/es\/wp-json\/wp\/v2\/pages\/20950\/revisions\/20983"}],"wp:attachment":[{"href":"https:\/\/ceoparts.com\/es\/wp-json\/wp\/v2\/media?parent=20950"}],"curies":[{"name":"wp","href":"https:\/\/api.w.org\/{rel}","templated":true}]}}