{"id":4839,"date":"2020-10-07T07:50:13","date_gmt":"2020-10-07T07:50:13","guid":{"rendered":"http:\/\/ceoparts.com\/quick-order\/"},"modified":"2024-09-03T05:58:43","modified_gmt":"2024-09-03T02:58:43","slug":"hizli-siparis","status":"publish","type":"page","link":"https:\/\/ceoparts.com\/es\/hizli-siparis\/","title":{"rendered":"Pedido r\u00e1pido"},"content":{"rendered":"<p style=\"text-align: center;\">\n<div id=\"content-wrapper\">\n\n\t\t<div id=\"wk_right_column\">\n\t\t\n\t\t<div class=\"wk_quick_order_box\">\n\n\t\t\t<form method=\"post\" action=\"\" enctype=\"multipart\/form-data\" id=\"uploadForm\">\n\t\n\t\t\t\t<input type=\"hidden\" id=\"quick_order_csvnonce_field\" name=\"quick_order_csvnonce_field\" value=\"72317ce3f2\" \/><input type=\"hidden\" name=\"_wp_http_referer\" value=\"\/es\/wp-json\/wp\/v2\/pages\/4839\" \/>\t\t\t\n\t\t\t\t<div class=\"product-customization\">\n\t\t\t\t\t<div class=\"clearfix\">\n\t\t\t\t\t\t<div class=\"col-md-6\">\n\t\t\t\t\t\t\t<h3 class=\"h4 card-title\">Sube tu pedido\n<\/h3>\n\t\t\t\t\t\t\tSeleccione un archivo .CSV aqu\u00ed desde su computadora.\n\t\t\t\t\t\t<\/div>\n\t\t\t\t\t\t<div class=\"wk_get_direction_button_div float-xs-right col-md-6\">\n\t\t\t\t\t\t\t<button type=\"button\" class=\"wk_quick_order_direction\" data-modal-trigger=\"quick-modal\">\n\t\t\t\t\t\t\tObtener direcci\u00f3n\n\t\t\t\t\t\t\t<\/button>\n\t\t\t\t\t\t<\/div>\n\t\t\t\t\t<\/div>\n\t\t\t\t\t\t<span class=\"custom-file\">\n\t\t\t\t\t\t\t<span class=\"js-file-name\">Ning\u00fan archivo seleccionado\n<\/span>\n\t\t\t\t\t\t\t\t<input class=\"file-input js-file-input\" required=\"\" type=\"file\" name=\"wk_quick_order_file\" id=\"wk_quick_order_file\">\n\t\t\t\t\t\t\t\t<button class=\"btn btn-primary\">Elija el archivo\n<\/button>\n\t\t\t\t\t\t\t<\/span>\n\t\t\t\t\t\t\t<button class=\"btn btn-primary\" type=\"submit\" name=\"submitCustomizedData\">subir\n<\/button>\n\t\t\t\t\t\t\n\t\t\t\t\t<div class=\"wk_quick_order_error\"><\/div>\n\t\t\t\t<\/div>\n\t\t\t<\/form>\n\t\t\t<div class=\"quick-modal\" id=\"quick-modal\"> \n\t\t\t\t<div class=\"quick-modal-content\">\n\t\t\t\t\t<div class=\"quick-modal-header\">\n\t\t\t\t\t\t<button type=\"button\" class=\"close\"> \n\t\t\t\t\t\t<\/button>\n\t\t\t\t\t\t<h3 class=\"quick-modal-title\" id=\"examplequick-modalLongTitle\">Importar archivo Excel.CSV\n<\/h3>\n\t\t\t\t\t<\/div>\n\t\t\t\t\t<div class=\"quick-modal-body\">\n\t\t\t\t\t\t<div>Siga los pasos a continuaci\u00f3n para importar varios productos usando un archivo CSV , txt . Haga clic aqu\u00ed para descargar el\n <\/div>\n\t\t\t\t\t\t<ul id=\"wk_file_type_info_ul\">\n\t\t\t\t\t\t\t<li>\n\t\t\t\t\t\t\t\t<a href=\"https:\/\/ceoparts.com\/wp-content\/plugins\/woo-quick-order\/inc\/quick-order.csv\">\n\t\t\t\t\t\t\t\t\t<span>Archivo CSV de muestra\n<\/span>\n\t\t\t\t\t\t\t\t<\/a>\n\t\t\t\t\t\t\t<\/li>\n\t\t\t\t\t\t<\/ul>\n\t\t\t\t\t\t<h3>Direcci\u00f3n\n<\/h3>\n\t\t\t\t\t\t<ul id=\"wk_file_type_info_ul\" style=\"list-style-type:disc; padding-left:10px;\">\n\t\t\t\t\t\t\t<li>\n\t\t\t\t\t\t\tIngrese el ID de producto \/ SKU en la columna A\n\t\t\t\t\t\t\t<\/li>\n\t\t\t\t\t\t\t<li>\n\t\t\t\t\t\t\tIngrese las cantidades necesarias en la Columna B\n\t\t\t\t\t\t\t<\/li>\n\t\t\t\t\t\t\t<li>\n\t\t\t\t\t\t\tNo incluya prefijos, guiones u otros signos de puntuaci\u00f3n en los n\u00fameros de los elementos. Guarde el archivo en su computadora. Formato CSV (.csv) y haga clic en Cargar.\n\t\t\t\t\t\t\t<\/li>\n\t\t\t\t\t\t<\/ul> \n\t\t\t\t\t<\/div>\n\t\t\t\t<\/div> \n\t\t\t<\/div>\n\t\t<\/div>\n\t<\/div>\n\n\t<\/div>\n","protected":false},"excerpt":{"rendered":"Sube tu pedido Seleccione un archivo .CSV aqu\u00ed desde su computadora. Obtener direcci\u00f3n Ning\u00fan archivo seleccionado Elija el archivo subir","protected":false},"author":1,"featured_media":0,"parent":0,"menu_order":0,"comment_status":"closed","ping_status":"closed","template":"","meta":{"footnotes":""},"class_list":["post-4839","page","type-page","status-publish","hentry"],"_links":{"self":[{"href":"https:\/\/ceoparts.com\/es\/wp-json\/wp\/v2\/pages\/4839","targetHints":{"allow":["GET"]}}],"collection":[{"href":"https:\/\/ceoparts.com\/es\/wp-json\/wp\/v2\/pages"}],"about":[{"href":"https:\/\/ceoparts.com\/es\/wp-json\/wp\/v2\/types\/page"}],"author":[{"embeddable":true,"href":"https:\/\/ceoparts.com\/es\/wp-json\/wp\/v2\/users\/1"}],"replies":[{"embeddable":true,"href":"https:\/\/ceoparts.com\/es\/wp-json\/wp\/v2\/comments?post=4839"}],"version-history":[{"count":8,"href":"https:\/\/ceoparts.com\/es\/wp-json\/wp\/v2\/pages\/4839\/revisions"}],"predecessor-version":[{"id":8514,"href":"https:\/\/ceoparts.com\/es\/wp-json\/wp\/v2\/pages\/4839\/revisions\/8514"}],"wp:attachment":[{"href":"https:\/\/ceoparts.com\/es\/wp-json\/wp\/v2\/media?parent=4839"}],"curies":[{"name":"wp","href":"https:\/\/api.w.org\/{rel}","templated":true}]}}