{"id":7884,"date":"2020-10-27T23:42:02","date_gmt":"2020-10-27T20:42:02","guid":{"rendered":"https:\/\/ceoparts.com\/?page_id=7884"},"modified":"2026-03-04T09:08:39","modified_gmt":"2026-03-04T06:08:39","slug":"gizlilik-politikasi","status":"publish","type":"page","link":"https:\/\/ceoparts.com\/es\/gizlilik-politikasi\/","title":{"rendered":"Pol\u00edtica de privacidad"},"content":{"rendered":"<p data-start=\"168\" data-end=\"418\">Todos los servicios ofrecidos en el sitio <strong data-start=\"210\" data-end=\"226\">Ceoparts.com<\/strong> pertenecen a <strong data-start=\"240\" data-end=\"305\">Ceoparts Makine Yedek Par\u00e7a Sanayi ve Ticaret Limited \u015eirketi<\/strong>, registrada en la direcci\u00f3n <strong data-start=\"334\" data-end=\"417\">Mescit Mah. Demokrasi Cad. Ulug\u00fcney Sokak A Blok No:1 Tuzla \/ Estambul, Turqu\u00eda<\/strong>.<\/p>\n<p data-start=\"420\" data-end=\"586\">Ceoparts puede recopilar datos personales con diferentes fines. A continuaci\u00f3n se explica c\u00f3mo se recopilan los datos personales, c\u00f3mo se utilizan y c\u00f3mo se protegen.<\/p>\n<p data-start=\"588\" data-end=\"937\">Mediante el registro como miembro o al completar diversos formularios y encuestas en nuestra tienda, nuestra tienda puede recopilar cierta informaci\u00f3n personal de los usuarios (como nombre y apellido, informaci\u00f3n de la empresa, n\u00famero de tel\u00e9fono, direcci\u00f3n o direcci\u00f3n de correo electr\u00f3nico) de acuerdo con la naturaleza de los servicios prestados.<\/p>\n<p data-start=\"939\" data-end=\"1308\">En determinados per\u00edodos, Ceoparts puede enviar a sus clientes y miembros informaci\u00f3n sobre campa\u00f1as, nuevos productos y ofertas promocionales. Los miembros pueden elegir si desean recibir esta informaci\u00f3n durante el registro. Posteriormente, pueden modificar esta preferencia accediendo a su cuenta o mediante el enlace incluido en los mensajes informativos recibidos.<\/p>\n<p data-start=\"1310\" data-end=\"1586\">La informaci\u00f3n personal transmitida electr\u00f3nicamente a nuestra tienda por nuestros miembros a trav\u00e9s de Ceoparts o por correo electr\u00f3nico durante el proceso de confirmaci\u00f3n no ser\u00e1 revelada a terceros fuera de los fines y el alcance establecidos en el <strong data-start=\"1562\" data-end=\"1585\">Contrato de Usuario<\/strong>.<\/p>\n<p data-start=\"1588\" data-end=\"1953\">Para identificar problemas relacionados con el sistema y resolver r\u00e1pidamente cualquier problema o disputa que pueda surgir con respecto al servicio proporcionado, nuestra empresa registra y utiliza las direcciones IP de los usuarios. Las direcciones IP tambi\u00e9n pueden utilizarse para identificar a los usuarios de forma general y recopilar informaci\u00f3n demogr\u00e1fica.<\/p>\n<p data-start=\"1955\" data-end=\"2629\">Ceoparts tambi\u00e9n puede utilizar la informaci\u00f3n solicitada para realizar marketing directo por s\u00ed misma o en cooperaci\u00f3n con socios comerciales, adem\u00e1s de los fines y el alcance establecidos en el contrato de membres\u00eda. La informaci\u00f3n personal tambi\u00e9n puede utilizarse para contactar al usuario cuando sea necesario. La informaci\u00f3n solicitada por nuestra empresa o proporcionada por el usuario, as\u00ed como la informaci\u00f3n relacionada con las transacciones realizadas a trav\u00e9s de nuestra tienda, puede ser utilizada por nuestra empresa y sus socios para evaluaciones estad\u00edsticas, creaci\u00f3n de bases de datos e investigaciones de mercado, sin revelar la identidad de los miembros.<\/p>\n<p data-start=\"2631\" data-end=\"3019\">Ceoparts se compromete a mantener la informaci\u00f3n confidencial de manera estrictamente privada y confidencial, consider\u00e1ndola como una obligaci\u00f3n de secreto, y a tomar todas las medidas necesarias para garantizar y mantener la confidencialidad, evitando que toda o parte de la informaci\u00f3n confidencial pase al dominio p\u00fablico o sea utilizada o divulgada de manera no autorizada a terceros.<\/p>\n<hr data-start=\"3021\" data-end=\"3024\" \/>\n<h1 data-start=\"3026\" data-end=\"3062\">SEGURIDAD DE LA TARJETA DE CR\u00c9DITO<\/h1>\n<p data-start=\"3064\" data-end=\"3294\">Ceoparts da la m\u00e1xima importancia a la seguridad de los titulares de tarjetas de cr\u00e9dito que realizan compras en nuestro sitio web. La informaci\u00f3n de su tarjeta de cr\u00e9dito <strong data-start=\"3236\" data-end=\"3293\">no se almacena de ninguna manera en nuestros sistemas<\/strong>.<\/p>\n<p data-start=\"3296\" data-end=\"3603\">Cuando accede al proceso de pago, hay dos elementos que indican que se encuentra en una p\u00e1gina segura. Uno de ellos es el icono de llave o candado que aparece en la parte inferior del navegador. Esto indica que se encuentra en una p\u00e1gina web segura y que toda su informaci\u00f3n est\u00e1 protegida mediante cifrado.<\/p>\n<p data-start=\"3605\" data-end=\"4079\">La informaci\u00f3n de la tarjeta de cr\u00e9dito utilizada durante las compras se cifra mediante el protocolo <strong data-start=\"3706\" data-end=\"3748\">SSL de 128 bits (Secure Sockets Layer)<\/strong> y se env\u00eda directamente al banco correspondiente para su verificaci\u00f3n, independientemente de nuestro sitio web. Si se confirma la validez de la tarjeta, el proceso de compra contin\u00faa. Como ninguna informaci\u00f3n de la tarjeta puede ser visualizada ni almacenada por nuestra empresa, se evita que terceros accedan a dicha informaci\u00f3n.<\/p>\n<p data-start=\"4081\" data-end=\"4657\">La fiabilidad de la informaci\u00f3n de pago, facturaci\u00f3n y direcci\u00f3n de entrega de los pedidos realizados en l\u00ednea con tarjeta de cr\u00e9dito es verificada por nuestra empresa para prevenir <strong data-start=\"4263\" data-end=\"4298\">fraudes con tarjetas de cr\u00e9dito<\/strong>. Por lo tanto, para los clientes que realizan pedidos por primera vez en nuestro sitio web, puede ser necesario verificar la informaci\u00f3n financiera, as\u00ed como los datos de direcci\u00f3n y tel\u00e9fono antes de que el pedido pueda pasar a la fase de suministro y entrega. Si es necesario, se puede contactar con el titular de la tarjeta o con el banco correspondiente.<\/p>\n<p data-start=\"4659\" data-end=\"5018\">Toda la informaci\u00f3n proporcionada durante el registro solo puede ser accedida y modificada por usted. Siempre que mantenga seguras sus credenciales de acceso, nadie m\u00e1s podr\u00e1 acceder ni modificar su informaci\u00f3n. Para ello, las operaciones de registro se realizan dentro de un \u00e1rea de seguridad <strong data-start=\"4953\" data-end=\"4972\">SSL de 128 bits<\/strong>, que es un est\u00e1ndar internacional de cifrado.<\/p>\n<p data-start=\"5020\" data-end=\"5348\">Los sitios de comercio electr\u00f3nico que muestran claramente su direcci\u00f3n, n\u00famero de tel\u00e9fono y servicio de atenci\u00f3n al cliente son hoy en d\u00eda m\u00e1s preferidos. De esta manera, puede obtener informaci\u00f3n detallada sobre cualquier tema y evaluar con mayor seguridad la fiabilidad de la empresa que ofrece servicios de compra en l\u00ednea.<\/p>\n<p data-start=\"5350\" data-end=\"5786\">Nota: Recomendamos verificar que los sitios de comercio electr\u00f3nico incluyan claramente la direcci\u00f3n y el n\u00famero de tel\u00e9fono de la empresa. Antes de realizar una compra, anote todos los datos de contacto de la tienda. Si no conf\u00eda plenamente, puede llamar antes de realizar la compra para confirmar la informaci\u00f3n. En todos nuestros sitios de comercio electr\u00f3nico se indican claramente todos los datos de nuestra empresa y su ubicaci\u00f3n.<\/p>\n<hr data-start=\"5788\" data-end=\"5791\" \/>\n<h1 data-start=\"5793\" data-end=\"5860\">SEGURIDAD DE LA INFORMACI\u00d3N DE TARJETAS DE CR\u00c9DITO POR MAIL ORDER<\/h1>\n<p data-start=\"5862\" data-end=\"6045\">La informaci\u00f3n de identidad y tarjeta de cr\u00e9dito que nos env\u00ede mediante el m\u00e9todo <strong data-start=\"5944\" data-end=\"5958\">mail-order<\/strong> ser\u00e1 almacenada por nuestra empresa de acuerdo con los principios de confidencialidad.<\/p>\n<p data-start=\"6047\" data-end=\"6404\">Esta informaci\u00f3n se mantiene durante <strong data-start=\"6084\" data-end=\"6095\">60 d\u00edas<\/strong> para posibles objeciones bancarias relacionadas con cargos realizados con tarjeta de cr\u00e9dito y posteriormente es destruida. En caso de que se cargue a su tarjeta un importe diferente al indicado en el formulario de mail-order firmado por usted, podr\u00e1 presentar una reclamaci\u00f3n ante su banco y evitar el pago.<\/p>\n<hr data-start=\"6406\" data-end=\"6409\" \/>\n<h1 data-start=\"6411\" data-end=\"6450\">SITIOS WEB Y APLICACIONES DE TERCEROS<\/h1>\n<p data-start=\"6452\" data-end=\"6661\">Ceoparts puede incluir enlaces a otros sitios web dentro de su sitio. Ceoparts no se responsabiliza de las pr\u00e1cticas de privacidad ni del contenido de los sitios a los que se accede a trav\u00e9s de dichos enlaces.<\/p>\n<p data-start=\"6663\" data-end=\"6914\">Los anuncios publicados en nuestro sitio se distribuyen a nuestros usuarios a trav\u00e9s de nuestros socios publicitarios. Los principios de esta pol\u00edtica de privacidad se aplican \u00fanicamente al uso de nuestra tienda y no cubren los sitios web de terceros.<\/p>\n<hr data-start=\"6916\" data-end=\"6919\" \/>\n<h1 data-start=\"6921\" data-end=\"6942\">CASOS EXCEPCIONALES<\/h1>\n<p data-start=\"6944\" data-end=\"7130\">En los casos limitados que se indican a continuaci\u00f3n, nuestra empresa puede divulgar informaci\u00f3n de los usuarios a terceros fuera de las disposiciones de esta <strong data-start=\"7103\" data-end=\"7129\">Pol\u00edtica de Privacidad<\/strong>:<\/p>\n<ol data-start=\"7132\" data-end=\"7603\">\n<li data-start=\"7132\" data-end=\"7224\">\n<p data-start=\"7135\" data-end=\"7224\">Para cumplir con las obligaciones impuestas por leyes, decretos o reglamentos vigentes.<\/p>\n<\/li>\n<li data-start=\"7225\" data-end=\"7346\">\n<p data-start=\"7228\" data-end=\"7346\">Para cumplir y aplicar las disposiciones del <strong data-start=\"7273\" data-end=\"7298\">Contrato de Membres\u00eda<\/strong> y otros acuerdos celebrados con los usuarios.<\/p>\n<\/li>\n<li data-start=\"7347\" data-end=\"7495\">\n<p data-start=\"7350\" data-end=\"7495\">Cuando la informaci\u00f3n de los usuarios sea solicitada por autoridades administrativas o judiciales competentes en el marco de una investigaci\u00f3n.<\/p>\n<\/li>\n<li data-start=\"7496\" data-end=\"7603\">\n<p data-start=\"7499\" data-end=\"7603\">Cuando sea necesario proporcionar informaci\u00f3n para proteger los derechos o la seguridad de los usuarios.<\/p>\n<\/li>\n<\/ol>\n<hr data-start=\"7605\" data-end=\"7608\" \/>\n<h1 data-start=\"7610\" data-end=\"7644\">SEGURIDAD DEL CORREO ELECTR\u00d3NICO<\/h1>\n<p data-start=\"7646\" data-end=\"7842\">En los correos electr\u00f3nicos que env\u00ede al <strong data-start=\"7687\" data-end=\"7734\">Servicio de Atenci\u00f3n al Cliente de Ceoparts<\/strong> relacionados con cualquier pedido, <strong data-start=\"7770\" data-end=\"7841\">nunca incluya el n\u00famero de su tarjeta de cr\u00e9dito ni sus contrase\u00f1as<\/strong>.<\/p>\n<p data-start=\"7844\" data-end=\"8029\">La informaci\u00f3n contenida en los correos electr\u00f3nicos puede ser vista por terceros. Nuestra empresa no puede garantizar la seguridad de la informaci\u00f3n transmitida por correo electr\u00f3nico.<\/p>\n<hr data-start=\"8031\" data-end=\"8034\" \/>\n<h1 data-start=\"8036\" data-end=\"8059\">COOKIES DEL NAVEGADOR<\/h1>\n<p data-start=\"8061\" data-end=\"8241\">Nuestra empresa puede obtener informaci\u00f3n sobre los usuarios que visitan nuestro sitio y sobre el uso del sitio web mediante archivos t\u00e9cnicos de comunicaci\u00f3n llamados <strong data-start=\"8229\" data-end=\"8240\">cookies<\/strong>.<\/p>\n<p data-start=\"8243\" data-end=\"8447\">Las cookies son peque\u00f1os archivos de texto que un sitio web env\u00eda al navegador del usuario para almacenarse en la memoria. Facilitan el uso de Internet al guardar preferencias y configuraciones del sitio.<\/p>\n<p data-start=\"8449\" data-end=\"8507\">Las cookies ayudan a obtener informaci\u00f3n estad\u00edstica como:<\/p>\n<ul data-start=\"8509\" data-end=\"8649\">\n<li data-start=\"8509\" data-end=\"8546\">\n<p data-start=\"8511\" data-end=\"8546\">cu\u00e1ntas personas visitan el sitio<\/p>\n<\/li>\n<li data-start=\"8547\" data-end=\"8580\">\n<p data-start=\"8549\" data-end=\"8580\">con qu\u00e9 frecuencia lo visitan<\/p>\n<\/li>\n<li data-start=\"8581\" data-end=\"8621\">\n<p data-start=\"8583\" data-end=\"8621\">cu\u00e1nto tiempo permanecen en el sitio<\/p>\n<\/li>\n<li data-start=\"8622\" data-end=\"8649\">\n<p data-start=\"8624\" data-end=\"8649\">desde qu\u00e9 p\u00e1ginas acceden<\/p>\n<\/li>\n<\/ul>\n<p data-start=\"8651\" data-end=\"8945\">Las cookies no est\u00e1n dise\u00f1adas para obtener datos de la memoria principal ni de su correo electr\u00f3nico. La mayor\u00eda de los navegadores aceptan cookies de forma predeterminada, pero los usuarios pueden cambiar la configuraci\u00f3n para rechazarlas o recibir una advertencia cuando se env\u00ede una cookie.<\/p>\n<hr data-start=\"8947\" data-end=\"8950\" \/>\n<h1 data-start=\"8952\" data-end=\"8990\">CAMBIOS EN LA POL\u00cdTICA DE PRIVACIDAD<\/h1>\n<p data-start=\"8992\" data-end=\"9174\">Ceoparts puede modificar en cualquier momento las disposiciones de esta <strong data-start=\"9064\" data-end=\"9090\">Pol\u00edtica de Privacidad<\/strong>, public\u00e1ndolas en el sitio web o notificando a los usuarios por correo electr\u00f3nico.<\/p>\n<p data-start=\"9176\" data-end=\"9247\">Las modificaciones entran en vigor a partir de la fecha de publicaci\u00f3n.<\/p>\n<hr data-start=\"9249\" data-end=\"9252\" \/>\n<h1 data-start=\"9254\" data-end=\"9264\">CONTACTO<\/h1>\n<p data-start=\"9266\" data-end=\"9370\">Para cualquier pregunta o sugerencia relacionada con nuestra pol\u00edtica de privacidad, puede contactarnos:<\/p>\n<p data-start=\"9372\" data-end=\"9460\"><strong data-start=\"9372\" data-end=\"9396\">Nombre de la empresa<\/strong><br data-start=\"9396\" data-end=\"9399\" \/>Ceoparts Makine Yedek Par\u00e7a Sanayi ve Ticaret Limited \u015eirketi<\/p>\n<p data-start=\"9462\" data-end=\"9550\"><strong data-start=\"9462\" data-end=\"9475\">Direcci\u00f3n<\/strong><br data-start=\"9475\" data-end=\"9478\" \/>Mescit Mah. Demokrasi Cad. Ulug\u00fcney Sokak A Blok No:1<br data-start=\"9531\" data-end=\"9534\" \/>Tuzla \/ Estambul<\/p>\n<p data-start=\"9552\" data-end=\"9594\"><strong data-start=\"9552\" data-end=\"9574\">Correo electr\u00f3nico<\/strong><br data-start=\"9574\" data-end=\"9577\" \/><a class=\"decorated-link cursor-pointer\" rel=\"noopener\" data-start=\"9577\" data-end=\"9594\">info@ceoparts.com<\/a><\/p>\n<p data-start=\"9596\" data-end=\"9630\"><strong data-start=\"9596\" data-end=\"9608\">Tel\u00e9fono<\/strong><br data-start=\"9608\" data-end=\"9611\" \/>+90 (216) 394 14 94<\/p>\n<p data-start=\"9632\" data-end=\"9661\"><strong data-start=\"9632\" data-end=\"9639\">Fax<\/strong><br data-start=\"9639\" data-end=\"9642\" \/>+90 (216) 394 16 37<\/p>\n","protected":false},"excerpt":{"rendered":"<p>Todos los servicios ofrecidos en el sitio Ceoparts.com pertenecen a Ceoparts Makine Yedek Par\u00e7a Sanayi ve Ticaret Limited \u015eirketi, registrada<\/p>\n","protected":false},"author":1,"featured_media":0,"parent":0,"menu_order":0,"comment_status":"closed","ping_status":"closed","template":"","meta":{"footnotes":""},"class_list":["post-7884","page","type-page","status-publish","hentry"],"_links":{"self":[{"href":"https:\/\/ceoparts.com\/es\/wp-json\/wp\/v2\/pages\/7884","targetHints":{"allow":["GET"]}}],"collection":[{"href":"https:\/\/ceoparts.com\/es\/wp-json\/wp\/v2\/pages"}],"about":[{"href":"https:\/\/ceoparts.com\/es\/wp-json\/wp\/v2\/types\/page"}],"author":[{"embeddable":true,"href":"https:\/\/ceoparts.com\/es\/wp-json\/wp\/v2\/users\/1"}],"replies":[{"embeddable":true,"href":"https:\/\/ceoparts.com\/es\/wp-json\/wp\/v2\/comments?post=7884"}],"version-history":[{"count":7,"href":"https:\/\/ceoparts.com\/es\/wp-json\/wp\/v2\/pages\/7884\/revisions"}],"predecessor-version":[{"id":21106,"href":"https:\/\/ceoparts.com\/es\/wp-json\/wp\/v2\/pages\/7884\/revisions\/21106"}],"wp:attachment":[{"href":"https:\/\/ceoparts.com\/es\/wp-json\/wp\/v2\/media?parent=7884"}],"curies":[{"name":"wp","href":"https:\/\/api.w.org\/{rel}","templated":true}]}}