{"id":7907,"date":"2020-10-28T06:32:57","date_gmt":"2020-10-28T03:32:57","guid":{"rendered":"https:\/\/ceoparts.com\/?page_id=7907"},"modified":"2024-08-17T00:25:47","modified_gmt":"2024-08-16T21:25:47","slug":"odeme-ve-teslimat","status":"publish","type":"page","link":"https:\/\/ceoparts.com\/es\/odeme-ve-teslimat\/","title":{"rendered":"Pago y Entrega"},"content":{"rendered":"<p><strong>1) Por Transferencia Bancaria o EFT (Transferencia Electr\u00f3nica de Fondos)<\/strong><\/p>\n<p>Puede realizar una transferencia en TL, EURO o D\u00d3LAR a cualquiera de nuestras cuentas en Garanti Bank y Halk Bank.<\/p>\n<p><strong>2) A trav\u00e9s de nuestra p\u00e1gina web con sus tarjetas de cr\u00e9dito<\/strong><\/p>\n<p>Puede aprovechar las opciones de pago \u00fanico en l\u00ednea o de cuotas con cualquier tarjeta de cr\u00e9dito. En los pagos en l\u00ednea, el monto se cargar\u00e1 a su tarjeta de cr\u00e9dito al finalizar su pedido. En caso de una posible cancelaci\u00f3n del pedido o problemas de stock, los reembolsos a su tarjeta de cr\u00e9dito pueden variar seg\u00fan los procedimientos del banco.<\/p>\n<p><strong>3) Reembolso del Importe del Pedido<\/strong><\/p>\n<p>En caso de cancelaci\u00f3n de sus pedidos por cualquier motivo, Ceoparts Makine Yedek Par\u00e7a A.\u015e reembolsar\u00e1 el costo del producto en su cuenta y\/o tarjeta de cr\u00e9dito dentro de los siete d\u00edas h\u00e1biles. Sin embargo, debe proporcionar correctamente y de manera completa la informaci\u00f3n de su cuenta bancaria y\/o los datos de su tarjeta de cr\u00e9dito a nuestros responsables financieros.<\/p>\n<p><strong>4) Entrega<\/strong><\/p>\n<p>Nos esforzamos por entregar los productos que ha solicitado al transportista el mismo d\u00eda. Para los productos que requieren m\u00e1s tiempo de entrega, el tiempo de env\u00edo es de 3 d\u00edas h\u00e1biles, como se indica en los detalles del producto. En caso de un posible retraso en la entrega, se le informar\u00e1.<\/p>\n<p>Para garantizar una entrega sin problemas, proporcione la direcci\u00f3n en la que se encontrar\u00e1 durante el d\u00eda como direcci\u00f3n de entrega.<\/p>\n<p>Sus solicitudes ser\u00e1n procesadas de acuerdo con el m\u00e9todo de entrega que haya especificado al finalizar su pedido. Los productos de nuestra empresa con sede en Estambul se enviar\u00e1n a trav\u00e9s de la empresa de mensajer\u00eda MNG. Sus pedidos se entregar\u00e1n a la empresa de mensajer\u00eda en un m\u00e1ximo de 2 (dos) d\u00edas h\u00e1biles despu\u00e9s de la confirmaci\u00f3n.<\/p>\n<p>Puede consultar con nuestro representante de atenci\u00f3n al cliente sobre diferentes condiciones de entrega. Adem\u00e1s, las entregas por mensajer\u00eda solo son v\u00e1lidas para Turqu\u00eda.<\/p>\n<p><strong>5) Seguimiento de Pagos<\/strong><\/p>\n<p>Si el sistema no puede completar la transacci\u00f3n debido a un problema, se notificar\u00e1 a nuestro visitante al final de la p\u00e1gina de pago.<\/p>\n<p>En caso de un error en la direcci\u00f3n especificada, se contactar\u00e1 al cliente en relaci\u00f3n con el pedido no entregado.<\/p>\n<p>La validez de la direcci\u00f3n de correo electr\u00f3nico proporcionada por nuestro visitante se confirma mediante un correo electr\u00f3nico autom\u00e1tico enviado despu\u00e9s de que se haya realizado el pedido.<\/p>\n<p>Somos responsables no solo ante el cliente, sino tambi\u00e9n ante el banco cuyo sistema de tarjetas de cr\u00e9dito utilizamos, para garantizar la correcta realizaci\u00f3n de la entrega.<\/p>\n<p><strong>\u00a1Por favor, tenga en cuenta!<\/strong><\/p>\n<p>Si cree que el paquete ha sido da\u00f1ado durante el env\u00edo, \u00e1bralo y rev\u00edselo frente al representante de la empresa de mensajer\u00eda. Si cree que el producto est\u00e1 da\u00f1ado, haga que la empresa de mensajer\u00eda levante un acta y no acepte el producto.<\/p>\n<p>Una vez recibido el producto, se considera que la empresa de mensajer\u00eda ha cumplido correctamente con su deber.<\/p>\n<p><strong>Si el producto est\u00e1 da\u00f1ado:<\/strong> Env\u00ede el acta que haya preparado lo antes posible al n\u00famero de fax 0216 394 16 37 o informe de la situaci\u00f3n por correo electr\u00f3nico a <a rel=\"noopener\">info@ceoparts.com<\/a>.<\/p>\n<p>Si realiza estos procedimientos, comenzaremos a trabajar en su paquete y nos aseguraremos de que la entrega se repita lo antes posible.<\/p>\n","protected":false},"excerpt":{"rendered":"<p>1) Por Transferencia Bancaria o EFT (Transferencia Electr\u00f3nica de Fondos) Puede realizar una transferencia en TL, EURO o D\u00d3LAR a<\/p>\n","protected":false},"author":1,"featured_media":0,"parent":0,"menu_order":0,"comment_status":"closed","ping_status":"closed","template":"","meta":{"footnotes":""},"class_list":["post-7907","page","type-page","status-publish","hentry"],"_links":{"self":[{"href":"https:\/\/ceoparts.com\/es\/wp-json\/wp\/v2\/pages\/7907","targetHints":{"allow":["GET"]}}],"collection":[{"href":"https:\/\/ceoparts.com\/es\/wp-json\/wp\/v2\/pages"}],"about":[{"href":"https:\/\/ceoparts.com\/es\/wp-json\/wp\/v2\/types\/page"}],"author":[{"embeddable":true,"href":"https:\/\/ceoparts.com\/es\/wp-json\/wp\/v2\/users\/1"}],"replies":[{"embeddable":true,"href":"https:\/\/ceoparts.com\/es\/wp-json\/wp\/v2\/comments?post=7907"}],"version-history":[{"count":4,"href":"https:\/\/ceoparts.com\/es\/wp-json\/wp\/v2\/pages\/7907\/revisions"}],"predecessor-version":[{"id":9422,"href":"https:\/\/ceoparts.com\/es\/wp-json\/wp\/v2\/pages\/7907\/revisions\/9422"}],"wp:attachment":[{"href":"https:\/\/ceoparts.com\/es\/wp-json\/wp\/v2\/media?parent=7907"}],"curies":[{"name":"wp","href":"https:\/\/api.w.org\/{rel}","templated":true}]}}