{"id":7909,"date":"2020-10-28T09:29:45","date_gmt":"2020-10-28T06:29:45","guid":{"rendered":"https:\/\/ceoparts.com\/?page_id=7909"},"modified":"2026-03-04T09:08:33","modified_gmt":"2026-03-04T06:08:33","slug":"kullanici-sozlesmesi","status":"publish","type":"page","link":"https:\/\/ceoparts.com\/es\/kullanici-sozlesmesi\/","title":{"rendered":"Acuerdo del Usuario"},"content":{"rendered":"<p>Se presume que los clientes que utilizan este sitio de compras y realizan compras aceptan los siguientes t\u00e9rminos:<\/p>\n<p>El sitio ceoparts.com y todas las p\u00e1ginas vinculadas a \u00e9l (el &#8220;sitio&#8221;) son propiedad de Ceoparts Yedek Par\u00e7a A.\u015e, con sede en Mescit Mah. Demokrasi Cad. Ulug\u00fcney Sokak A Blok No:1 Tuzla\/\u0130stanbul, y son gestionadas por dicha empresa. Al utilizar los servicios ofrecidos en el sitio, usted (&#8220;Usuario&#8221;) acepta estar sujeto a los siguientes t\u00e9rminos y condiciones, y al continuar utilizando el sitio, declara que tiene el derecho, la autoridad y la capacidad legal para celebrar un contrato seg\u00fan las leyes aplicables, que es mayor de edad y que ha le\u00eddo, comprendido y acepta los t\u00e9rminos y condiciones de este contrato.<\/p>\n<p>Este contrato impone a las partes derechos y obligaciones en relaci\u00f3n con el uso del sitio, y al aceptar este contrato, las partes se comprometen a cumplir con precisi\u00f3n, exactitud y puntualidad los derechos y obligaciones mencionados en este contrato, de acuerdo con los t\u00e9rminos requeridos por el mismo.<\/p>\n<p><strong>RESPONSABILIDADES<\/strong> a. Ceoparts se reserva el derecho de modificar los precios y los productos y servicios ofrecidos en cualquier momento. b. Ceoparts se compromete a garantizar que el usuario pueda beneficiarse de los servicios previstos en el contrato, salvo fallos t\u00e9cnicos. c. El Usuario se compromete a no realizar ingenier\u00eda inversa ni a llevar a cabo ninguna otra operaci\u00f3n destinada a descubrir o obtener el c\u00f3digo fuente del sitio; en caso contrario, reconoce que ser\u00e1 responsable de los da\u00f1os causados a terceros y acepta por adelantado que se emprendan acciones legales civiles o penales en su contra. d. El Usuario se compromete a no producir ni compartir contenidos que sean contrarios a la moral y el orden p\u00fablico, ilegales, que infrinjan los derechos de terceros, enga\u00f1osos, ofensivos, obscenos, pornogr\u00e1ficos, que infrinjan los derechos de la personalidad, violen los derechos de autor o que fomenten actividades ilegales en sus actividades en el sitio, en cualquier parte del sitio o en sus comunicaciones. En caso contrario, ser\u00e1 completamente responsable de los da\u00f1os que se produzcan, y los administradores del &#8220;sitio&#8221; se reservan el derecho de suspender o cerrar dichas cuentas y de emprender acciones legales. Por lo tanto, el sitio se reserva el derecho de divulgar cualquier informaci\u00f3n relacionada con las actividades o cuentas de los usuarios si as\u00ed lo solicitan las autoridades judiciales. e. Las relaciones entre los miembros del sitio y terceros son de su exclusiva responsabilidad.<\/p>\n<p><strong>Derechos de Propiedad Intelectual<\/strong><\/p>\n<p>2.1. Todos los derechos de propiedad intelectual presentes en este sitio, como t\u00edtulos, nombres comerciales, marcas, patentes, logotipos, dise\u00f1os, informaci\u00f3n y m\u00e9todos, registrados o no registrados, pertenecen a Ceoparts, operador y propietario del sitio, o a la parte interesada mencionada, y est\u00e1n protegidos por la legislaci\u00f3n nacional e internacional. La visita al sitio o el uso de los servicios proporcionados en el sitio no confiere ning\u00fan derecho con respecto a estos derechos de propiedad intelectual.<\/p>\n<p>2.2. La informaci\u00f3n presente en el sitio no puede reproducirse, publicarse, copiarse, presentarse y\/o transmitirse en ning\u00fan caso. Todo o parte del sitio no puede utilizarse en otro sitio de Internet sin autorizaci\u00f3n.<\/p>\n<p><strong>Informaci\u00f3n Confidencial<\/strong><\/p>\n<p>3.1. Ceoparts se compromete a no divulgar a terceros la informaci\u00f3n personal transmitida por los usuarios a trav\u00e9s del sitio. Esta informaci\u00f3n personal incluye datos como nombre, apellido, direcci\u00f3n, n\u00famero de tel\u00e9fono, n\u00famero de celular, direcci\u00f3n de correo electr\u00f3nico y cualquier otra informaci\u00f3n que permita identificar al usuario, que ser\u00e1 mencionada en adelante como &#8220;Informaci\u00f3n Confidencial&#8221;.<\/p>\n<p>3.2. El Usuario acepta y declara que Ceoparts, propietario del sitio, puede compartir su informaci\u00f3n de contacto, cartera y datos demogr\u00e1ficos con sus filiales o con las empresas del grupo al que pertenece, con fines de promoci\u00f3n, publicidad, campa\u00f1as, promociones, anuncios, etc., en el marco de actividades de marketing. Esta informaci\u00f3n personal puede ser utilizada por Ceoparts para establecer un perfil de cliente, ofrecer promociones y campa\u00f1as adecuadas al perfil del cliente y realizar estudios estad\u00edsticos.<\/p>\n<p>3.3. La Informaci\u00f3n Confidencial solo podr\u00e1 divulgarse a las autoridades oficiales si estas la solicitan conforme a los procedimientos legales y si la divulgaci\u00f3n es obligatoria en virtud de las disposiciones legales imperativas en vigor.<\/p>\n<p><strong>Exclusi\u00f3n de Garant\u00eda:<\/strong><\/p>\n<p>ESTA DISPOSICI\u00d3N DEL CONTRATO SE APLICAR\u00c1 EN LA M\u00c1XIMA MEDIDA PERMITIDA POR LA LEY APLICABLE. LOS SERVICIOS PROPORCIONADOS POR LA EMPRESA SE OFRECEN &#8220;TAL COMO SON&#8221; Y &#8220;SEG\u00daN DISPONIBILIDAD&#8221;, Y NO SE OFRECE NINGUNA GARANT\u00cdA EXPRESA O IMPL\u00cdCITA, LEGAL O DE OTRO TIPO, INCLUIDAS, ENTRE OTRAS, LAS GARANT\u00cdAS IMPL\u00cdCITAS DE COMERCIABILIDAD, IDONEIDAD PARA UN PROP\u00d3SITO PARTICULAR O NO INFRACCI\u00d3N, EN RELACI\u00d3N CON LOS SERVICIOS O LA APLICACI\u00d3N (INCLUIDA TODA LA INFORMACI\u00d3N CONTENIDA).<\/p>\n<p><strong>Registro y Seguridad<\/strong><\/p>\n<p>El Usuario est\u00e1 obligado a proporcionar informaci\u00f3n de registro precisa, completa y actualizada. En caso contrario, este Contrato se considerar\u00e1 incumplido y la cuenta del Usuario podr\u00e1 ser cerrada sin previo aviso. El Usuario es responsable de la seguridad de su contrase\u00f1a y cuenta en el sitio y en sitios de terceros. Ceoparts no puede ser responsable de la p\u00e9rdida de datos, violaciones de seguridad o da\u00f1os causados a equipos y dispositivos derivados de la negligencia en tales obligaciones.<\/p>\n<p><strong>Fuerza Mayor<\/strong><\/p>\n<p>En caso de que se produzcan eventos fuera del control de las partes, tales como desastres naturales, incendios, explosiones, guerras civiles, guerras, insurrecciones, movimientos sociales, movilizaci\u00f3n, huelgas, cierres patronales, epidemias, fallos de infraestructura e internet, cortes de electricidad, etc. (denominados colectivamente &#8220;Fuerza Mayor&#8221;), que imposibiliten el cumplimiento de las obligaciones contractuales, las partes no ser\u00e1n responsables. Durante este per\u00edodo, los derechos y obligaciones de las partes derivados de este Contrato quedar\u00e1n suspendidos.<\/p>\n<p><strong>Integridad y Aplicabilidad del Contrato<\/strong><\/p>\n<p>Si alguna de las disposiciones de este contrato se vuelve parcial o totalmente inv\u00e1lida, el resto del contrato seguir\u00e1 en vigor.<\/p>\n<p><strong>Modificaciones del Contrato<\/strong><\/p>\n<p>Ceoparts puede modificar en cualquier momento los servicios ofrecidos en el sitio y las condiciones de este contrato, total o parcialmente. Las modificaciones entrar\u00e1n en vigor a partir de la fecha de su publicaci\u00f3n en el sitio. Es responsabilidad del Usuario seguir las modificaciones. Al continuar utilizando los servicios, el Usuario tambi\u00e9n acepta estas modificaciones.<\/p>\n<p><strong>Notificaci\u00f3n<\/strong><\/p>\n<p>Todas las notificaciones relativas a este Contrato se enviar\u00e1n a la direcci\u00f3n de correo electr\u00f3nico conocida de Ceoparts y a la direcci\u00f3n de correo electr\u00f3nico proporcionada por el Usuario en el formulario de registro. El Usuario acepta que la direcci\u00f3n de correo electr\u00f3nico proporcionada durante el registro es una direcci\u00f3n de notificaci\u00f3n v\u00e1lida, y que las notificaciones enviadas a esta direcci\u00f3n se considerar\u00e1n v\u00e1lidas, a menos que el Usuario informe a la otra parte de su cambio por escrito dentro de los 5 d\u00edas.<\/p>\n<p><strong>Acuerdo sobre Pruebas<\/strong><\/p>\n<p>En caso de controversias entre las partes relacionadas con las transacciones vinculadas a este contrato, las partes acuerdan que los registros, libros y documentos de Ceoparts, as\u00ed como los registros inform\u00e1ticos y de fax, se aceptar\u00e1n como prueba de conformidad con las disposiciones del C\u00f3digo de Procedimiento Civil de Turqu\u00eda n.\u00ba 6100, y el usuario no disputar\u00e1 dichos registros.<\/p>\n<p><strong>Resoluci\u00f3n de Disputas<\/strong><\/p>\n<p>Cualquier disputa que surja de la aplicaci\u00f3n o interpretaci\u00f3n de este Contrato ser\u00e1 de la exclusiva competencia de los tribunales y oficinas de ejecuci\u00f3n de Estambul Anadolu.<\/p>\n","protected":false},"excerpt":{"rendered":"<p>Se presume que los clientes que utilizan este sitio de compras y realizan compras aceptan los siguientes t\u00e9rminos: El sitio<\/p>\n","protected":false},"author":1,"featured_media":0,"parent":0,"menu_order":0,"comment_status":"closed","ping_status":"closed","template":"","meta":{"footnotes":""},"class_list":["post-7909","page","type-page","status-publish","hentry"],"_links":{"self":[{"href":"https:\/\/ceoparts.com\/es\/wp-json\/wp\/v2\/pages\/7909","targetHints":{"allow":["GET"]}}],"collection":[{"href":"https:\/\/ceoparts.com\/es\/wp-json\/wp\/v2\/pages"}],"about":[{"href":"https:\/\/ceoparts.com\/es\/wp-json\/wp\/v2\/types\/page"}],"author":[{"embeddable":true,"href":"https:\/\/ceoparts.com\/es\/wp-json\/wp\/v2\/users\/1"}],"replies":[{"embeddable":true,"href":"https:\/\/ceoparts.com\/es\/wp-json\/wp\/v2\/comments?post=7909"}],"version-history":[{"count":8,"href":"https:\/\/ceoparts.com\/es\/wp-json\/wp\/v2\/pages\/7909\/revisions"}],"predecessor-version":[{"id":9430,"href":"https:\/\/ceoparts.com\/es\/wp-json\/wp\/v2\/pages\/7909\/revisions\/9430"}],"wp:attachment":[{"href":"https:\/\/ceoparts.com\/es\/wp-json\/wp\/v2\/media?parent=7909"}],"curies":[{"name":"wp","href":"https:\/\/api.w.org\/{rel}","templated":true}]}}