{"id":10022,"date":"2024-09-09T13:06:35","date_gmt":"2024-09-09T10:06:35","guid":{"rendered":"https:\/\/ceoparts.com\/?post_type=product&#038;p=10022"},"modified":"2026-05-16T17:05:34","modified_gmt":"2026-05-16T14:05:34","slug":"85x60-65-17-ceoparts-yuk-tekeri","status":"publish","type":"product","link":"https:\/\/ceoparts.com\/es\/urun\/85x60-65-17-ceoparts-yuk-tekeri\/","title":{"rendered":"85&#215;60\/65-17 Ceoparts Ruedas de carga &#8211; 4192465"},"content":{"rendered":"<p>85&#215;60\/65-17 Ceoparts Ruedas de carga &#8211; 4192465<\/p>","protected":false},"excerpt":{"rendered":"<p data-start=\"120\" data-end=\"570\"><br data-start=\"5104\" data-end=\"5107\" \/>La <strong data-start=\"5110\" data-end=\"5174\">Rueda de carga 85&#215;60\/65-17 Ceoparts <\/strong>\u00a0est\u00e1 dise\u00f1ada para montacargas y maquinaria pesada, ofreciendo alta capacidad de carga y durabilidad. La combinaci\u00f3n de caucho de calidad y cuerpo met\u00e1lico reforzado garantiza un rendimiento duradero en condiciones dif\u00edciles. Mejora la eficiencia de la maquinaria al reducir las vibraciones para aumentar la comodidad del operador. F\u00e1cil de mantener y un componente esencial para la seguridad laboral.<\/p>\n<p data-start=\"5578\" data-end=\"5946\"><strong data-start=\"5578\" data-end=\"5597\">Caracter\u00edsticas<\/strong><br data-start=\"5597\" data-end=\"5600\" \/><strong data-start=\"5600\" data-end=\"5624\">Nombre del producto:<\/strong> Rueda de carga<br data-start=\"5683\" data-end=\"5686\" \/><strong data-start=\"5686\" data-end=\"5699\">Material:<\/strong> Caucho duradero, cuerpo met\u00e1lico reforzado<br data-start=\"5742\" data-end=\"5745\" \/><strong data-start=\"5745\" data-end=\"5760\">Aplicaci\u00f3n:<\/strong> Sistema de carga para montacargas y maquinaria pesada<br data-start=\"5814\" data-end=\"5817\" \/><strong data-start=\"5817\" data-end=\"5829\">Ventaja:<\/strong> Alta resistencia al desgaste, larga vida \u00fatil, reducci\u00f3n de vibraciones, f\u00e1cil mantenimiento, estabilidad mejorada<\/p>\n","protected":false},"featured_media":15970,"template":"","meta":[],"product_brand":[],"product_cat":[256,259,398,400],"product_tag":[],"class_list":{"0":"post-10022","1":"product","2":"type-product","3":"status-publish","4":"has-post-thumbnail","6":"product_cat-hyster","7":"product_cat-catal-tekeri-hyster","8":"product_cat-catal-tekeri-ceo","9":"product_cat-catal-tekeri","11":"first","12":"instock","13":"taxable","14":"shipping-taxable","15":"purchasable","16":"product-type-simple"},"_links":{"self":[{"href":"https:\/\/ceoparts.com\/es\/wp-json\/wp\/v2\/product\/10022","targetHints":{"allow":["GET"]}}],"collection":[{"href":"https:\/\/ceoparts.com\/es\/wp-json\/wp\/v2\/product"}],"about":[{"href":"https:\/\/ceoparts.com\/es\/wp-json\/wp\/v2\/types\/product"}],"wp:featuredmedia":[{"embeddable":true,"href":"https:\/\/ceoparts.com\/es\/wp-json\/wp\/v2\/media\/15970"}],"wp:attachment":[{"href":"https:\/\/ceoparts.com\/es\/wp-json\/wp\/v2\/media?parent=10022"}],"wp:term":[{"taxonomy":"product_brand","embeddable":true,"href":"https:\/\/ceoparts.com\/es\/wp-json\/wp\/v2\/product_brand?post=10022"},{"taxonomy":"product_cat","embeddable":true,"href":"https:\/\/ceoparts.com\/es\/wp-json\/wp\/v2\/product_cat?post=10022"},{"taxonomy":"product_tag","embeddable":true,"href":"https:\/\/ceoparts.com\/es\/wp-json\/wp\/v2\/product_tag?post=10022"}],"curies":[{"name":"wp","href":"https:\/\/api.w.org\/{rel}","templated":true}]}}