{"id":10206,"date":"2024-09-12T14:14:59","date_gmt":"2024-09-12T11:14:59","guid":{"rendered":"https:\/\/ceoparts.com\/?post_type=product&#038;p=10206"},"modified":"2026-05-16T17:41:56","modified_gmt":"2026-05-16T14:41:56","slug":"85x100-102-17-wicke-yuk-tekeri","status":"publish","type":"product","link":"https:\/\/ceoparts.com\/es\/urun\/85x100-102-17-wicke-yuk-tekeri\/","title":{"rendered":"85&#215;100\/102-17 Wicke Ruedas de carga -167599 , 225152"},"content":{"rendered":"<p>85&#215;100\/102-17 Wicke Ruedas de carga -167599 , 225152<\/p>\n<p>BT 167599, 225152, 119991, 129929,129930<\/p>\n<p>BT L2000<br \/>\nBT L23<br \/>\nBT LWE 180<br \/>\nBT LWE 200<br \/>\nBT PPT 1400<br \/>\nBT PPT1600<br \/>\nBT PPT1800<br \/>\nBT PPT2000<br \/>\nBT W18 ORION<br \/>\nBT W20<\/p>","protected":false},"excerpt":{"rendered":"<p data-start=\"111\" data-end=\"634\"><br data-start=\"5808\" data-end=\"5811\" \/>La <strong data-start=\"5814\" data-end=\"5852\">Rueda de carga 85\u00d7100\/102-17 Wicke<\/strong> es una rueda de carga especialmente dise\u00f1ada que ofrece alta durabilidad y rendimiento para montacargas y maquinaria pesada. Con un ancho de 85 mm y un di\u00e1metro de 100-102 mm, soporta un movimiento estable y seguro de la m\u00e1quina. Fabricada con la calidad Wicke, esta rueda ofrece un recubrimiento de caucho duradero y un cuerpo met\u00e1lico resistente, garantizando una alta resistencia al desgaste. Reduce las vibraciones para mejorar la comodidad del operador y resiste condiciones de trabajo dif\u00edciles. F\u00e1cil de instalar, mejora la eficiencia del trabajo.<\/p>\n<p data-start=\"6409\" data-end=\"6773\"><strong data-start=\"6409\" data-end=\"6428\">Caracter\u00edsticas<\/strong><br data-start=\"6428\" data-end=\"6431\" \/><strong data-start=\"6431\" data-end=\"6455\">Nombre del producto:<\/strong> Rueda de carga Wicke<br data-start=\"6476\" data-end=\"6479\" \/><strong data-start=\"6479\" data-end=\"6500\">N\u00fameros de pieza:<\/strong> 167599, 225152<br data-start=\"6515\" data-end=\"6518\" \/><strong data-start=\"6518\" data-end=\"6529\">Tama\u00f1o:<\/strong> 85\u00d7100\/102-17<br data-start=\"6543\" data-end=\"6546\" \/><strong data-start=\"6546\" data-end=\"6559\">Material:<\/strong> Caucho duradero, cuerpo met\u00e1lico<br data-start=\"6592\" data-end=\"6595\" \/><strong data-start=\"6595\" data-end=\"6610\">Aplicaci\u00f3n:<\/strong> Sistema de carga para montacargas y maquinaria pesada<br data-start=\"6664\" data-end=\"6667\" \/><strong data-start=\"6667\" data-end=\"6679\">Ventaja:<\/strong> Alta durabilidad, reducci\u00f3n de vibraciones, larga vida \u00fatil, f\u00e1cil instalaci\u00f3n, estabilidad<\/p>\n","protected":false},"featured_media":15555,"template":"","meta":[],"product_brand":[],"product_cat":[251,253,400,401,402],"product_tag":[],"class_list":{"0":"post-10206","1":"product","2":"type-product","3":"status-publish","4":"has-post-thumbnail","6":"product_cat-bt","7":"product_cat-catal-tekeri-bt","8":"product_cat-catal-tekeri","9":"product_cat-wicke","10":"product_cat-catal-tekeri-wicke","12":"first","13":"instock","14":"taxable","15":"shipping-taxable","16":"purchasable","17":"product-type-simple"},"_links":{"self":[{"href":"https:\/\/ceoparts.com\/es\/wp-json\/wp\/v2\/product\/10206","targetHints":{"allow":["GET"]}}],"collection":[{"href":"https:\/\/ceoparts.com\/es\/wp-json\/wp\/v2\/product"}],"about":[{"href":"https:\/\/ceoparts.com\/es\/wp-json\/wp\/v2\/types\/product"}],"wp:featuredmedia":[{"embeddable":true,"href":"https:\/\/ceoparts.com\/es\/wp-json\/wp\/v2\/media\/15555"}],"wp:attachment":[{"href":"https:\/\/ceoparts.com\/es\/wp-json\/wp\/v2\/media?parent=10206"}],"wp:term":[{"taxonomy":"product_brand","embeddable":true,"href":"https:\/\/ceoparts.com\/es\/wp-json\/wp\/v2\/product_brand?post=10206"},{"taxonomy":"product_cat","embeddable":true,"href":"https:\/\/ceoparts.com\/es\/wp-json\/wp\/v2\/product_cat?post=10206"},{"taxonomy":"product_tag","embeddable":true,"href":"https:\/\/ceoparts.com\/es\/wp-json\/wp\/v2\/product_tag?post=10206"}],"curies":[{"name":"wp","href":"https:\/\/api.w.org\/{rel}","templated":true}]}}