{"id":10214,"date":"2024-09-12T14:56:53","date_gmt":"2024-09-12T11:56:53","guid":{"rendered":"https:\/\/ceoparts.com\/?post_type=product&#038;p=10214"},"modified":"2026-05-16T17:58:47","modified_gmt":"2026-05-16T14:58:47","slug":"85x90-83-20-wicke-yuk-tekeri","status":"publish","type":"product","link":"https:\/\/ceoparts.com\/es\/urun\/85x90-83-20-wicke-yuk-tekeri\/","title":{"rendered":"85&#215;90\/83-20 Wicke Ruedas de carga &#8211; 0009903545"},"content":{"rendered":"<p>85&#215;90\/83-20 Wicke Ruedas de carga &#8211; 0009903545<\/p>","protected":false},"excerpt":{"rendered":"<p data-start=\"105\" data-end=\"594\"><br data-start=\"5371\" data-end=\"5374\" \/>La <strong data-start=\"5377\" data-end=\"5413\">Rueda de carga 85\u00d790\/83-20 Wicke<\/strong> es una rueda duradera y de alto rendimiento dise\u00f1ada para montacargas y maquinaria pesada. Con un ancho de 85 mm, un di\u00e1metro de 90 mm y un ancho de montaje de 83 mm, asegura un movimiento equilibrado y seguro de la m\u00e1quina. Fabricada con la calidad Wicke, la superficie exterior de caucho ofrece alta resistencia al desgaste y reducci\u00f3n de vibraciones. La estructura met\u00e1lica robusta garantiza una mayor durabilidad. La f\u00e1cil instalaci\u00f3n mejora la eficiencia del trabajo.<\/p>\n<p data-start=\"5888\" data-end=\"6245\"><strong data-start=\"5888\" data-end=\"5907\">Caracter\u00edsticas<\/strong><br data-start=\"5907\" data-end=\"5910\" \/><strong data-start=\"5910\" data-end=\"5934\">Nombre del producto:<\/strong> Rueda de carga Wicke<br data-start=\"5955\" data-end=\"5958\" \/><strong data-start=\"5958\" data-end=\"5978\">N\u00famero de pieza:<\/strong> 0009903545<br data-start=\"5989\" data-end=\"5992\" \/><strong data-start=\"5992\" data-end=\"6003\">Tama\u00f1o:<\/strong> 85\u00d790\/83-20<br data-start=\"6015\" data-end=\"6018\" \/><strong data-start=\"6018\" data-end=\"6031\">Material:<\/strong> Caucho duradero, cuerpo met\u00e1lico<br data-start=\"6064\" data-end=\"6067\" \/><strong data-start=\"6067\" data-end=\"6082\">Aplicaci\u00f3n:<\/strong> Sistema de carga para montacargas y maquinaria pesada<br data-start=\"6136\" data-end=\"6139\" \/><strong data-start=\"6139\" data-end=\"6151\">Ventaja:<\/strong> Alta durabilidad, reducci\u00f3n de vibraciones, larga vida \u00fatil, f\u00e1cil instalaci\u00f3n, estabilidad<\/p>\n","protected":false},"featured_media":15512,"template":"","meta":[],"product_brand":[],"product_cat":[400,402],"product_tag":[],"class_list":{"0":"post-10214","1":"product","2":"type-product","3":"status-publish","4":"has-post-thumbnail","6":"product_cat-catal-tekeri","7":"product_cat-catal-tekeri-wicke","9":"first","10":"instock","11":"taxable","12":"shipping-taxable","13":"purchasable","14":"product-type-simple"},"_links":{"self":[{"href":"https:\/\/ceoparts.com\/es\/wp-json\/wp\/v2\/product\/10214","targetHints":{"allow":["GET"]}}],"collection":[{"href":"https:\/\/ceoparts.com\/es\/wp-json\/wp\/v2\/product"}],"about":[{"href":"https:\/\/ceoparts.com\/es\/wp-json\/wp\/v2\/types\/product"}],"wp:featuredmedia":[{"embeddable":true,"href":"https:\/\/ceoparts.com\/es\/wp-json\/wp\/v2\/media\/15512"}],"wp:attachment":[{"href":"https:\/\/ceoparts.com\/es\/wp-json\/wp\/v2\/media?parent=10214"}],"wp:term":[{"taxonomy":"product_brand","embeddable":true,"href":"https:\/\/ceoparts.com\/es\/wp-json\/wp\/v2\/product_brand?post=10214"},{"taxonomy":"product_cat","embeddable":true,"href":"https:\/\/ceoparts.com\/es\/wp-json\/wp\/v2\/product_cat?post=10214"},{"taxonomy":"product_tag","embeddable":true,"href":"https:\/\/ceoparts.com\/es\/wp-json\/wp\/v2\/product_tag?post=10214"}],"curies":[{"name":"wp","href":"https:\/\/api.w.org\/{rel}","templated":true}]}}