{"id":10232,"date":"2024-09-12T16:58:48","date_gmt":"2024-09-12T13:58:48","guid":{"rendered":"https:\/\/ceoparts.com\/?post_type=product&#038;p=10232"},"modified":"2026-05-16T06:16:06","modified_gmt":"2026-05-16T03:16:06","slug":"bt-lwe-catal-mekanizmasi-takim-tekli","status":"publish","type":"product","link":"https:\/\/ceoparts.com\/es\/urun\/bt-lwe-catal-mekanizmasi-takim-tekli\/","title":{"rendered":"Mecanismo de horquilla BT Toyota LWE\/SWE Simple &#8211; 130685"},"content":{"rendered":"<p>Mecanismo de horquilla BT Toyota LWE\/SWE Simple &#8211; 130685<\/p>\n<ul>\n<li>BT L2000, L23, L2300, LHM230<\/li>\n<li>Toyota HT23<\/li>\n<\/ul>","protected":false},"excerpt":{"rendered":"<p data-start=\"110\" data-end=\"604\"><br data-start=\"5118\" data-end=\"5121\" \/>El <strong data-start=\"5124\" data-end=\"5171\">Mecanismo de horquilla simple BT Toyota LWE\/SWE<\/strong> es un mecanismo de alta calidad utilizado en montacargas y maquinaria pesada. Este mecanismo controla el movimiento de las horquillas del montacargas, asegurando una manipulaci\u00f3n segura y precisa de la carga. Fabricado con materiales duraderos, ofrece una larga vida \u00fatil y alto rendimiento. Dise\u00f1ado espec\u00edficamente para el modelo BT Toyota LWE, permite una f\u00e1cil instalaci\u00f3n y mejora la eficiencia del trabajo. Su dise\u00f1o simple facilita el mantenimiento y reemplazo.<\/p>\n<p data-start=\"5642\" data-end=\"5994\"><strong data-start=\"5642\" data-end=\"5661\">Caracter\u00edsticas<\/strong><br data-start=\"5661\" data-end=\"5664\" \/><strong data-start=\"5664\" data-end=\"5688\">Nombre del producto:<\/strong> Mecanismo de horquilla simple BT Toyota LWE\/SWE<br data-start=\"5732\" data-end=\"5735\" \/><strong data-start=\"5735\" data-end=\"5755\">N\u00famero de pieza:<\/strong> 130685<br data-start=\"5762\" data-end=\"5765\" \/><strong data-start=\"5765\" data-end=\"5778\">Material:<\/strong> Aleaci\u00f3n met\u00e1lica de alta resistencia<br data-start=\"5816\" data-end=\"5819\" \/><strong data-start=\"5819\" data-end=\"5834\">Aplicaci\u00f3n:<\/strong> Control del movimiento de las horquillas del montacargas<br data-start=\"5891\" data-end=\"5894\" \/><strong data-start=\"5894\" data-end=\"5906\">Ventaja:<\/strong> Larga vida \u00fatil, alto rendimiento, f\u00e1cil instalaci\u00f3n, manipulaci\u00f3n segura de la carga<\/p>\n<p>&nbsp;<\/p>\n","protected":false},"featured_media":10251,"template":"","meta":[],"product_brand":[],"product_cat":[251,406,407,521,531],"product_tag":[],"class_list":{"0":"post-10232","1":"product","2":"type-product","3":"status-publish","4":"has-post-thumbnail","6":"product_cat-bt","7":"product_cat-catal-mekanizma","8":"product_cat-bt-catal-mekanizmalari","9":"product_cat-toyota","10":"product_cat-mekanizmalar-toyota","12":"first","13":"instock","14":"taxable","15":"shipping-taxable","16":"purchasable","17":"product-type-simple"},"_links":{"self":[{"href":"https:\/\/ceoparts.com\/es\/wp-json\/wp\/v2\/product\/10232","targetHints":{"allow":["GET"]}}],"collection":[{"href":"https:\/\/ceoparts.com\/es\/wp-json\/wp\/v2\/product"}],"about":[{"href":"https:\/\/ceoparts.com\/es\/wp-json\/wp\/v2\/types\/product"}],"wp:featuredmedia":[{"embeddable":true,"href":"https:\/\/ceoparts.com\/es\/wp-json\/wp\/v2\/media\/10251"}],"wp:attachment":[{"href":"https:\/\/ceoparts.com\/es\/wp-json\/wp\/v2\/media?parent=10232"}],"wp:term":[{"taxonomy":"product_brand","embeddable":true,"href":"https:\/\/ceoparts.com\/es\/wp-json\/wp\/v2\/product_brand?post=10232"},{"taxonomy":"product_cat","embeddable":true,"href":"https:\/\/ceoparts.com\/es\/wp-json\/wp\/v2\/product_cat?post=10232"},{"taxonomy":"product_tag","embeddable":true,"href":"https:\/\/ceoparts.com\/es\/wp-json\/wp\/v2\/product_tag?post=10232"}],"curies":[{"name":"wp","href":"https:\/\/api.w.org\/{rel}","templated":true}]}}