{"id":10257,"date":"2024-09-12T17:37:51","date_gmt":"2024-09-12T14:37:51","guid":{"rendered":"https:\/\/ceoparts.com\/?post_type=product&#038;p=10257"},"modified":"2026-05-16T15:27:47","modified_gmt":"2026-05-16T12:27:47","slug":"bt-h-ayak-takim","status":"publish","type":"product","link":"https:\/\/ceoparts.com\/es\/urun\/bt-h-ayak-takim\/","title":{"rendered":"BT Toyota  Juego de piezas H &#8211; 179206"},"content":{"rendered":"<p>BT Toyota  Juego de piezas H &#8211; 179206<\/p>\n<p>76&#215;17 BT Juego de piezas H<\/p>","protected":false},"excerpt":{"rendered":"<p data-start=\"95\" data-end=\"503\"><br data-start=\"4521\" data-end=\"4524\" \/>El <strong data-start=\"4527\" data-end=\"4553\">Kit de pie H BT Toyota<\/strong> es un componente de alta calidad que asegura la estabilidad y el control del equilibrio del montacargas. Este kit desempe\u00f1a un papel crucial en el chasis del montacargas y contribuye a la manipulaci\u00f3n segura de cargas pesadas. Fabricado con aleaci\u00f3n met\u00e1lica duradera, ofrece una larga vida \u00fatil. Dise\u00f1ado para ser compatible con modelos BT Toyota, permite una f\u00e1cil instalaci\u00f3n y mejora la eficiencia del trabajo.<\/p>\n<p data-start=\"4970\" data-end=\"5279\"><strong data-start=\"4970\" data-end=\"4989\">Caracter\u00edsticas<\/strong><br data-start=\"4989\" data-end=\"4992\" \/><strong data-start=\"4992\" data-end=\"5016\">Nombre del producto:<\/strong> Kit de pie H BT Toyota<br data-start=\"5039\" data-end=\"5042\" \/><strong data-start=\"5042\" data-end=\"5062\">N\u00famero de pieza:<\/strong> 179206<br data-start=\"5069\" data-end=\"5072\" \/><strong data-start=\"5072\" data-end=\"5085\">Material:<\/strong> Aleaci\u00f3n met\u00e1lica de alta resistencia<br data-start=\"5123\" data-end=\"5126\" \/><strong data-start=\"5126\" data-end=\"5141\">Aplicaci\u00f3n:<\/strong> Sistema de estabilidad y equilibrio para montacargas<br data-start=\"5194\" data-end=\"5197\" \/><strong data-start=\"5197\" data-end=\"5209\">Ventaja:<\/strong> Duradero, construcci\u00f3n robusta, f\u00e1cil instalaci\u00f3n, alto rendimiento<\/p>\n","protected":false},"featured_media":10326,"template":"","meta":[],"product_brand":[],"product_cat":[251,406,407,521,531],"product_tag":[],"class_list":{"0":"post-10257","1":"product","2":"type-product","3":"status-publish","4":"has-post-thumbnail","6":"product_cat-bt","7":"product_cat-catal-mekanizma","8":"product_cat-bt-catal-mekanizmalari","9":"product_cat-toyota","10":"product_cat-mekanizmalar-toyota","12":"first","13":"instock","14":"taxable","15":"shipping-taxable","16":"purchasable","17":"product-type-simple"},"_links":{"self":[{"href":"https:\/\/ceoparts.com\/es\/wp-json\/wp\/v2\/product\/10257","targetHints":{"allow":["GET"]}}],"collection":[{"href":"https:\/\/ceoparts.com\/es\/wp-json\/wp\/v2\/product"}],"about":[{"href":"https:\/\/ceoparts.com\/es\/wp-json\/wp\/v2\/types\/product"}],"wp:featuredmedia":[{"embeddable":true,"href":"https:\/\/ceoparts.com\/es\/wp-json\/wp\/v2\/media\/10326"}],"wp:attachment":[{"href":"https:\/\/ceoparts.com\/es\/wp-json\/wp\/v2\/media?parent=10257"}],"wp:term":[{"taxonomy":"product_brand","embeddable":true,"href":"https:\/\/ceoparts.com\/es\/wp-json\/wp\/v2\/product_brand?post=10257"},{"taxonomy":"product_cat","embeddable":true,"href":"https:\/\/ceoparts.com\/es\/wp-json\/wp\/v2\/product_cat?post=10257"},{"taxonomy":"product_tag","embeddable":true,"href":"https:\/\/ceoparts.com\/es\/wp-json\/wp\/v2\/product_tag?post=10257"}],"curies":[{"name":"wp","href":"https:\/\/api.w.org\/{rel}","templated":true}]}}