{"id":10279,"date":"2024-09-13T09:51:19","date_gmt":"2024-09-13T06:51:19","guid":{"rendered":"https:\/\/ceoparts.com\/?post_type=product&#038;p=10279"},"modified":"2026-05-14T04:40:49","modified_gmt":"2026-05-14T01:40:49","slug":"jungheinrich-ere-120-catal-mekanizmasi-takim","status":"publish","type":"product","link":"https:\/\/ceoparts.com\/es\/urun\/jungheinrich-ere-120-catal-mekanizmasi-takim\/","title":{"rendered":"Jungheinrich ERE 120 Kit de mecanismos para tenedor &#8211; 51448827 , 51450511"},"content":{"rendered":"<p>Jungheinrich ERE 120 Kit de mecanismos para tenedor &#8211; 51448827 , 51450511<\/p>\n<p><\/p>","protected":false},"excerpt":{"rendered":"<p data-start=\"123\" data-end=\"666\"><br data-start=\"5275\" data-end=\"5278\" \/>El <strong data-start=\"5281\" data-end=\"5328\">Mecanismo de horquilla Jungheinrich ERE 120<\/strong> es un mecanismo de horquilla de alta calidad y duradero utilizado en montacargas. Este mecanismo controla con precisi\u00f3n y seguridad el movimiento de las horquillas, asegurando una manipulaci\u00f3n equilibrada y segura de la carga. Fabricado con materiales duraderos y respaldado por la tecnolog\u00eda confiable de Jungheinrich, mejora la eficiencia del trabajo mediante una f\u00e1cil instalaci\u00f3n y mantenimiento. Los n\u00fameros de pieza 51448827 y 51450511 corresponden a diferentes variaciones de modelo o componentes.<\/p>\n<p data-start=\"5835\" data-end=\"6189\"><strong data-start=\"5835\" data-end=\"5854\">Caracter\u00edsticas<\/strong><br data-start=\"5854\" data-end=\"5857\" \/><strong data-start=\"5857\" data-end=\"5881\">Nombre del producto:<\/strong> Mecanismo de horquilla Jungheinrich ERE 120<br data-start=\"5925\" data-end=\"5928\" \/><strong data-start=\"5928\" data-end=\"5949\">N\u00fameros de pieza:<\/strong> 51448827, 51450511<br data-start=\"5968\" data-end=\"5971\" \/><strong data-start=\"5971\" data-end=\"5984\">Material:<\/strong> Aleaci\u00f3n met\u00e1lica duradera<br data-start=\"6011\" data-end=\"6014\" \/><strong data-start=\"6014\" data-end=\"6029\">Aplicaci\u00f3n:<\/strong> Control del movimiento de las horquillas del montacargas<br data-start=\"6086\" data-end=\"6089\" \/><strong data-start=\"6089\" data-end=\"6101\">Ventaja:<\/strong> Larga vida \u00fatil, alto rendimiento, f\u00e1cil instalaci\u00f3n, manipulaci\u00f3n segura de la carga<\/p>\n<p>&nbsp;<\/p>\n","protected":false},"featured_media":10281,"template":"","meta":[],"product_brand":[],"product_cat":[406,408,522,236],"product_tag":[],"class_list":{"0":"post-10279","1":"product","2":"type-product","3":"status-publish","4":"has-post-thumbnail","6":"product_cat-catal-mekanizma","7":"product_cat-jungheinrich-catal-mekanizma","8":"product_cat-yedek-parca-jungheinrich","9":"product_cat-jungheinrich","11":"first","12":"instock","13":"taxable","14":"shipping-taxable","15":"purchasable","16":"product-type-simple"},"_links":{"self":[{"href":"https:\/\/ceoparts.com\/es\/wp-json\/wp\/v2\/product\/10279","targetHints":{"allow":["GET"]}}],"collection":[{"href":"https:\/\/ceoparts.com\/es\/wp-json\/wp\/v2\/product"}],"about":[{"href":"https:\/\/ceoparts.com\/es\/wp-json\/wp\/v2\/types\/product"}],"wp:featuredmedia":[{"embeddable":true,"href":"https:\/\/ceoparts.com\/es\/wp-json\/wp\/v2\/media\/10281"}],"wp:attachment":[{"href":"https:\/\/ceoparts.com\/es\/wp-json\/wp\/v2\/media?parent=10279"}],"wp:term":[{"taxonomy":"product_brand","embeddable":true,"href":"https:\/\/ceoparts.com\/es\/wp-json\/wp\/v2\/product_brand?post=10279"},{"taxonomy":"product_cat","embeddable":true,"href":"https:\/\/ceoparts.com\/es\/wp-json\/wp\/v2\/product_cat?post=10279"},{"taxonomy":"product_tag","embeddable":true,"href":"https:\/\/ceoparts.com\/es\/wp-json\/wp\/v2\/product_tag?post=10279"}],"curies":[{"name":"wp","href":"https:\/\/api.w.org\/{rel}","templated":true}]}}