{"id":10287,"date":"2024-09-13T10:13:10","date_gmt":"2024-09-13T07:13:10","guid":{"rendered":"https:\/\/ceoparts.com\/?post_type=product&#038;p=10287"},"modified":"2026-05-14T04:37:19","modified_gmt":"2026-05-14T01:37:19","slug":"bt-eski-kasa-catal-mekanizmasi-takim","status":"publish","type":"product","link":"https:\/\/ceoparts.com\/es\/urun\/bt-eski-kasa-catal-mekanizmasi-takim\/","title":{"rendered":"Mecanismo de horquilla BT Toyota LPE200 &#8211; 7591742, 261271, 132523"},"content":{"rendered":"<p>Mecanismo de horquilla BT Toyota LPE200 &#8211; 7591742, 261271, 132523<\/p>\n<p>BT 7591742, 261271<\/p>","protected":false},"excerpt":{"rendered":"<p data-start=\"123\" data-end=\"637\"><br data-start=\"5253\" data-end=\"5256\" \/>El <strong data-start=\"5259\" data-end=\"5301\">Mecanismo de horquilla BT Toyota LPE200<\/strong> es un mecanismo duradero y de alto rendimiento utilizado en montacargas. Este mecanismo controla con precisi\u00f3n y seguridad el movimiento de las horquillas, asegurando una manipulaci\u00f3n equilibrada de la carga. Est\u00e1 especialmente dise\u00f1ado para el modelo BT Toyota LPE200 y fabricado con materiales duraderos. Con ventajas de f\u00e1cil instalaci\u00f3n y mantenimiento, mejora la eficiencia del trabajo. Los n\u00fameros de pieza 7591742, 261271 y 132523 cubren diferentes variaciones de componentes o modelos.<\/p>\n<p data-start=\"5796\" data-end=\"6154\"><strong data-start=\"5796\" data-end=\"5815\">Caracter\u00edsticas<\/strong><br data-start=\"5815\" data-end=\"5818\" \/><strong data-start=\"5818\" data-end=\"5842\">Nombre del producto:<\/strong> Mecanismo de horquilla BT Toyota LPE200<br data-start=\"5881\" data-end=\"5884\" \/><strong data-start=\"5884\" data-end=\"5905\">N\u00fameros de pieza:<\/strong> 7591742, 261271, 132523<br data-start=\"5929\" data-end=\"5932\" \/><strong data-start=\"5932\" data-end=\"5945\">Material:<\/strong> Aleaci\u00f3n met\u00e1lica de alta resistencia<br data-start=\"5983\" data-end=\"5986\" \/><strong data-start=\"5986\" data-end=\"6001\">Aplicaci\u00f3n:<\/strong> Control del movimiento de las horquillas del montacargas<br data-start=\"6058\" data-end=\"6061\" \/><strong data-start=\"6061\" data-end=\"6073\">Ventaja:<\/strong> Duradero, alto rendimiento, f\u00e1cil instalaci\u00f3n, manipulaci\u00f3n segura de la carga<\/p>\n","protected":false},"featured_media":10288,"template":"","meta":[],"product_brand":[],"product_cat":[251,406,407,521,531],"product_tag":[],"class_list":{"0":"post-10287","1":"product","2":"type-product","3":"status-publish","4":"has-post-thumbnail","6":"product_cat-bt","7":"product_cat-catal-mekanizma","8":"product_cat-bt-catal-mekanizmalari","9":"product_cat-toyota","10":"product_cat-mekanizmalar-toyota","12":"first","13":"instock","14":"taxable","15":"shipping-taxable","16":"purchasable","17":"product-type-simple"},"_links":{"self":[{"href":"https:\/\/ceoparts.com\/es\/wp-json\/wp\/v2\/product\/10287","targetHints":{"allow":["GET"]}}],"collection":[{"href":"https:\/\/ceoparts.com\/es\/wp-json\/wp\/v2\/product"}],"about":[{"href":"https:\/\/ceoparts.com\/es\/wp-json\/wp\/v2\/types\/product"}],"wp:featuredmedia":[{"embeddable":true,"href":"https:\/\/ceoparts.com\/es\/wp-json\/wp\/v2\/media\/10288"}],"wp:attachment":[{"href":"https:\/\/ceoparts.com\/es\/wp-json\/wp\/v2\/media?parent=10287"}],"wp:term":[{"taxonomy":"product_brand","embeddable":true,"href":"https:\/\/ceoparts.com\/es\/wp-json\/wp\/v2\/product_brand?post=10287"},{"taxonomy":"product_cat","embeddable":true,"href":"https:\/\/ceoparts.com\/es\/wp-json\/wp\/v2\/product_cat?post=10287"},{"taxonomy":"product_tag","embeddable":true,"href":"https:\/\/ceoparts.com\/es\/wp-json\/wp\/v2\/product_tag?post=10287"}],"curies":[{"name":"wp","href":"https:\/\/api.w.org\/{rel}","templated":true}]}}