{"id":10401,"date":"2024-09-13T14:01:53","date_gmt":"2024-09-13T11:01:53","guid":{"rendered":"https:\/\/ceoparts.com\/?post_type=product&#038;p=10401"},"modified":"2026-05-16T10:57:28","modified_gmt":"2026-05-16T07:57:28","slug":"bt-yeni-kasa-catal-mekanizmasi-bos","status":"publish","type":"product","link":"https:\/\/ceoparts.com\/es\/urun\/bt-yeni-kasa-catal-mekanizmasi-bos\/","title":{"rendered":"Mecanismo de horquilla BT Toyota LPE200 Vac\u00edo (Sin ruedas) &#8211; 7522959, 7592114"},"content":{"rendered":"<p>Mecanismo de horquilla BT Toyota LPE200 Vac\u00edo (Sin ruedas) &#8211; 7522959, 7592114<\/p>\n<p>BT 7522959 7592114<\/p>\n<p>BT LPE200\/220\/250<\/p>","protected":false},"excerpt":{"rendered":"<p data-start=\"149\" data-end=\"1057\"><br data-start=\"5450\" data-end=\"5453\" \/>El Mecanismo de Horquilla BT Toyota LPE200 (Sin ruedas) es un sistema portahorquillas especialmente dise\u00f1ado para carretillas elevadoras y apiladores BT y Toyota LP200. Garantiza movimientos de horquilla estables y seguros durante las operaciones de carga y apilado. Su dise\u00f1o sin ruedas proporciona una conexi\u00f3n directa y excelente estabilidad. Fabricado en aleaci\u00f3n met\u00e1lica de alta resistencia para una larga vida \u00fatil bajo condiciones exigentes. Ideal para almacenes, log\u00edstica e instalaciones industriales.<br data-start=\"5963\" data-end=\"5966\" \/><strong data-start=\"5966\" data-end=\"5986\">Caracter\u00edsticas:<\/strong><br data-start=\"5986\" data-end=\"5989\" \/><strong data-start=\"5989\" data-end=\"6013\">Nombre del producto:<\/strong> Mecanismo de Horquilla BT Toyota LPE200 (Sin ruedas)<br data-start=\"6065\" data-end=\"6068\" \/><strong data-start=\"6068\" data-end=\"6089\">C\u00f3digos de pieza:<\/strong> 7522959, 7592114<br data-start=\"6106\" data-end=\"6109\" \/><strong data-start=\"6109\" data-end=\"6122\">Material:<\/strong> Aleaci\u00f3n met\u00e1lica de alta resistencia<br data-start=\"6160\" data-end=\"6163\" \/><strong data-start=\"6163\" data-end=\"6186\">\u00c1rea de aplicaci\u00f3n:<\/strong> Carretillas y apiladores BT y Toyota LPE200<br data-start=\"6229\" data-end=\"6232\" \/><strong data-start=\"6232\" data-end=\"6244\">Ventaja:<\/strong> Estructura robusta, gran control de estabilidad, uso seguro y prolongado<\/p>\n","protected":false},"featured_media":10402,"template":"","meta":[],"product_brand":[],"product_cat":[531,251,406,407,521],"product_tag":[],"class_list":{"0":"post-10401","1":"product","2":"type-product","3":"status-publish","4":"has-post-thumbnail","6":"product_cat-mekanizmalar-toyota","7":"product_cat-bt","8":"product_cat-catal-mekanizma","9":"product_cat-bt-catal-mekanizmalari","10":"product_cat-toyota","12":"first","13":"instock","14":"taxable","15":"shipping-taxable","16":"purchasable","17":"product-type-simple"},"_links":{"self":[{"href":"https:\/\/ceoparts.com\/es\/wp-json\/wp\/v2\/product\/10401","targetHints":{"allow":["GET"]}}],"collection":[{"href":"https:\/\/ceoparts.com\/es\/wp-json\/wp\/v2\/product"}],"about":[{"href":"https:\/\/ceoparts.com\/es\/wp-json\/wp\/v2\/types\/product"}],"wp:featuredmedia":[{"embeddable":true,"href":"https:\/\/ceoparts.com\/es\/wp-json\/wp\/v2\/media\/10402"}],"wp:attachment":[{"href":"https:\/\/ceoparts.com\/es\/wp-json\/wp\/v2\/media?parent=10401"}],"wp:term":[{"taxonomy":"product_brand","embeddable":true,"href":"https:\/\/ceoparts.com\/es\/wp-json\/wp\/v2\/product_brand?post=10401"},{"taxonomy":"product_cat","embeddable":true,"href":"https:\/\/ceoparts.com\/es\/wp-json\/wp\/v2\/product_cat?post=10401"},{"taxonomy":"product_tag","embeddable":true,"href":"https:\/\/ceoparts.com\/es\/wp-json\/wp\/v2\/product_tag?post=10401"}],"curies":[{"name":"wp","href":"https:\/\/api.w.org\/{rel}","templated":true}]}}