{"id":10423,"date":"2024-09-13T17:10:35","date_gmt":"2024-09-13T14:10:35","guid":{"rendered":"https:\/\/ceoparts.com\/?post_type=product&#038;p=10423"},"modified":"2026-05-16T09:34:18","modified_gmt":"2026-05-16T06:34:18","slug":"jungheinrich-ere-120-tasiyici-tekerlek-flansi","status":"publish","type":"product","link":"https:\/\/ceoparts.com\/es\/urun\/jungheinrich-ere-120-tasiyici-tekerlek-flansi\/","title":{"rendered":"Jungheinrich ERE120 Brida de rueda portadora &#8211; 48164080"},"content":{"rendered":"<p>Jungheinrich ERE120 Brida de rueda portadora &#8211; 48164080<\/p>\n<table border=\"0\" frame=\"void\" rules=\"none\" cellspacing=\"0\">\n<colgroup>\n<col width=\"223\" \/>\n<col width=\"139\" \/><\/colgroup>\n<tbody>\n<tr>\n<td align=\"left\" width=\"223\" height=\"17\">ECE 20<\/td>\n<td align=\"left\" width=\"139\">3.93 &#8211; 8.97<\/td>\n<\/tr>\n<tr>\n<td align=\"left\" height=\"17\">EJE KMS 20<\/td>\n<td align=\"left\">9.90 &#8211; 3.94<\/td>\n<\/tr>\n<tr>\n<td align=\"left\" height=\"17\">EJE-L 14<\/td>\n<td align=\"left\">8.93 &#8211; 4.94<\/td>\n<\/tr>\n<tr>\n<td align=\"left\" height=\"17\">EJE KMS 16<\/td>\n<td align=\"left\">10.93 &#8211; 10.99<\/td>\n<\/tr>\n<tr>\n<td align=\"left\" height=\"17\">ERE 20<\/td>\n<td align=\"left\">1.92 &#8211; 4.94<\/td>\n<\/tr>\n<tr>\n<td align=\"left\" height=\"17\">EJD 16<\/td>\n<td align=\"left\">9.92 &#8211; 4.94<\/td>\n<\/tr>\n<tr>\n<td align=\"left\" height=\"17\">ERE 20<\/td>\n<td align=\"left\">5.94 &#8211; 6.97<\/td>\n<\/tr>\n<tr>\n<td align=\"left\" height=\"17\">EKE 20<\/td>\n<td align=\"left\">5.94 &#8211; 5.97<\/td>\n<\/tr>\n<tr>\n<td align=\"left\" height=\"17\">ERC-Z 12\/14<\/td>\n<td align=\"left\">11.94 &#8211; 3.01<\/td>\n<\/tr>\n<tr>\n<td align=\"left\" height=\"17\">EJC-Z 12,5\/16<\/td>\n<td align=\"left\">7.94 &#8211; 6.96<\/td>\n<\/tr>\n<tr>\n<td align=\"left\" height=\"17\">EJD 20-3<\/td>\n<td align=\"left\">5.94 &#8211; 10.94<\/td>\n<\/tr>\n<tr>\n<td align=\"left\" height=\"17\">EKC-Z 12,5 \/ 16<\/td>\n<td align=\"left\">2.95 &#8211; 12.99<\/td>\n<\/tr>\n<tr>\n<td align=\"left\" height=\"17\">EJE 12,5-16<\/td>\n<td align=\"left\">10.88 &#8211; 3.91<\/td>\n<\/tr>\n<tr>\n<td align=\"left\" height=\"17\">EJE 16\/20<\/td>\n<td align=\"left\">9.92 &#8211; 7.93<\/td>\n<\/tr>\n<tr>\n<td align=\"left\" height=\"17\">EJE\/-R 20<\/td>\n<td align=\"left\">9.92 &#8211; 7.93<\/td>\n<\/tr>\n<tr>\n<td align=\"left\" height=\"17\">EJC-Z 12,5<\/td>\n<td align=\"left\">10.88 &#8211; 12.92<\/td>\n<\/tr>\n<tr>\n<td align=\"left\" height=\"17\">EJC-Z 12,5<\/td>\n<td align=\"left\">1.93 &#8211; 7.93<\/td>\n<\/tr>\n<tr>\n<td align=\"left\" height=\"17\">EJC-Z 16<\/td>\n<td align=\"left\">1.93 &#8211; 7.93<\/td>\n<\/tr>\n<tr>\n<td align=\"left\" height=\"17\">EJD 16<\/td>\n<td align=\"left\">5.91 &#8211; 12.91<\/td>\n<\/tr>\n<tr>\n<td align=\"left\" height=\"17\">EJD 20-3<\/td>\n<td align=\"left\">10.94 &#8211; 3.95<\/td>\n<\/tr>\n<tr>\n<td align=\"left\" height=\"17\">EJD 20-4<\/td>\n<td align=\"left\">4.95 &#8211; 12.01<\/td>\n<\/tr>\n<tr>\n<td align=\"left\" height=\"17\">ERD 16-20<\/td>\n<td align=\"left\">7.94 &#8211; 3.95<\/td>\n<\/tr>\n<tr>\n<td align=\"left\" height=\"17\">EJE\/-R 20-24<\/td>\n<td align=\"left\">6.96 &#8211; 4.97<\/td>\n<\/tr>\n<tr>\n<td align=\"left\" height=\"17\">EKD 10-20<\/td>\n<td align=\"left\">5.95 &#8211; 12.99<\/td>\n<\/tr>\n<tr>\n<td align=\"left\" height=\"17\">ERE 20 Schmal<\/td>\n<td align=\"left\">10.95 &#8211; 12.98<\/td>\n<\/tr>\n<tr>\n<td align=\"left\" height=\"17\">EJC-Z 14\/16<\/td>\n<td align=\"left\">7.96 &#8211; 12.98<\/td>\n<\/tr>\n<tr>\n<td align=\"left\" height=\"17\">ELS 18<\/td>\n<td align=\"left\">7.96 &#8211; 4.04<\/td>\n<\/tr>\n<tr>\n<td align=\"left\" height=\"17\">EJD 16-4<\/td>\n<td align=\"left\">8.96 &#8211; 12.99<\/td>\n<\/tr>\n<tr>\n<td align=\"left\" height=\"17\">EJC 14\/16<\/td>\n<td align=\"left\">6.98 &#8211; 2.06<\/td>\n<\/tr>\n<tr>\n<td align=\"left\" height=\"17\">WP 12\/14 iS (MIC)<\/td>\n<td align=\"left\">6.98 &#8211; 7.02<\/td>\n<\/tr>\n<tr>\n<td align=\"left\" height=\"17\">WP 12\/14 iS (STB)<\/td>\n<td align=\"left\">6.98 &#8211; 7.02<\/td>\n<\/tr>\n<tr>\n<td align=\"left\" height=\"17\">MWF DG 12\/14 (KOM)<\/td>\n<td align=\"left\">6.98 &#8211; 7.02<\/td>\n<\/tr>\n<tr>\n<td align=\"left\" height=\"17\">EJE KMS 16<\/td>\n<td align=\"left\">1.00 &#8211; 2.04<\/td>\n<\/tr>\n<tr>\n<td align=\"left\" height=\"17\">EKC-Z 12,5 \/ 16<\/td>\n<td align=\"left\">1.00 &#8211; 4.04<\/td>\n<\/tr>\n<tr>\n<td align=\"left\" height=\"17\">EKD 16\/48V<\/td>\n<td align=\"left\">6.01 &#8211;<\/td>\n<\/tr>\n<tr>\n<td align=\"left\" height=\"17\">ELE 16-20 ac<\/td>\n<td align=\"left\">9.02 &#8211; 8.03<\/td>\n<\/tr>\n<tr>\n<td align=\"left\" height=\"17\">WN 16-20 AC<\/td>\n<td align=\"left\">9.02 &#8211; 10.07<\/td>\n<\/tr>\n<tr>\n<td align=\"left\" height=\"17\">ELS 12<\/td>\n<td align=\"left\">2.03 &#8211; 12.03<\/td>\n<\/tr>\n<tr>\n<td align=\"left\" height=\"17\">ECE 116<\/td>\n<td align=\"left\">4.04 &#8211; 7.06<\/td>\n<\/tr>\n<tr>\n<td align=\"left\" height=\"17\">EJE 135\/145<\/td>\n<td align=\"left\">9.03 &#8211; 10.06<\/td>\n<\/tr>\n<tr>\n<td align=\"left\" height=\"17\">EKC-Z<\/td>\n<td align=\"left\">5.04 &#8211; 12.04<\/td>\n<\/tr>\n<tr>\n<td align=\"left\" height=\"17\">ESC Z<\/td>\n<td align=\"left\">1.05 &#8211; 7.09<\/td>\n<\/tr>\n<tr>\n<td align=\"left\" height=\"17\">ESD 220<\/td>\n<td align=\"left\">1.05 &#8211; 9.10<\/td>\n<\/tr>\n<tr>\n<td align=\"left\" height=\"17\">ERE 120<\/td>\n<td align=\"left\">9.05 &#8211; 10.07<\/td>\n<\/tr>\n<tr>\n<td align=\"left\" height=\"17\">ECE 118<\/td>\n<td align=\"left\">12.06 &#8211; 3.10<\/td>\n<\/tr>\n<tr>\n<td align=\"left\" height=\"17\">EJE 116\/120 (Qingpu)<\/td>\n<td align=\"left\">9.06 &#8211; 9.07<\/td>\n<\/tr>\n<tr>\n<td align=\"left\" height=\"17\">ERE 225<\/td>\n<td align=\"left\">9.07 &#8211;<\/td>\n<\/tr>\n<tr>\n<td align=\"left\" height=\"17\">WN 116\/118\/120<\/td>\n<td align=\"left\">4.07 &#8211; 4.08<\/td>\n<\/tr>\n<tr>\n<td align=\"left\" height=\"17\">EJE 116\/118\/120<\/td>\n<td align=\"left\">4.07 &#8211;<\/td>\n<\/tr>\n<tr>\n<td align=\"left\" height=\"17\">WN 20C\/25C<\/td>\n<td align=\"left\">5.07 &#8211;<\/td>\n<\/tr>\n<tr>\n<td align=\"left\" height=\"17\">EJE 220\/225<\/td>\n<td align=\"left\">5.07 &#8211;<\/td>\n<\/tr>\n<tr>\n<td align=\"left\" height=\"17\">ESC 316\/316Z<\/td>\n<td align=\"left\">11.07 &#8211;<\/td>\n<\/tr>\n<tr>\n<td align=\"left\" height=\"17\">EJE C20<\/td>\n<td align=\"left\">10.07 &#8211;<\/td>\n<\/tr>\n<tr>\n<td align=\"left\" height=\"17\">EJE 116\/120 (Qingpu)<\/td>\n<td align=\"left\">10.07 &#8211; 8.09<\/td>\n<\/tr>\n<tr>\n<td align=\"left\" height=\"17\">EJD K18<\/td>\n<td align=\"left\">6.08 &#8211;<\/td>\n<\/tr>\n<tr>\n<td align=\"left\" height=\"17\">EJE 235<\/td>\n<td align=\"left\">5.08 &#8211;<\/td>\n<\/tr>\n<tr>\n<td align=\"left\" height=\"17\">ERE 225 KP<\/td>\n<td align=\"left\">7.08 &#8211;<\/td>\n<\/tr>\n<tr>\n<td align=\"left\" height=\"17\">ESC 214\/216Z<\/td>\n<td align=\"left\">8.09 &#8211;<\/td>\n<\/tr>\n<tr>\n<td align=\"left\" height=\"17\">ERE 120 (Qingpu)<\/td>\n<td align=\"left\">1.09 &#8211; 8.09<\/td>\n<\/tr>\n<tr>\n<td align=\"left\" height=\"17\">EJE 116n\/120n<\/td>\n<td align=\"left\">9.09 &#8211;<\/td>\n<\/tr>\n<tr>\n<td align=\"left\" height=\"17\">ERD K18<\/td>\n<td align=\"left\">10.09 &#8211;<\/td>\n<\/tr>\n<\/tbody>\n<\/table>","protected":false},"excerpt":{"rendered":"<p data-start=\"147\" data-end=\"1053\"><br data-start=\"5574\" data-end=\"5577\" \/>La Abrazadera de Brida de Rueda Portadora Jungheinrich ERE120 es un componente de conexi\u00f3n especialmente dise\u00f1ado para montacargas y apiladores Jungheinrich modelo ERE120. Garantiza una fijaci\u00f3n segura del conjunto de rueda portadora, mejorando la estabilidad de las ruedas y el equilibrio de la m\u00e1quina durante la manipulaci\u00f3n de cargas. Su estructura de aleaci\u00f3n met\u00e1lica de alta resistencia evita deformaciones bajo cargas pesadas y asegura un funcionamiento fiable y duradero. Alta resistencia al desgaste y a los impactos, ideal para almacenes, log\u00edstica e instalaciones industriales.<br data-start=\"6166\" data-end=\"6169\" \/><strong data-start=\"6169\" data-end=\"6189\">Caracter\u00edsticas:<\/strong><br data-start=\"6189\" data-end=\"6192\" \/><strong data-start=\"6192\" data-end=\"6216\">Nombre del producto:<\/strong> Abrazadera de Brida de Rueda Portadora Jungheinrich ERE120<br data-start=\"6275\" data-end=\"6278\" \/><strong data-start=\"6278\" data-end=\"6298\">C\u00f3digo de pieza:<\/strong> 48164080<br data-start=\"6307\" data-end=\"6310\" \/><strong data-start=\"6310\" data-end=\"6323\">Material:<\/strong> Aleaci\u00f3n met\u00e1lica de alta resistencia<br data-start=\"6361\" data-end=\"6364\" \/><strong data-start=\"6364\" data-end=\"6387\">\u00c1rea de aplicaci\u00f3n:<\/strong> Conexiones de ruedas para transpaletas Jungheinrich ERE120<br data-start=\"6446\" data-end=\"6449\" \/><strong data-start=\"6449\" data-end=\"6461\">Ventaja:<\/strong> Estructura robusta y sin deformaciones, alta capacidad de carga, uso fiable y duradero<\/p>\n","protected":false},"featured_media":20865,"template":"","meta":[],"product_brand":[],"product_cat":[236,411,522],"product_tag":[],"class_list":{"0":"post-10423","1":"product","2":"type-product","3":"status-publish","4":"has-post-thumbnail","6":"product_cat-jungheinrich","7":"product_cat-parcalar-catal-mekanizma","8":"product_cat-yedek-parca-jungheinrich","10":"first","11":"instock","12":"taxable","13":"shipping-taxable","14":"purchasable","15":"product-type-simple"},"_links":{"self":[{"href":"https:\/\/ceoparts.com\/es\/wp-json\/wp\/v2\/product\/10423","targetHints":{"allow":["GET"]}}],"collection":[{"href":"https:\/\/ceoparts.com\/es\/wp-json\/wp\/v2\/product"}],"about":[{"href":"https:\/\/ceoparts.com\/es\/wp-json\/wp\/v2\/types\/product"}],"wp:featuredmedia":[{"embeddable":true,"href":"https:\/\/ceoparts.com\/es\/wp-json\/wp\/v2\/media\/20865"}],"wp:attachment":[{"href":"https:\/\/ceoparts.com\/es\/wp-json\/wp\/v2\/media?parent=10423"}],"wp:term":[{"taxonomy":"product_brand","embeddable":true,"href":"https:\/\/ceoparts.com\/es\/wp-json\/wp\/v2\/product_brand?post=10423"},{"taxonomy":"product_cat","embeddable":true,"href":"https:\/\/ceoparts.com\/es\/wp-json\/wp\/v2\/product_cat?post=10423"},{"taxonomy":"product_tag","embeddable":true,"href":"https:\/\/ceoparts.com\/es\/wp-json\/wp\/v2\/product_tag?post=10423"}],"curies":[{"name":"wp","href":"https:\/\/api.w.org\/{rel}","templated":true}]}}