{"id":10454,"date":"2024-09-16T14:20:20","date_gmt":"2024-09-16T11:20:20","guid":{"rendered":"https:\/\/ceoparts.com\/?post_type=product&#038;p=10454"},"modified":"2026-05-16T15:00:21","modified_gmt":"2026-05-16T12:00:21","slug":"100x40-15-wicke-kapakli-denge-tekeri","status":"publish","type":"product","link":"https:\/\/ceoparts.com\/es\/urun\/100x40-15-wicke-kapakli-denge-tekeri\/","title":{"rendered":"100&#215;40-15 Wicke Rueda Auxiliar &#8211; 51643862 , 582010614"},"content":{"rendered":"<p>100&#215;40-15 Wicke Rueda Auxiliar &#8211; 51643862 , 582010614<\/p>\n<table border=\"0\" width=\"243\" cellspacing=\"0\" cellpadding=\"0\">\n<colgroup>\n<col width=\"179\" \/>\n<col width=\"64\" \/><\/colgroup>\n<tbody>\n<tr>\n<td width=\"179\" height=\"19\"><span style=\"font-family: Calibri;\">EJE 114 \/ 116 \/ 118 \/ 120<\/span><\/td>\n<td width=\"64\"><span style=\"font-family: Calibri;\">3.18 &#8211;\u00a0<\/span><\/td>\n<\/tr>\n<tr>\n<td height=\"19\"><span style=\"font-family: Calibri;\">EJE 114-120 fvz<\/span><\/td>\n<td><span style=\"font-family: Calibri;\">8.19 &#8211;\u00a0<\/span><\/td>\n<\/tr>\n<tr>\n<td height=\"19\"><span style=\"font-family: Calibri;\">EJE 120 US<\/span><\/td>\n<td><span style=\"font-family: Calibri;\">3.18 &#8211;\u00a0<\/span><\/td>\n<\/tr>\n<tr>\n<td height=\"19\"><span style=\"font-family: Calibri;\">EJE 222\/225<\/span><\/td>\n<td><span style=\"font-family: Calibri;\">8.18 &#8211;\u00a0<\/span><\/td>\n<\/tr>\n<tr>\n<td height=\"19\"><span style=\"font-family: Calibri;\">EJE 222R\/225R<\/span><\/td>\n<td><span style=\"font-family: Calibri;\">3.20 &#8211;\u00a0<\/span><\/td>\n<\/tr>\n<tr>\n<td height=\"19\"><span style=\"font-family: Calibri;\">EJE 225 (USA)<\/span><\/td>\n<td><span style=\"font-family: Calibri;\">8.18 &#8211;\u00a0<\/span><\/td>\n<\/tr>\n<tr>\n<td height=\"19\"><span style=\"font-family: Calibri;\">EJE 230-235<\/span><\/td>\n<td><span style=\"font-family: Calibri;\">2.20 &#8211;\u00a0<\/span><\/td>\n<\/tr>\n<tr>\n<td height=\"19\"><span style=\"font-family: Calibri;\">EJE C20<\/span><\/td>\n<td><span style=\"font-family: Calibri;\">9.18 &#8211;\u00a0<\/span><\/td>\n<\/tr>\n<tr>\n<td height=\"19\"><span style=\"font-family: Calibri;\">EJE C20 (US)<\/span><\/td>\n<td><span style=\"font-family: Calibri;\">9.18 &#8211;\u00a0<\/span><\/td>\n<\/tr>\n<tr>\n<td height=\"19\"><span style=\"font-family: Calibri;\">PW23P<\/span><\/td>\n<td><span style=\"font-family: Calibri;\">3.18 &#8211;\u00a0<\/span><\/td>\n<\/tr>\n<tr>\n<td height=\"19\"><span style=\"font-family: Calibri;\">PW30P<\/span><\/td>\n<td><span style=\"font-family: Calibri;\">8.18 &#8211;\u00a0<\/span><\/td>\n<\/tr>\n<tr>\n<td height=\"19\"><span style=\"font-family: Calibri;\">Sonderbau<\/span><\/td>\n<td><span style=\"font-family: Calibri;\">12.04 &#8211;\u00a0<\/span><\/td>\n<\/tr>\n<\/tbody>\n<\/table>","protected":false},"excerpt":{"rendered":"<p data-start=\"0\" data-end=\"880\"><br data-start=\"5468\" data-end=\"5471\" \/>La Rueda de equilibrio 100\u00d740-15 Wicke con tapa es una rueda duradera y de alto rendimiento dise\u00f1ada para montacargas y apiladores Wicke. Su cuerpo de aleaci\u00f3n met\u00e1lica de alta resistencia y recubrimiento anti-desgaste aseguran un excelente control de estabilidad durante operaciones pesadas y continuas. El dise\u00f1o con tapa protege los rodamientos de agentes externos, prolongando la vida \u00fatil de la rueda y reduciendo el mantenimiento. Ideal para almacenes, log\u00edstica y entornos industriales, ofreciendo un funcionamiento silencioso, estable y duradero.<br data-start=\"6025\" data-end=\"6028\" \/><strong data-start=\"6028\" data-end=\"6048\">Caracter\u00edsticas:<\/strong><br data-start=\"6048\" data-end=\"6051\" \/><strong data-start=\"6051\" data-end=\"6075\">Nombre del producto:<\/strong> Rueda de equilibrio 100\u00d740-15 Wicke con tapa<br data-start=\"6120\" data-end=\"6123\" \/><strong data-start=\"6123\" data-end=\"6143\">C\u00f3digo de pieza:<\/strong> 51643862, 582010614<br data-start=\"6163\" data-end=\"6166\" \/><strong data-start=\"6166\" data-end=\"6179\">Material:<\/strong> Aleaci\u00f3n met\u00e1lica de alta resistencia<br data-start=\"6217\" data-end=\"6220\" \/><strong data-start=\"6220\" data-end=\"6243\">\u00c1rea de aplicaci\u00f3n:<\/strong> Montacargas y apiladores Wicke<br data-start=\"6274\" data-end=\"6277\" \/><strong data-start=\"6277\" data-end=\"6289\">Ventaja:<\/strong> Protecci\u00f3n de rodamientos, alta resistencia al desgaste e impactos, funcionamiento silencioso y duradero<\/p>\n","protected":false},"featured_media":15077,"template":"","meta":[],"product_brand":[],"product_cat":[403,185],"product_tag":[],"class_list":{"0":"post-10454","1":"product","2":"type-product","3":"status-publish","4":"has-post-thumbnail","6":"product_cat-denge-tekeri-wicke","7":"product_cat-denge-tekeri","9":"first","10":"instock","11":"taxable","12":"shipping-taxable","13":"purchasable","14":"product-type-simple"},"_links":{"self":[{"href":"https:\/\/ceoparts.com\/es\/wp-json\/wp\/v2\/product\/10454","targetHints":{"allow":["GET"]}}],"collection":[{"href":"https:\/\/ceoparts.com\/es\/wp-json\/wp\/v2\/product"}],"about":[{"href":"https:\/\/ceoparts.com\/es\/wp-json\/wp\/v2\/types\/product"}],"wp:featuredmedia":[{"embeddable":true,"href":"https:\/\/ceoparts.com\/es\/wp-json\/wp\/v2\/media\/15077"}],"wp:attachment":[{"href":"https:\/\/ceoparts.com\/es\/wp-json\/wp\/v2\/media?parent=10454"}],"wp:term":[{"taxonomy":"product_brand","embeddable":true,"href":"https:\/\/ceoparts.com\/es\/wp-json\/wp\/v2\/product_brand?post=10454"},{"taxonomy":"product_cat","embeddable":true,"href":"https:\/\/ceoparts.com\/es\/wp-json\/wp\/v2\/product_cat?post=10454"},{"taxonomy":"product_tag","embeddable":true,"href":"https:\/\/ceoparts.com\/es\/wp-json\/wp\/v2\/product_tag?post=10454"}],"curies":[{"name":"wp","href":"https:\/\/api.w.org\/{rel}","templated":true}]}}