{"id":10479,"date":"2024-09-16T16:15:55","date_gmt":"2024-09-16T13:15:55","guid":{"rendered":"https:\/\/ceoparts.com\/?post_type=product&#038;p=10479"},"modified":"2026-05-16T12:52:52","modified_gmt":"2026-05-16T09:52:52","slug":"140x54-60-20-tellure-rota-denge-tekeri","status":"publish","type":"product","link":"https:\/\/ceoparts.com\/es\/urun\/140x54-60-20-tellure-rota-denge-tekeri\/","title":{"rendered":"140&#215;54\/60-20 Tellure Rota Rueda Auxiliar &#8211; 50432647, 50019777"},"content":{"rendered":"<p>140&#215;54\/60-20 Tellure Rota Rueda Auxiliar &#8211; 50432647, 50019777<\/p>\n<p>140\u00d754\/60-20 Jungheinrich 50432647, 50019777, 51065641, 27885180,939503, 50056035 EJC,ERE,ERC,ERD,ESD,ESE,ESC<\/p>\n<p>Ko\u0142o podporowe Jungheinrich \/\u00a0Suporting wheel 140\u00d754 used on Jungheinrich<\/p>\n<p>140\u00d754\/60-20\u00a0 Alternative<\/p>\n<p>&nbsp;<\/p>\n<p>27885180, 50056035 50019777, 51065641, 50432647, 50312941<\/p>\n<p>&nbsp;<\/p>\n<p>EJC 12-16 \/ 7.96 \u2013 4.98<br \/>\nEJC 10\/12 \/ 10.97 \u2013<br \/>\nEJC 14\/16 \/ 6.98 \u2013 2.06<br \/>\nEJC-Z 14\/16 \/ 1.99 \u2013 4.05<br \/>\nEJC 12 C \/ 7.03 \u2013 1<br \/>\nEJC-20\/25 \/ 4.05 \u2013 12.06<br \/>\nEJC Z14\/Z16 \/ 5.05 \u2013 1<br \/>\nEJC 212-216 \/ 1.06 \u2013 5.08<br \/>\nEJC 220 \/ 8.06 \u2013<br \/>\nEJC 110\/112 \/ 8.07 \u2013 10.07<br \/>\nEJC 110\/112 \/ 9.07 \u2013<br \/>\nEJC 212 \/ 214 \/ 216 \/ 6.08 \u2013<br \/>\nEJC M10 \/ 6.09 \u2013 6.09 1<br \/>\nEJC 110n\/112n \/ 10.09 \u2013<\/p>\n<p>EJD 16-4 \/ 8.96 \u2013 12.99<\/p>\n<p>EJE 16-4 \/ 1.00 \u2013<\/p>\n<p>ERE 20 \/ 5.94 \u2013 6.97<br \/>\nERE 20 \/ 7.97 \u2013 9.98<br \/>\nERE 20 \/ 11.98 \u2013 1.01<br \/>\nERE 220 \/ 10.03 \u2013 9.05<br \/>\nERE 224 \/ 10.05 \u2013 9.07<br \/>\nERE 225 \/ 9.07 \u2013<br \/>\nERE 225 KP \/ 7.08 \u2013<\/p>\n<p>ERC 12-16 \/ 10.94 \u2013 3.01<br \/>\nERC-Z 12\/14 \/ 11.94 \u2013 3.01<br \/>\nERC 12-16 \/ 10.94 \u2013 3.01<br \/>\nERC 212\/214\/216 \/ 4.04 \u2013<br \/>\nERC Z12\/Z14\/Z16 \/ 4.04 \u2013<\/p>\n<p>ERD 16-20 \/ 4.95 \u2013 12.99<br \/>\nERD 16-20 \/ 7.94 \u2013 3.95<br \/>\nERD 16-20 \/ 1.00 \u2013 6.00<br \/>\nERD 16-20 \/ 3.03 \u2013 10.03<br \/>\nERD 220 \/ 10.03 \u2013<\/p>\n<p>ESE 20 \/ 3.99 \u2013 3.04<br \/>\nESE 20 \/ 4.04 \u2013 12.04<br \/>\nESE 120 \/ 1.05 \u2013<br \/>\nESE 220 \/ 1.05 \u2013 1.10<br \/>\nESE 220\/320 \/ 2.10 \u2013<\/p>\n<p>ESD 20 \/ 11.99 \u2013 7.03<br \/>\nESD 20 \/ 8.03 \u2013 12.04<br \/>\nESD 120 \/ 1.05 \u2013<\/p>\n<p>ESC 214\/216Z \/ 8.09 \u2013<\/p>","protected":false},"excerpt":{"rendered":"<p data-start=\"0\" data-end=\"875\"><br data-start=\"5537\" data-end=\"5540\" \/>La Rueda de equilibrio 140\u00d754\/60-20 Tellure Rota es una rueda de alto rendimiento dise\u00f1ada especialmente para montacargas y apiladores Tellure Rota. Su estructura met\u00e1lica robusta y su recubrimiento de calidad proporcionan una estabilidad m\u00e1xima de la m\u00e1quina, ofreciendo una operaci\u00f3n segura y constante durante la manipulaci\u00f3n y maniobras con cargas pesadas. Gracias a su alta resistencia al desgaste y a los impactos, garantiza una larga vida \u00fatil en entornos de almac\u00e9n, f\u00e1brica y log\u00edstica exigentes. Su maniobrabilidad en espacios reducidos y su funcionamiento silencioso mejoran la eficiencia operativa.<br data-start=\"6150\" data-end=\"6153\" \/><strong data-start=\"6153\" data-end=\"6173\">Caracter\u00edsticas:<\/strong><br data-start=\"6173\" data-end=\"6176\" \/><strong data-start=\"6176\" data-end=\"6200\">Nombre del producto:<\/strong> Rueda de equilibrio 140\u00d754\/60-20 Tellure Rota<br data-start=\"6246\" data-end=\"6249\" \/><strong data-start=\"6249\" data-end=\"6269\">C\u00f3digo de pieza:<\/strong> 50432647, 50019777<br data-start=\"6288\" data-end=\"6291\" \/><strong data-start=\"6291\" data-end=\"6304\">Material:<\/strong> Aleaci\u00f3n met\u00e1lica de alta resistencia<br data-start=\"6342\" data-end=\"6345\" \/><strong data-start=\"6345\" data-end=\"6368\">\u00c1rea de aplicaci\u00f3n:<\/strong> Montacargas y apiladores Tellure Rota<br data-start=\"6406\" data-end=\"6409\" \/><strong data-start=\"6409\" data-end=\"6421\">Ventaja:<\/strong> Alta resistencia al desgaste y a los impactos, larga duraci\u00f3n, funcionamiento silencioso y estable<\/p>\n","protected":false},"featured_media":16427,"template":"","meta":[],"product_brand":[],"product_cat":[236,237,412,413,185],"product_tag":[],"class_list":{"0":"post-10479","1":"product","2":"type-product","3":"status-publish","4":"has-post-thumbnail","6":"product_cat-jungheinrich","7":"product_cat-denge-tekeri-jungheinrich","8":"product_cat-tellure-rota","9":"product_cat-tellure-rota-denge-tekeri","10":"product_cat-denge-tekeri","12":"first","13":"instock","14":"taxable","15":"shipping-taxable","16":"purchasable","17":"product-type-simple"},"_links":{"self":[{"href":"https:\/\/ceoparts.com\/es\/wp-json\/wp\/v2\/product\/10479","targetHints":{"allow":["GET"]}}],"collection":[{"href":"https:\/\/ceoparts.com\/es\/wp-json\/wp\/v2\/product"}],"about":[{"href":"https:\/\/ceoparts.com\/es\/wp-json\/wp\/v2\/types\/product"}],"wp:featuredmedia":[{"embeddable":true,"href":"https:\/\/ceoparts.com\/es\/wp-json\/wp\/v2\/media\/16427"}],"wp:attachment":[{"href":"https:\/\/ceoparts.com\/es\/wp-json\/wp\/v2\/media?parent=10479"}],"wp:term":[{"taxonomy":"product_brand","embeddable":true,"href":"https:\/\/ceoparts.com\/es\/wp-json\/wp\/v2\/product_brand?post=10479"},{"taxonomy":"product_cat","embeddable":true,"href":"https:\/\/ceoparts.com\/es\/wp-json\/wp\/v2\/product_cat?post=10479"},{"taxonomy":"product_tag","embeddable":true,"href":"https:\/\/ceoparts.com\/es\/wp-json\/wp\/v2\/product_tag?post=10479"}],"curies":[{"name":"wp","href":"https:\/\/api.w.org\/{rel}","templated":true}]}}