{"id":10534,"date":"2024-09-18T10:31:00","date_gmt":"2024-09-18T07:31:00","guid":{"rendered":"https:\/\/ceoparts.com\/?post_type=product&#038;p=10534"},"modified":"2026-05-16T15:04:36","modified_gmt":"2026-05-16T12:04:36","slug":"150x35-12-stellana-vulkollan-denge-tekeri","status":"publish","type":"product","link":"https:\/\/ceoparts.com\/es\/urun\/150x35-12-stellana-vulkollan-denge-tekeri\/","title":{"rendered":"150&#215;40\/55-13 Stellana Vulkollan Rueda Auxiliar &#8211; 247504"},"content":{"rendered":"<p>150&#215;40\/55-13 Stellana Vulkollan Rueda Auxiliar &#8211; 247504<\/p>\n<p>BT 247504, 7553008<\/p>\n<p>LSE200<\/p>\n<p>SSE135, 135L<\/p>\n<p>SSE160, 160D, 160L<\/p>","protected":false},"excerpt":{"rendered":"<p data-start=\"0\" data-end=\"859\"><br data-start=\"5536\" data-end=\"5539\" \/>La Rueda de equilibrio 150\u00d740\/55-13 Stellana Vulkollan es una rueda de alta calidad especialmente dise\u00f1ada para montacargas y apiladores Stellana. Gracias a su recubrimiento de Vulkollan, ofrece una excelente resistencia al desgaste y una \u00f3ptima absorci\u00f3n de impactos. Garantiza la estabilidad de la m\u00e1quina, proporcionando un movimiento seguro, c\u00f3modo y estable. Especialmente indicada para cargas pesadas y maniobras en espacios reducidos, con una larga vida \u00fatil y funcionamiento silencioso. Una pieza de repuesto perfecta para montacargas Stellana.<br data-start=\"6091\" data-end=\"6094\" \/><strong data-start=\"6094\" data-end=\"6114\">Caracter\u00edsticas:<\/strong><br data-start=\"6114\" data-end=\"6117\" \/><strong data-start=\"6117\" data-end=\"6141\">Nombre del producto:<\/strong> Rueda de equilibrio 150\u00d740\/55-13 Stellana Vulkollan<br data-start=\"6193\" data-end=\"6196\" \/><strong data-start=\"6196\" data-end=\"6216\">C\u00f3digo de pieza:<\/strong> 247504<br data-start=\"6223\" data-end=\"6226\" \/><strong data-start=\"6226\" data-end=\"6239\">Material:<\/strong> Recubrimiento de Vulkollan + aleaci\u00f3n met\u00e1lica de alta resistencia<br data-start=\"6306\" data-end=\"6309\" \/><strong data-start=\"6309\" data-end=\"6332\">\u00c1rea de aplicaci\u00f3n:<\/strong> Montacargas y apiladores Stellana<br data-start=\"6366\" data-end=\"6369\" \/><strong data-start=\"6369\" data-end=\"6381\">Ventaja:<\/strong> Alta resistencia al desgaste, absorci\u00f3n de impactos, larga duraci\u00f3n, funcionamiento silencioso, gran capacidad de carga<\/p>\n","protected":false},"featured_media":16435,"template":"","meta":[],"product_brand":[],"product_cat":[251,252,417,185],"product_tag":[],"class_list":{"0":"post-10534","1":"product","2":"type-product","3":"status-publish","4":"has-post-thumbnail","6":"product_cat-bt","7":"product_cat-denge-tekeri-bt","8":"product_cat-denge-tekeri-stellana","9":"product_cat-denge-tekeri","11":"first","12":"instock","13":"taxable","14":"shipping-taxable","15":"purchasable","16":"product-type-simple"},"_links":{"self":[{"href":"https:\/\/ceoparts.com\/es\/wp-json\/wp\/v2\/product\/10534","targetHints":{"allow":["GET"]}}],"collection":[{"href":"https:\/\/ceoparts.com\/es\/wp-json\/wp\/v2\/product"}],"about":[{"href":"https:\/\/ceoparts.com\/es\/wp-json\/wp\/v2\/types\/product"}],"wp:featuredmedia":[{"embeddable":true,"href":"https:\/\/ceoparts.com\/es\/wp-json\/wp\/v2\/media\/16435"}],"wp:attachment":[{"href":"https:\/\/ceoparts.com\/es\/wp-json\/wp\/v2\/media?parent=10534"}],"wp:term":[{"taxonomy":"product_brand","embeddable":true,"href":"https:\/\/ceoparts.com\/es\/wp-json\/wp\/v2\/product_brand?post=10534"},{"taxonomy":"product_cat","embeddable":true,"href":"https:\/\/ceoparts.com\/es\/wp-json\/wp\/v2\/product_cat?post=10534"},{"taxonomy":"product_tag","embeddable":true,"href":"https:\/\/ceoparts.com\/es\/wp-json\/wp\/v2\/product_tag?post=10534"}],"curies":[{"name":"wp","href":"https:\/\/api.w.org\/{rel}","templated":true}]}}