{"id":10573,"date":"2024-09-18T14:57:44","date_gmt":"2024-09-18T11:57:44","guid":{"rendered":"https:\/\/ceoparts.com\/?post_type=product&#038;p=10573"},"modified":"2026-05-16T12:51:23","modified_gmt":"2026-05-16T09:51:23","slug":"150x79-20-wicke-denge-tekeri","status":"publish","type":"product","link":"https:\/\/ceoparts.com\/es\/urun\/150x79-20-wicke-denge-tekeri\/","title":{"rendered":"150&#215;79\/79-20  Wicke Rueda Auxiliar &#8211; 1644573 PU"},"content":{"rendered":"<p>150&#215;79\/79-20  Wicke Rueda Auxiliar &#8211; 1644573 PU<\/p>","protected":false},"excerpt":{"rendered":"<p data-start=\"0\" data-end=\"744\"><br data-start=\"4640\" data-end=\"4643\" \/>La Rueda de equilibrio 150\u00d779\/79-20 Wicke es una rueda duradera y de alto rendimiento fabricada para montacargas y apiladores Wicke. Fabricada en poliuretano (PU), ofrece alta resistencia al desgaste y larga vida \u00fatil. Garantiza la estabilidad de la m\u00e1quina para un movimiento seguro y estable. Su construcci\u00f3n robusta resiste condiciones de trabajo dif\u00edciles, mejorando la eficiencia operativa. Una pieza de repuesto ideal para montacargas Wicke.<br data-start=\"5090\" data-end=\"5093\" \/><strong data-start=\"5093\" data-end=\"5113\">Caracter\u00edsticas:<\/strong><br data-start=\"5113\" data-end=\"5116\" \/><strong data-start=\"5116\" data-end=\"5140\">Nombre del producto:<\/strong> Rueda de equilibrio 150\u00d779\/79-20 Wicke (PU)<br data-start=\"5184\" data-end=\"5187\" \/><strong data-start=\"5187\" data-end=\"5207\">C\u00f3digo de pieza:<\/strong> 1644573<br data-start=\"5215\" data-end=\"5218\" \/><strong data-start=\"5218\" data-end=\"5231\">Material:<\/strong> Poliuretano (PU), alta resistencia al desgaste<br data-start=\"5278\" data-end=\"5281\" \/><strong data-start=\"5281\" data-end=\"5304\">\u00c1rea de aplicaci\u00f3n:<\/strong> Montacargas y apiladores Wicke<br data-start=\"5335\" data-end=\"5338\" \/><strong data-start=\"5338\" data-end=\"5350\">Ventaja:<\/strong> Larga vida \u00fatil, alta durabilidad, estabilidad, resistencia a impactos<\/p>\n","protected":false},"featured_media":10576,"template":"","meta":[],"product_brand":[],"product_cat":[403,185],"product_tag":[],"class_list":{"0":"post-10573","1":"product","2":"type-product","3":"status-publish","4":"has-post-thumbnail","6":"product_cat-denge-tekeri-wicke","7":"product_cat-denge-tekeri","9":"first","10":"instock","11":"taxable","12":"shipping-taxable","13":"purchasable","14":"product-type-simple"},"_links":{"self":[{"href":"https:\/\/ceoparts.com\/es\/wp-json\/wp\/v2\/product\/10573","targetHints":{"allow":["GET"]}}],"collection":[{"href":"https:\/\/ceoparts.com\/es\/wp-json\/wp\/v2\/product"}],"about":[{"href":"https:\/\/ceoparts.com\/es\/wp-json\/wp\/v2\/types\/product"}],"wp:featuredmedia":[{"embeddable":true,"href":"https:\/\/ceoparts.com\/es\/wp-json\/wp\/v2\/media\/10576"}],"wp:attachment":[{"href":"https:\/\/ceoparts.com\/es\/wp-json\/wp\/v2\/media?parent=10573"}],"wp:term":[{"taxonomy":"product_brand","embeddable":true,"href":"https:\/\/ceoparts.com\/es\/wp-json\/wp\/v2\/product_brand?post=10573"},{"taxonomy":"product_cat","embeddable":true,"href":"https:\/\/ceoparts.com\/es\/wp-json\/wp\/v2\/product_cat?post=10573"},{"taxonomy":"product_tag","embeddable":true,"href":"https:\/\/ceoparts.com\/es\/wp-json\/wp\/v2\/product_tag?post=10573"}],"curies":[{"name":"wp","href":"https:\/\/api.w.org\/{rel}","templated":true}]}}