{"id":10579,"date":"2024-09-18T17:09:21","date_gmt":"2024-09-18T14:09:21","guid":{"rendered":"https:\/\/ceoparts.com\/?post_type=product&#038;p=10579"},"modified":"2026-05-16T20:06:02","modified_gmt":"2026-05-16T17:06:02","slug":"150x40-35-stellana-klavuz-denge-tekeri-8428366","status":"publish","type":"product","link":"https:\/\/ceoparts.com\/es\/urun\/150x40-35-stellana-klavuz-denge-tekeri-8428366\/","title":{"rendered":"156&#215;40\/30-35 Stellana Vulkollan Rueda Auxiliar &#8211; 8428366"},"content":{"rendered":"<p>156&#215;40\/30-35 Stellana Vulkollan Rueda Auxiliar &#8211; 8428366<\/p>","protected":false},"excerpt":{"rendered":"<article class=\"text-token-text-primary w-full\" dir=\"auto\" data-testid=\"conversation-turn-28\" data-scroll-anchor=\"true\">\n<div class=\"text-base my-auto mx-auto py-5 [--thread-content-margin:--spacing(4)] @[37rem]:[--thread-content-margin:--spacing(6)] @[72rem]:[--thread-content-margin:--spacing(16)] px-(--thread-content-margin)\">\n<div class=\"[--thread-content-max-width:32rem] @[34rem]:[--thread-content-max-width:40rem] @[64rem]:[--thread-content-max-width:48rem] mx-auto flex max-w-(--thread-content-max-width) flex-1 text-base gap-4 md:gap-5 lg:gap-6 group\/turn-messages focus-visible:outline-hidden\" tabindex=\"-1\">\n<div class=\"group\/conversation-turn relative flex w-full min-w-0 flex-col agent-turn\">\n<div class=\"relative flex-col gap-1 md:gap-3\">\n<div class=\"flex max-w-full flex-col grow\">\n<div class=\"min-h-8 text-message relative flex w-full flex-col items-end gap-2 text-start break-words whitespace-normal [.text-message+&amp;]:mt-5\" dir=\"auto\" data-message-author-role=\"assistant\" data-message-id=\"24348097-f948-45fe-b7bb-a1f8e0319e39\" data-message-model-slug=\"gpt-4-1-mini\">\n<div class=\"flex w-full flex-col gap-1 empty:hidden first:pt-[3px]\">\n<div class=\"markdown prose dark:prose-invert w-full break-words light\">\n<p data-start=\"0\" data-end=\"861\"><br data-start=\"5457\" data-end=\"5460\" \/>La Rueda de equilibrio gu\u00eda 156\u00d740\/30-35 Stellana Vulkollan es una rueda gu\u00eda y de equilibrio de alta calidad especialmente dise\u00f1ada para montacargas y apiladores. Fabricada a partir de una combinaci\u00f3n de materiales Stellana y Vulkollan, esta rueda ofrece una excelente resistencia al desgaste y gran durabilidad. Asegura la estabilidad de la m\u00e1quina proporcionando un movimiento estable y una direcci\u00f3n precisa. Su construcci\u00f3n resistente a impactos garantiza una larga vida \u00fatil incluso en condiciones de trabajo dif\u00edciles. Una pieza de repuesto ideal para operadores de montacargas.<br data-start=\"6045\" data-end=\"6048\" \/><strong data-start=\"6048\" data-end=\"6068\">Caracter\u00edsticas:<\/strong><br data-start=\"6068\" data-end=\"6071\" \/><strong data-start=\"6071\" data-end=\"6095\">Nombre del producto:<\/strong> Rueda de equilibrio gu\u00eda 156\u00d740\/30-35 Stellana Vulkollan<br data-start=\"6152\" data-end=\"6155\" \/><strong data-start=\"6155\" data-end=\"6175\">C\u00f3digo de pieza:<\/strong> 8428366<br data-start=\"6183\" data-end=\"6186\" \/><strong data-start=\"6186\" data-end=\"6199\">Material:<\/strong> Stellana y Vulkollan, alta resistencia al desgaste y durabilidad<br data-start=\"6264\" data-end=\"6267\" \/><strong data-start=\"6267\" data-end=\"6290\">\u00c1rea de aplicaci\u00f3n:<\/strong> Montacargas y apiladores<br data-start=\"6315\" data-end=\"6318\" \/><strong data-start=\"6318\" data-end=\"6330\">Ventaja:<\/strong> Alta durabilidad, direcci\u00f3n precisa, larga vida \u00fatil, resistencia a impactos<\/p>\n<\/div>\n<\/div>\n<\/div>\n<\/div>\n<\/div>\n<\/div>\n<\/div>\n<\/div>\n<\/article>\n<p>&nbsp;<\/p>\n","protected":false},"featured_media":16462,"template":"","meta":[],"product_brand":[],"product_cat":[416,417,185],"product_tag":[],"class_list":{"0":"post-10579","1":"product","2":"type-product","3":"status-publish","4":"has-post-thumbnail","6":"product_cat-stellana","7":"product_cat-denge-tekeri-stellana","8":"product_cat-denge-tekeri","10":"first","11":"instock","12":"taxable","13":"shipping-taxable","14":"purchasable","15":"product-type-simple"},"_links":{"self":[{"href":"https:\/\/ceoparts.com\/es\/wp-json\/wp\/v2\/product\/10579","targetHints":{"allow":["GET"]}}],"collection":[{"href":"https:\/\/ceoparts.com\/es\/wp-json\/wp\/v2\/product"}],"about":[{"href":"https:\/\/ceoparts.com\/es\/wp-json\/wp\/v2\/types\/product"}],"wp:featuredmedia":[{"embeddable":true,"href":"https:\/\/ceoparts.com\/es\/wp-json\/wp\/v2\/media\/16462"}],"wp:attachment":[{"href":"https:\/\/ceoparts.com\/es\/wp-json\/wp\/v2\/media?parent=10579"}],"wp:term":[{"taxonomy":"product_brand","embeddable":true,"href":"https:\/\/ceoparts.com\/es\/wp-json\/wp\/v2\/product_brand?post=10579"},{"taxonomy":"product_cat","embeddable":true,"href":"https:\/\/ceoparts.com\/es\/wp-json\/wp\/v2\/product_cat?post=10579"},{"taxonomy":"product_tag","embeddable":true,"href":"https:\/\/ceoparts.com\/es\/wp-json\/wp\/v2\/product_tag?post=10579"}],"curies":[{"name":"wp","href":"https:\/\/api.w.org\/{rel}","templated":true}]}}