{"id":10589,"date":"2024-09-19T09:49:25","date_gmt":"2024-09-19T06:49:25","guid":{"rendered":"https:\/\/ceoparts.com\/?post_type=product&#038;p=10589"},"modified":"2026-05-16T17:34:17","modified_gmt":"2026-05-16T14:34:17","slug":"180x65-25-stellana-denge-tekeri","status":"publish","type":"product","link":"https:\/\/ceoparts.com\/es\/urun\/180x65-25-stellana-denge-tekeri\/","title":{"rendered":"180&#215;65\/75-25 Stellana Rueda Auxiliar &#8211; 51367028 ,27637400"},"content":{"rendered":"<p>180&#215;65\/75-25 Stellana Rueda Auxiliar &#8211; 51367028 ,27637400<\/p>\n<div class=\"font12\">Jungheinrich 27637400, 51056244, 50316136, 51367028<\/div>\n<div class=\"font12\"><\/div>\n<div class=\"font12\">ECE 20 \/ 3.93 &#8211; 8.97<\/div>\n<div class=\"font12\">ECC 10 \/ 5.94 &#8211; 3.98<br \/>\nECC 10 \/ 4.98 &#8211; 4.98<br \/>\nECC 10 AC \/ 2.03 &#8211; 3.04<br \/>\nECC SH 20 \/ 4.98 &#8211; 10.02<br \/>\nECC SH 20 AC \/ 11.02 &#8211; 3.04<\/div>\n<div class=\"font12\">ECE 20 \/ 3.93 &#8211; 8.97<br \/>\nECE 20 &#8211; TC \/ 7.99 &#8211; 3.03<br \/>\nECE 20 AC \/ 7.01 &#8211; 3.04<br \/>\nECE 20 AC XL \/ 6.02 &#8211; 3.04<br \/>\nECE 20 ASDA\/SAFEWAY \/ 3.00 &#8211; 9.02<br \/>\nECE 20 hebbare Standplattform \/ 9.97 &#8211; 12.02<br \/>\nECE 20 Serie\/Tesco -03.2000 \/ 4.98 &#8211; 2.00<br \/>\nECE 20 Tesco \/ 3.00 &#8211; 9.02<br \/>\nECE 220 HP AC \/ 4.04 &#8211; 11.07<br \/>\nECE 220 XL \/ 4.04 &#8211; 3.08<br \/>\nECE 220-ac \/ 4.04 &#8211; 4.07<br \/>\nECE 220\/225 \/ 12.06 &#8211; 7.09<br \/>\nECE 220\/225 \/ 8.09 &#8211;<br \/>\nECE 225 HP \/ 12.07 &#8211;<br \/>\nECE 225 XL \/ 12.07 &#8211; 12.08<br \/>\nECE 225 XL \/ 1.09 &#8211;<br \/>\nECE 310 \/ 4.04 &#8211; 12.07<br \/>\nECE 310 \/ 1.08 &#8211;<br \/>\nECE 320 \/ 4.04 &#8211; 12.07<br \/>\nECE 320 \/ 1.08 &#8211; 7.09<br \/>\nECE 320 \/ 8.09 &#8211;<\/div>\n<div class=\"font12\">EJE-L 16 \/ 8.93 &#8211; 1.96<\/div>\n<div class=\"font12\">EKC 12,5 \/ 16 \/ 2.95 &#8211; 12.99<br \/>\nEKC 12,5 \/ 16 \/ 1.00 &#8211; 4.04<br \/>\nEKC 20 \/ 5.04 &#8211; 12.04<br \/>\nEKC-Z \/ 5.04 &#8211; 12.04<br \/>\nEKC-Z 12,5 \/ 16 \/ 2.95 &#8211; 12.99<\/div>\n<div class=\"font12\">EKD 10-20 \/ 5.95 &#8211; 12.99<br \/>\nEKD 20 \/ 10.03 &#8211; 12.04<\/div>\n<div class=\"font12\">EKE 20 \/ 1.91 &#8211; 4.94<br \/>\nEKE 20 \/ 5.94 &#8211; 5.97<br \/>\nEKE 20 24V \/ 8.97 &#8211; 5.03<br \/>\nEKE 20 s \/ 8.03 &#8211; 12.04<\/div>\n<div class=\"font12\">ERC 12,5 \/ 7.88 &#8211; 9.94<br \/>\nESC 2 \/ 1.05 &#8211; 7.09<br \/>\nESC 214\/216Z \/ 8.09 &#8211;<br \/>\nESC 316\/316Z \/ 11.07 &#8211;<br \/>\nESC Z \/ 1.05 &#8211; 7.09<\/div>\n<div class=\"font12\">ESD 220 \/ 1.05 &#8211;<\/div>\n<div class=\"font12\">ESE 220 \/ 1.05 &#8211; 1.10<br \/>\nESE 320 \/ 1.05 &#8211; 1.10<\/div>","protected":false},"excerpt":{"rendered":"<p data-start=\"0\" data-end=\"739\"><br data-start=\"4584\" data-end=\"4587\" \/>La Rueda de equilibrio 180\u00d765\/75-25 Stellana es una rueda de alta calidad fabricada con material Stellana, dise\u00f1ada para montacargas y apiladores. Su alta resistencia al desgaste y durabilidad garantizan la estabilidad de la m\u00e1quina para un movimiento seguro y estable. Su construcci\u00f3n resistente a impactos asegura una larga vida \u00fatil incluso en condiciones de trabajo dif\u00edciles. Una pieza de repuesto ideal para operadores de montacargas.<br data-start=\"5027\" data-end=\"5030\" \/><strong data-start=\"5030\" data-end=\"5050\">Caracter\u00edsticas:<\/strong><br data-start=\"5050\" data-end=\"5053\" \/><strong data-start=\"5053\" data-end=\"5077\">Nombre del producto:<\/strong> Rueda de equilibrio 180\u00d765\/75-25 Stellana<br data-start=\"5119\" data-end=\"5122\" \/><strong data-start=\"5122\" data-end=\"5142\">C\u00f3digo de pieza:<\/strong> 51367028, 27637400<br data-start=\"5161\" data-end=\"5164\" \/><strong data-start=\"5164\" data-end=\"5177\">Material:<\/strong> Stellana, alta resistencia al desgaste y durabilidad<br data-start=\"5230\" data-end=\"5233\" \/><strong data-start=\"5233\" data-end=\"5256\">\u00c1rea de aplicaci\u00f3n:<\/strong> Montacargas y apiladores<br data-start=\"5281\" data-end=\"5284\" \/><strong data-start=\"5284\" data-end=\"5296\">Ventaja:<\/strong> Alta durabilidad, excelente estabilidad, larga vida \u00fatil, resistencia a impactos<\/p>\n","protected":false},"featured_media":16465,"template":"","meta":[],"product_brand":[],"product_cat":[236,237,417,185],"product_tag":[],"class_list":{"0":"post-10589","1":"product","2":"type-product","3":"status-publish","4":"has-post-thumbnail","6":"product_cat-jungheinrich","7":"product_cat-denge-tekeri-jungheinrich","8":"product_cat-denge-tekeri-stellana","9":"product_cat-denge-tekeri","11":"first","12":"instock","13":"taxable","14":"shipping-taxable","15":"purchasable","16":"product-type-simple"},"_links":{"self":[{"href":"https:\/\/ceoparts.com\/es\/wp-json\/wp\/v2\/product\/10589","targetHints":{"allow":["GET"]}}],"collection":[{"href":"https:\/\/ceoparts.com\/es\/wp-json\/wp\/v2\/product"}],"about":[{"href":"https:\/\/ceoparts.com\/es\/wp-json\/wp\/v2\/types\/product"}],"wp:featuredmedia":[{"embeddable":true,"href":"https:\/\/ceoparts.com\/es\/wp-json\/wp\/v2\/media\/16465"}],"wp:attachment":[{"href":"https:\/\/ceoparts.com\/es\/wp-json\/wp\/v2\/media?parent=10589"}],"wp:term":[{"taxonomy":"product_brand","embeddable":true,"href":"https:\/\/ceoparts.com\/es\/wp-json\/wp\/v2\/product_brand?post=10589"},{"taxonomy":"product_cat","embeddable":true,"href":"https:\/\/ceoparts.com\/es\/wp-json\/wp\/v2\/product_cat?post=10589"},{"taxonomy":"product_tag","embeddable":true,"href":"https:\/\/ceoparts.com\/es\/wp-json\/wp\/v2\/product_tag?post=10589"}],"curies":[{"name":"wp","href":"https:\/\/api.w.org\/{rel}","templated":true}]}}