{"id":10603,"date":"2024-09-19T14:53:58","date_gmt":"2024-09-19T11:53:58","guid":{"rendered":"https:\/\/ceoparts.com\/?post_type=product&#038;p=10603"},"modified":"2026-05-02T18:06:13","modified_gmt":"2026-05-02T15:06:13","slug":"150x81-25-bt-denge-tekeri","status":"publish","type":"product","link":"https:\/\/ceoparts.com\/es\/urun\/150x81-25-bt-denge-tekeri\/","title":{"rendered":"152&#215;86-25 Stellana BT Vulkollan Rueda de equilibrio &#8211; BT 7509579, 210545"},"content":{"rendered":"<p>152&#215;86-25 Stellana BT Vulkollan Rueda de equilibrio &#8211; BT 7509579, 210545<\/p>\n<p>BT 7509579; 210545, 201254, 171204<\/p>\n<p>OL 20<br \/>\nOL 25<\/p>\n<p>OS 1.0<br \/>\nOS 1.8 X OPUS<br \/>\nOS 2.0<br \/>\nOS 2.0 TRINKS<br \/>\nOS 3.0 OPUS<\/p>\n<p>OSE 120<br \/>\nOSE 120 IKEA<br \/>\nOSE 120 P<br \/>\nOSE 180 X<br \/>\nOSE 180 XP<br \/>\nOSE 250<br \/>\nOSE 250 P<\/p>","protected":false},"excerpt":{"rendered":"<p data-start=\"0\" data-end=\"862\"><br data-start=\"5311\" data-end=\"5314\" \/>La Rueda de equilibrio 152\u00d786-25 Stellana BT Vulkollan es una rueda de alta calidad especialmente dise\u00f1ada para montacargas y apiladores BT. Fabricada a partir de una combinaci\u00f3n de materiales Stellana y Vulkollan, esta rueda ofrece una excelente resistencia al desgaste y una gran capacidad de carga. Asegura la estabilidad de la m\u00e1quina para un movimiento seguro y estable. Su dise\u00f1o resistente a impactos garantiza una larga vida \u00fatil incluso en condiciones de trabajo dif\u00edciles. Una pieza de repuesto ideal para usuarios de montacargas BT.<br data-start=\"5857\" data-end=\"5860\" \/><strong data-start=\"5860\" data-end=\"5880\">Caracter\u00edsticas:<\/strong><br data-start=\"5880\" data-end=\"5883\" \/><strong data-start=\"5883\" data-end=\"5907\">Nombre del producto:<\/strong> Rueda de equilibrio 152\u00d786-25 Stellana BT Vulkollan<br data-start=\"5959\" data-end=\"5962\" \/><strong data-start=\"5962\" data-end=\"5982\">C\u00f3digo de pieza:<\/strong> BT 7509579, 210545<br data-start=\"6001\" data-end=\"6004\" \/><strong data-start=\"6004\" data-end=\"6017\">Material:<\/strong> Stellana y Vulkollan, alta resistencia al desgaste y durabilidad<br data-start=\"6082\" data-end=\"6085\" \/><strong data-start=\"6085\" data-end=\"6108\">\u00c1rea de aplicaci\u00f3n:<\/strong> Montacargas y apiladores BT<br data-start=\"6136\" data-end=\"6139\" \/><strong data-start=\"6139\" data-end=\"6151\">Ventaja:<\/strong> Alta durabilidad, excelente estabilidad, larga vida \u00fatil, resistencia a impactos<\/p>\n","protected":false},"featured_media":16459,"template":"","meta":[],"product_brand":[],"product_cat":[251,252,416,417,185],"product_tag":[],"class_list":{"0":"post-10603","1":"product","2":"type-product","3":"status-publish","4":"has-post-thumbnail","6":"product_cat-bt","7":"product_cat-denge-tekeri-bt","8":"product_cat-stellana","9":"product_cat-denge-tekeri-stellana","10":"product_cat-denge-tekeri","12":"first","13":"instock","14":"taxable","15":"shipping-taxable","16":"purchasable","17":"product-type-simple"},"_links":{"self":[{"href":"https:\/\/ceoparts.com\/es\/wp-json\/wp\/v2\/product\/10603","targetHints":{"allow":["GET"]}}],"collection":[{"href":"https:\/\/ceoparts.com\/es\/wp-json\/wp\/v2\/product"}],"about":[{"href":"https:\/\/ceoparts.com\/es\/wp-json\/wp\/v2\/types\/product"}],"wp:featuredmedia":[{"embeddable":true,"href":"https:\/\/ceoparts.com\/es\/wp-json\/wp\/v2\/media\/16459"}],"wp:attachment":[{"href":"https:\/\/ceoparts.com\/es\/wp-json\/wp\/v2\/media?parent=10603"}],"wp:term":[{"taxonomy":"product_brand","embeddable":true,"href":"https:\/\/ceoparts.com\/es\/wp-json\/wp\/v2\/product_brand?post=10603"},{"taxonomy":"product_cat","embeddable":true,"href":"https:\/\/ceoparts.com\/es\/wp-json\/wp\/v2\/product_cat?post=10603"},{"taxonomy":"product_tag","embeddable":true,"href":"https:\/\/ceoparts.com\/es\/wp-json\/wp\/v2\/product_tag?post=10603"}],"curies":[{"name":"wp","href":"https:\/\/api.w.org\/{rel}","templated":true}]}}